{"id":397,"date":"2022-04-14T18:21:48","date_gmt":"2022-04-15T00:21:48","guid":{"rendered":"https:\/\/wboxinteractive.com\/mce\/grupohyr\/calculo-salario-el-salvador\/"},"modified":"2022-04-15T22:40:35","modified_gmt":"2022-04-16T04:40:35","slug":"calculo-salario-el-salvador","status":"publish","type":"page","link":"https:\/\/grupohyr.com\/zh-hans\/calculo-salario-el-salvador\/","title":{"rendered":"\u8428\u5c14\u74e6\u591a\u7684\u5de5\u8d44\u8ba1\u7b97\u5668"},"content":{"rendered":"<p>[et_pb_section fb_built=&#8221;1&#8243; _builder_version=&#8221;4.17.0&#8243; _module_preset=&#8221;default&#8221; global_colors_info=&#8221;{}&#8221;][et_pb_row _builder_version=&#8221;4.17.0&#8243; _module_preset=&#8221;default&#8221; global_colors_info=&#8221;{}&#8221;][et_pb_column type=&#8221;4_4&#8243; _builder_version=&#8221;4.17.0&#8243; _module_preset=&#8221;default&#8221; global_colors_info=&#8221;{}&#8221;][et_pb_post_title meta=&#8221;off&#8221; featured_image=&#8221;off&#8221; _builder_version=&#8221;4.17.0&#8243; _module_preset=&#8221;default&#8221; global_colors_info=&#8221;{}&#8221;][\/et_pb_post_title][et_pb_code _builder_version=&#8221;4.17.0&#8243; _module_preset=&#8221;default&#8221; global_colors_info=&#8221;{}&#8221;]<!-- [et_pb_line_break_holder] -->\t<script type=\"text\/javascript\"><!-- [et_pb_line_break_holder] -->\tfunction calcularSalario(){<!-- [et_pb_line_break_holder] -->  var sueldo=document.calculo.ingreso.value;<!-- [et_pb_line_break_holder] -->  var sbruto=sueldo-(Math.round(sueldo*0.725*10)\/100)-(Math.round(sueldo*0.03*100)\/100);<!-- [et_pb_line_break_holder] -->  var afp=Math.round(sueldo*0.725*10)\/100;<!-- [et_pb_line_break_holder] -->  var iss=Math.round(sueldo*0.03*100)\/100;<!-- [et_pb_line_break_holder] -->  var cf1=17.67;<!-- [et_pb_line_break_holder] -->  var cf2=60.00;<!-- [et_pb_line_break_holder] -->  var cf3=288.57;<!-- [et_pb_line_break_holder] -->  var exc1=472.01;<!-- [et_pb_line_break_holder] -->  var exc2=895.25;<!-- [et_pb_line_break_holder] -->  var exc3=2038.11;<!-- [et_pb_line_break_holder] --><!-- [et_pb_line_break_holder] -->  if(sueldo<0){<!-- [et_pb_line_break_holder] -->    document.calculo.sneto.value=\"Datos incorrectos\";<!-- [et_pb_line_break_holder] -->  }<!-- [et_pb_line_break_holder] -->  else if(sbruto<exc1){<!-- [et_pb_line_break_holder] -->    var sneto=sbruto;<!-- [et_pb_line_break_holder] -->    document.calculo.salario.value=\"$\"+Math.round(sbruto*100)\/100;<!-- [et_pb_line_break_holder] -->    document.calculo.descafp.value=\"$\"+afp;<!-- [et_pb_line_break_holder] -->    document.calculo.desciss.value=\"$\"+iss;<!-- [et_pb_line_break_holder] -->    document.calculo.descrenta.value=\"No pagas renta\";<!-- [et_pb_line_break_holder] -->    document.calculo.sneto.value=\"$ \"+Math.round(sneto*100)\/100;<!-- [et_pb_line_break_holder] -->    document.calculo.quincenal.value=\"$ \"+Math.round(sneto\/2*100)\/100;<!-- [et_pb_line_break_holder] -->  }<!-- [et_pb_line_break_holder] -->  else if(sbruto>=exc1&&sbruto<exc2){<!-- [et_pb_line_break_holder] -->    sbruto=sbruto;<!-- [et_pb_line_break_holder] -->    var renta=Math.round((sbruto-exc1)*0.1*100)\/100;<!-- [et_pb_line_break_holder] -->    var sneto=sbruto-renta-cf1;<!-- [et_pb_line_break_holder] -->    document.calculo.salario.value=\"$ \"+Math.round(sbruto*100)\/100;<!-- [et_pb_line_break_holder] -->    document.calculo.descafp.value=\"$ \"+afp;<!-- [et_pb_line_break_holder] -->    document.calculo.desciss.value=\"$ \"+iss;<!-- [et_pb_line_break_holder] -->    document.calculo.descrenta.value=\"$ \"+Math.round((renta+cf1)*100)\/100;<!-- [et_pb_line_break_holder] -->    document.calculo.sneto.value=\"$ \"+Math.round(sneto*100)\/100;<!-- [et_pb_line_break_holder] -->    document.calculo.quincenal.value=\"$ \"+Math.round(sneto\/2*100)\/100;<!-- [et_pb_line_break_holder] -->  }<!-- [et_pb_line_break_holder] -->  else if(sbruto>=exc2&&sbruto<exc3){<!-- [et_pb_line_break_holder] -->    if((sbruto+afp)>=1000){<!-- [et_pb_line_break_holder] -->      iss=30.00;<!-- [et_pb_line_break_holder] -->    }<!-- [et_pb_line_break_holder] -->    sbruto=sbruto;<!-- [et_pb_line_break_holder] -->    var renta=Math.round((sbruto-exc2)*0.2*100)\/100;<!-- [et_pb_line_break_holder] -->    var sneto=sbruto-renta-cf2;<!-- [et_pb_line_break_holder] -->    document.calculo.salario.value=\"$ \"+Math.round(sbruto*100)\/100;<!-- [et_pb_line_break_holder] -->    document.calculo.descafp.value=\"$ \"+afp;<!-- [et_pb_line_break_holder] -->    document.calculo.desciss.value=\"$ \"+iss;<!-- [et_pb_line_break_holder] -->    document.calculo.descrenta.value=\"$ \"+Math.round((renta+cf2)*100)\/100;<!-- [et_pb_line_break_holder] -->    document.calculo.sneto.value=\"$ \"+Math.round(sneto*100)\/100;<!-- [et_pb_line_break_holder] -->    document.calculo.quincenal.value=\"$ \"+Math.round(sneto\/2*100)\/100;<!-- [et_pb_line_break_holder] -->  }<!-- [et_pb_line_break_holder] -->  else if(sbruto>=exc3){<!-- [et_pb_line_break_holder] -->    if((sbruto+afp)>=1000){<!-- [et_pb_line_break_holder] -->      iss=30.00;<!-- [et_pb_line_break_holder] -->    }<!-- [et_pb_line_break_holder] -->    if((sbruto+afp)>=6377.15){<!-- [et_pb_line_break_holder] -->      afp=398.57;<!-- [et_pb_line_break_holder] -->    }<!-- [et_pb_line_break_holder] -->    sbruto=sbruto;<!-- [et_pb_line_break_holder] -->    var renta=Math.round((sbruto-exc3)*0.3*100)\/100;<!-- [et_pb_line_break_holder] -->    var sneto=sbruto-renta-cf3;<!-- [et_pb_line_break_holder] -->    document.calculo.salario.value=\"$ \"+Math.round(sbruto*100)\/100;<!-- [et_pb_line_break_holder] -->    document.calculo.descafp.value=\"$ \"+afp;<!-- [et_pb_line_break_holder] -->    document.calculo.desciss.value=\"$ \"+iss;<!-- [et_pb_line_break_holder] -->    document.calculo.descrenta.value=\"$ \"+Math.round((renta+cf3)*100)\/100;<!-- [et_pb_line_break_holder] -->    document.calculo.sneto.value=\"$ \"+Math.round(sneto*100)\/100;<!-- [et_pb_line_break_holder] -->    document.calculo.quincenal.value=\"$ \"+Math.round(sneto\/2*100)\/100;<!-- [et_pb_line_break_holder] -->  }<!-- [et_pb_line_break_holder] -->  else{<!-- [et_pb_line_break_holder] -->    document.calculo.ingreso.value=\"Ingresa solamente numeros\";<!-- [et_pb_line_break_holder] -->  }<!-- [et_pb_line_break_holder] -->};function validateEnter(e){<!-- [et_pb_line_break_holder] -->  var key=e.keyCode||e.which;<!-- [et_pb_line_break_holder] -->  if(key==13){<!-- [et_pb_line_break_holder] -->    return true;<!-- [et_pb_line_break_holder] -->  }<!-- [et_pb_line_break_holder] -->  else{<!-- [et_pb_line_break_holder] -->    return false;<!-- [et_pb_line_break_holder] -->  }<!-- [et_pb_line_break_holder] -->}<!-- [et_pb_line_break_holder] --><!-- [et_pb_line_break_holder] -->\t<\/script><!-- [et_pb_line_break_holder] -->       \t\t<\/p>\n<form name=\"calculo\"><!-- [et_pb_line_break_holder] -->              <\/p>\n<table class=\"calculo\" align=\"center\" border=\"0\" ><!-- [et_pb_line_break_holder] -->                <\/p>\n<tr><!-- [et_pb_line_break_holder] -->                  <\/p>\n<td class=\"mytd\">Ingresa tu salario:<\/td>\n<p><!-- [et_pb_line_break_holder] -->                  <\/p>\n<td><input autofocus onChange=\"calcularSalario();\" type=\"text\" name=\"ingreso\" class=\"entrada1\"><\/td>\n<p><!-- [et_pb_line_break_holder] -->                <\/tr>\n<p><!-- [et_pb_line_break_holder] -->                <\/p>\n<tr><!-- [et_pb_line_break_holder] -->                  <\/p>\n<td>Descuento de AFP:<\/td>\n<p><!-- [et_pb_line_break_holder] -->                  <\/p>\n<td><input class=\"entrada\" name=\"descafp\" type=\"text\" disabled=\"disabled\"><\/td>\n<p><!-- [et_pb_line_break_holder] -->                <\/tr>\n<p><!-- [et_pb_line_break_holder] -->                  <\/p>\n<tr><!-- [et_pb_line_break_holder] -->                  <\/p>\n<td>Salario menos ISSS y AFP:<\/td>\n<p><!-- [et_pb_line_break_holder] -->                  <\/p>\n<td><input class=\"entrada\" name=\"salario\" type=\"text\" disabled=\"disabled\" onFocus=\"Ingresa tu sueldo\"><\/td>\n<p><!-- [et_pb_line_break_holder] -->                <\/tr>\n<p><!-- [et_pb_line_break_holder] -->                <\/p>\n<tr><!-- [et_pb_line_break_holder] -->                  <\/p>\n<td>Descuento de ISSS:<\/td>\n<p><!-- [et_pb_line_break_holder] -->                  <\/p>\n<td><input class=\"entrada\" name=\"desciss\" type=\"text\" disabled=\"disabled\"><\/td>\n<p><!-- [et_pb_line_break_holder] -->                <\/tr>\n<p><!-- [et_pb_line_break_holder] -->                <\/p>\n<tr><!-- [et_pb_line_break_holder] -->                  <\/p>\n<td>Descuento de renta:<\/td>\n<p><!-- [et_pb_line_break_holder] -->                  <\/p>\n<td><input class=\"entrada\" name=\"descrenta\" type=\"text\" disabled=\"disabled\"><\/td>\n<p><!-- [et_pb_line_break_holder] -->                <\/tr>\n<p><!-- [et_pb_line_break_holder] -->                <\/p>\n<tr><!-- [et_pb_line_break_holder] -->                  <\/p>\n<td>Sueldo neto mensual:<\/td>\n<p><!-- [et_pb_line_break_holder] -->                  <\/p>\n<td><input name=\"sneto\" type=\"text\" disabled=\"disabled\" class=\"entrada\" ><\/td>\n<p><!-- [et_pb_line_break_holder] -->                <\/tr>\n<p><!-- [et_pb_line_break_holder] -->                <\/p>\n<tr><!-- [et_pb_line_break_holder] -->                  <\/p>\n<td>Sueldo neto quincenal:<\/td>\n<p><!-- [et_pb_line_break_holder] -->                  <\/p>\n<td><input name=\"quincenal\" type=\"text\" disabled=\"disabled\" class=\"entrada\" ><\/td>\n<p><!-- [et_pb_line_break_holder] -->                <\/tr>\n<p><!-- [et_pb_line_break_holder] -->                <\/p>\n<tr>\n<td height=\"57\" colspan=\"2\" align=\"center\"><input class=\"boton\" type=\"button\" name=\"Calcular\" value=\"Calcular\" onClick=\"calcularSalario();\"><!-- [et_pb_line_break_holder] -->                <input class=\"boton\" type=\"reset\" name=\"Borrar\" value=\"Borrar\"><\/td>\n<\/tr>\n<p><!-- [et_pb_line_break_holder] -->              <\/table>\n<p><!-- [et_pb_line_break_holder] -->       \t\t<\/form>\n<p><!-- [et_pb_line_break_holder] -->[\/et_pb_code][\/et_pb_column][\/et_pb_row][\/et_pb_section]<\/p>\n","protected":false},"excerpt":{"rendered":"","protected":false},"author":1,"featured_media":0,"parent":0,"menu_order":8,"comment_status":"closed","ping_status":"closed","template":"","meta":{"_et_pb_use_builder":"on","_et_pb_old_content":"","_et_gb_content_width":"","footnotes":""},"class_list":["post-397","page","type-page","status-publish","hentry"],"yoast_head":"<!-- This site is optimized with the Yoast SEO plugin v27.4 - https:\/\/yoast.com\/product\/yoast-seo-wordpress\/ -->\n<title>\u8428\u5c14\u74e6\u591a\u7684\u5de5\u8d44\u8ba1\u7b97\u5668 - Outsourcing en El Salvador, reclutamiento y selecci\u00f3n de personal<\/title>\n<meta name=\"robots\" content=\"index, follow, max-snippet:-1, max-image-preview:large, max-video-preview:-1\" \/>\n<link rel=\"canonical\" href=\"https:\/\/grupohyr.com\/zh-hans\/calculo-salario-el-salvador\/\" \/>\n<meta property=\"og:locale\" content=\"zh_CN\" \/>\n<meta property=\"og:type\" content=\"article\" \/>\n<meta property=\"og:title\" content=\"\u8428\u5c14\u74e6\u591a\u7684\u5de5\u8d44\u8ba1\u7b97\u5668 - Outsourcing en El Salvador, reclutamiento y selecci\u00f3n de personal\" \/>\n<meta property=\"og:url\" content=\"https:\/\/grupohyr.com\/zh-hans\/calculo-salario-el-salvador\/\" \/>\n<meta property=\"og:site_name\" content=\"Outsourcing en El Salvador, reclutamiento y selecci\u00f3n de personal\" \/>\n<meta property=\"article:modified_time\" content=\"2022-04-16T04:40:35+00:00\" \/>\n<meta name=\"twitter:card\" content=\"summary_large_image\" \/>\n<meta name=\"twitter:label1\" content=\"\u9884\u8ba1\u9605\u8bfb\u65f6\u95f4\" \/>\n\t<meta name=\"twitter:data1\" content=\"1 \u5206\" \/>\n<script type=\"application\/ld+json\" class=\"yoast-schema-graph\">{\"@context\":\"https:\\\/\\\/schema.org\",\"@graph\":[{\"@type\":\"WebPage\",\"@id\":\"https:\\\/\\\/grupohyr.com\\\/zh-hans\\\/calculo-salario-el-salvador\\\/\",\"url\":\"https:\\\/\\\/grupohyr.com\\\/zh-hans\\\/calculo-salario-el-salvador\\\/\",\"name\":\"\u8428\u5c14\u74e6\u591a\u7684\u5de5\u8d44\u8ba1\u7b97\u5668 - Outsourcing en El Salvador, reclutamiento y selecci\u00f3n de personal\",\"isPartOf\":{\"@id\":\"https:\\\/\\\/grupohyr.com\\\/zh-hans\\\/#website\"},\"datePublished\":\"2022-04-15T00:21:48+00:00\",\"dateModified\":\"2022-04-16T04:40:35+00:00\",\"breadcrumb\":{\"@id\":\"https:\\\/\\\/grupohyr.com\\\/zh-hans\\\/calculo-salario-el-salvador\\\/#breadcrumb\"},\"inLanguage\":\"zh-Hans\",\"potentialAction\":[{\"@type\":\"ReadAction\",\"target\":[\"https:\\\/\\\/grupohyr.com\\\/zh-hans\\\/calculo-salario-el-salvador\\\/\"]}]},{\"@type\":\"BreadcrumbList\",\"@id\":\"https:\\\/\\\/grupohyr.com\\\/zh-hans\\\/calculo-salario-el-salvador\\\/#breadcrumb\",\"itemListElement\":[{\"@type\":\"ListItem\",\"position\":1,\"name\":\"Portada\",\"item\":\"https:\\\/\\\/grupohyr.com\\\/zh-hans\\\/\"},{\"@type\":\"ListItem\",\"position\":2,\"name\":\"\u8428\u5c14\u74e6\u591a\u7684\u5de5\u8d44\u8ba1\u7b97\u5668\"}]},{\"@type\":\"WebSite\",\"@id\":\"https:\\\/\\\/grupohyr.com\\\/zh-hans\\\/#website\",\"url\":\"https:\\\/\\\/grupohyr.com\\\/zh-hans\\\/\",\"name\":\"Outsourcing en El Salvador, reclutamiento y selecci\u00f3n de personal\",\"description\":\"Outsourcing en El Salvador, somos especialistas en b\u00fasqueda, selecci\u00f3n, reclutamiento,  preselecci\u00f3n de personal y recursos humanos en El Salvador\",\"potentialAction\":[{\"@type\":\"SearchAction\",\"target\":{\"@type\":\"EntryPoint\",\"urlTemplate\":\"https:\\\/\\\/grupohyr.com\\\/zh-hans\\\/?s={search_term_string}\"},\"query-input\":{\"@type\":\"PropertyValueSpecification\",\"valueRequired\":true,\"valueName\":\"search_term_string\"}}],\"inLanguage\":\"zh-Hans\"}]}<\/script>\n<!-- \/ Yoast SEO plugin. -->","yoast_head_json":{"title":"\u8428\u5c14\u74e6\u591a\u7684\u5de5\u8d44\u8ba1\u7b97\u5668 - Outsourcing en El Salvador, reclutamiento y selecci\u00f3n de personal","robots":{"index":"index","follow":"follow","max-snippet":"max-snippet:-1","max-image-preview":"max-image-preview:large","max-video-preview":"max-video-preview:-1"},"canonical":"https:\/\/grupohyr.com\/zh-hans\/calculo-salario-el-salvador\/","og_locale":"zh_CN","og_type":"article","og_title":"\u8428\u5c14\u74e6\u591a\u7684\u5de5\u8d44\u8ba1\u7b97\u5668 - Outsourcing en El Salvador, reclutamiento y selecci\u00f3n de personal","og_url":"https:\/\/grupohyr.com\/zh-hans\/calculo-salario-el-salvador\/","og_site_name":"Outsourcing en El Salvador, reclutamiento y selecci\u00f3n de personal","article_modified_time":"2022-04-16T04:40:35+00:00","twitter_card":"summary_large_image","twitter_misc":{"\u9884\u8ba1\u9605\u8bfb\u65f6\u95f4":"1 \u5206"},"schema":{"@context":"https:\/\/schema.org","@graph":[{"@type":"WebPage","@id":"https:\/\/grupohyr.com\/zh-hans\/calculo-salario-el-salvador\/","url":"https:\/\/grupohyr.com\/zh-hans\/calculo-salario-el-salvador\/","name":"\u8428\u5c14\u74e6\u591a\u7684\u5de5\u8d44\u8ba1\u7b97\u5668 - Outsourcing en El Salvador, reclutamiento y selecci\u00f3n de personal","isPartOf":{"@id":"https:\/\/grupohyr.com\/zh-hans\/#website"},"datePublished":"2022-04-15T00:21:48+00:00","dateModified":"2022-04-16T04:40:35+00:00","breadcrumb":{"@id":"https:\/\/grupohyr.com\/zh-hans\/calculo-salario-el-salvador\/#breadcrumb"},"inLanguage":"zh-Hans","potentialAction":[{"@type":"ReadAction","target":["https:\/\/grupohyr.com\/zh-hans\/calculo-salario-el-salvador\/"]}]},{"@type":"BreadcrumbList","@id":"https:\/\/grupohyr.com\/zh-hans\/calculo-salario-el-salvador\/#breadcrumb","itemListElement":[{"@type":"ListItem","position":1,"name":"Portada","item":"https:\/\/grupohyr.com\/zh-hans\/"},{"@type":"ListItem","position":2,"name":"\u8428\u5c14\u74e6\u591a\u7684\u5de5\u8d44\u8ba1\u7b97\u5668"}]},{"@type":"WebSite","@id":"https:\/\/grupohyr.com\/zh-hans\/#website","url":"https:\/\/grupohyr.com\/zh-hans\/","name":"Outsourcing en El Salvador, reclutamiento y selecci\u00f3n de personal","description":"Outsourcing en El Salvador, somos especialistas en b\u00fasqueda, selecci\u00f3n, reclutamiento,  preselecci\u00f3n de personal y recursos humanos en El Salvador","potentialAction":[{"@type":"SearchAction","target":{"@type":"EntryPoint","urlTemplate":"https:\/\/grupohyr.com\/zh-hans\/?s={search_term_string}"},"query-input":{"@type":"PropertyValueSpecification","valueRequired":true,"valueName":"search_term_string"}}],"inLanguage":"zh-Hans"}]}},"_links":{"self":[{"href":"https:\/\/grupohyr.com\/zh-hans\/wp-json\/wp\/v2\/pages\/397","targetHints":{"allow":["GET"]}}],"collection":[{"href":"https:\/\/grupohyr.com\/zh-hans\/wp-json\/wp\/v2\/pages"}],"about":[{"href":"https:\/\/grupohyr.com\/zh-hans\/wp-json\/wp\/v2\/types\/page"}],"author":[{"embeddable":true,"href":"https:\/\/grupohyr.com\/zh-hans\/wp-json\/wp\/v2\/users\/1"}],"replies":[{"embeddable":true,"href":"https:\/\/grupohyr.com\/zh-hans\/wp-json\/wp\/v2\/comments?post=397"}],"version-history":[{"count":2,"href":"https:\/\/grupohyr.com\/zh-hans\/wp-json\/wp\/v2\/pages\/397\/revisions"}],"predecessor-version":[{"id":400,"href":"https:\/\/grupohyr.com\/zh-hans\/wp-json\/wp\/v2\/pages\/397\/revisions\/400"}],"wp:attachment":[{"href":"https:\/\/grupohyr.com\/zh-hans\/wp-json\/wp\/v2\/media?parent=397"}],"curies":[{"name":"wp","href":"https:\/\/api.w.org\/{rel}","templated":true}]}}