{"id":333,"date":"2022-04-14T18:21:48","date_gmt":"2022-04-15T00:21:48","guid":{"rendered":"https:\/\/wboxinteractive.com\/mce\/grupohyr\/pasos-para-crear-un-curriculum\/"},"modified":"2022-04-15T22:15:55","modified_gmt":"2022-04-16T04:15:55","slug":"pasos-para-crear-un-curriculum","status":"publish","type":"page","link":"https:\/\/grupohyr.com\/zh-hans\/pasos-para-crear-un-curriculum\/","title":{"rendered":"\u6b65\u9a5f\u4f86\u5275\u5efa\u4e00\u500b\u597d\u7684\u7c21\u6b77"},"content":{"rendered":"<p>[et_pb_section fb_built=&#8221;1&#8243; specialty=&#8221;on&#8221; _builder_version=&#8221;4.17.0&#8243; _module_preset=&#8221;default&#8221; background_color=&#8221;#1A629D&#8221; global_colors_info=&#8221;{}&#8221;][et_pb_column type=&#8221;2_3&#8243; specialty_columns=&#8221;2&#8243; _builder_version=&#8221;4.16&#8243; custom_padding=&#8221;|||&#8221; global_colors_info=&#8221;{}&#8221; custom_padding__hover=&#8221;|||&#8221;][et_pb_row_inner _builder_version=&#8221;4.17.0&#8243; _module_preset=&#8221;default&#8221; background_color=&#8221;#FFFFFF&#8221; custom_padding=&#8221;35px|35px|35px|35px|true|true&#8221; global_colors_info=&#8221;{}&#8221;][et_pb_column_inner saved_specialty_column_type=&#8221;2_3&#8243; _builder_version=&#8221;4.17.0&#8243; _module_preset=&#8221;default&#8221; global_colors_info=&#8221;{}&#8221;][et_pb_text _builder_version=&#8221;4.17.0&#8243; _module_preset=&#8221;default&#8221; global_colors_info=&#8221;{}&#8221;]<\/p>\n<h1>\u5275\u9020\u4e00\u500b\u826f\u597d\u7684\u7c21\u6b77\u7684\u6b65\u9a5f\uff1a<\/h1>\n<p>1) \u8981\u7c21\u660e\u627c\u8981\uff0c\u76f4\u63a5\u3002\u4f60\u7684\u7c21\u6b77\uff0c\u6700\u591a\u4e0d\u61c9\u8d85\u904e\u4e00\u6216\u5169\u9801\u3002<\/p>\n<p>2) \u7528\u4e00\u5f35\u767d\u7d19\u6216\u8457\u8272\uff0c\u5728\u4fe1\u7684\u683c\u5f0f\u548c\u8cea\u91cf.<\/p>\n<p>3) \u5beb\u5728\u6e05\u6670\u53ca\u65b9\u4fbf\u8b80\u6578\u9593\u9694.<\/p>\n<p>4) \u4e0d\u8981\u5beb\u5b83\u7684\u624b\uff0c\u9664\u975e\u516c\u53f8\u8981\u6c42\u3002\u512a\u9078\u5730\u5beb\u5728\u8a08\u7b97\u6a5f\u4e2d.<\/p>\n<p>5) \u907f\u514d\u88dd\u98fe\uff0c\u4e0d\u8981\u6feb\u7528\u984f\u8272\u3002\u4f7f\u7528\u5927\u81bd\u548c\u9818\u5c0e\u66f4\u6e05\u6670\u3002<\/p>\n<p>6) \u5c0a\u91cd\u908a\u8ddd\uff0c\u6bb5\u843d\u4e4b\u9593\u7559\u51fa\u7a7a\u9593\uff0c\u4e26\u5beb\u5728\u9801\u9762\u4e00\u5074<\/p>\n<p>7) \u907f\u514d\u62fc\u5beb\u932f\u8aa4\u3002\u64e0\u58d3\u4f60\u7684\u8ca1\u5bcc\u53e3\u982d\uff0c\u4f7f\u7528\u540c\u7fa9\u8a5e\u548c\u907f\u514d\u91cd\u8907\u3002<\/p>\n<p>8) \u8981\u8aa0\u5be6\uff0c\u5c55\u73fe\u4f60\u6700\u597d\u7684\u6280\u80fd\uff0c\u5c55\u793a\u4f60\u7684\u6210\u5c31\u548c\u5931\u6557\u7684\u599d\uff0c\u4f46\u4e0d\u767c\u660e.<\/p>\n<p>9 ) \u9644\u52a0\u7684\u7167\u7247\u5fc5\u9808\u662f\u8fd1\u671f\u7684\u8b77\u7167\u5927\u5c0f\u3002\u662f\u512a\u9078\u7684\u5f69\u8272\u3002<\/p>\n<p>10 )\u51fa\u552e\u81ea\u5df1\u6700\u597d\u7684\uff0c\u4f46\u7c21\u55ae\u5730\u8aaa\uff0c\u5177\u9ad4\u7684\u548c\u7c21\u55ae\u7684\u3002<\/p>\n<p>\u4f60\u61c9\u8a72\u907f\u514d\uff1a<br \/>\u4e0d\u8981\u5beb\u5728\u4e0a\u9762\u7684\u6a19\u984c\u662f\u201c\u5c65\u6b77\u201d\uff0c\u9019\u500b\u4fe1\u606f\u662f\u5df2\u77e5\u7684\u3002\u5b83\u662f\u66f4\u597d\u7684\u9818\u5c0e\u7c21\u6b77\u5728\u4e00\u500b\u7a0d\u5927\u7684\u8eab\u9ad4\uff0c\u60a8\u7684\u59d3\u540d\uff0c\u60a8\u7684\u500b\u4eba\u8cc7\u6599.<\/p>\n<p>\u81ea\u5df1\u5b9a\u7fa9\u5728\u4e00\u500b\u660e\u78ba\u7684\uff0c\u6709\u7d44\u7e54\u7684\u548c\u7c21\u6f54\u3002\u592a\u7121\u804a\u7684\u89e3\u91cb\uff0c\u4f60\u5fc5\u9808\u8058\u8acb\u3002 \u6c92\u6709\u85aa\u91d1\u6307\u5b9a\u6216\u5728\u8ab2\u7a0b\u7684\u7d93\u6fdf\u76ee\u6a19\u3002\u6703\u6709\u6642\u9593\u3002<\/p>\n<p>\u4f7f\u7528\u6a19\u6e96\u6c92\u6709\u6280\u8853\u7684\u8a71\uff0c\u98df\u53e4\u4e0d\u5316\u6216\u82b1\u54e8\uff0c\u4f46\u6c92\u6709\u843d\u5165\u53e3\u8a9e\u8a5e\u5f59\u3002<\/p>\n<p>\u9019\u662f\u6c92\u6709\u5fc5\u8981\u7684\uff0c\u5305\u62ec\u7c21\u6b77\uff0c\u9664\u975e\u7279\u5225\u8981\u6c42\u7531\u516c\u53f8\u53c3\u8003\u3002<\/p>\n<p>\u4f60\u4e5f\u4e0d\u9700\u8981\u6210\u7e3e\u55ae\u3002\u4e26\u4e0d\u8868\u793a\u4f60\u5df2\u7d93\u53c3\u52a0\u7814\u8a0e\u6703\u6216\u8ab2\u7a0b\u3002\u8ab2\u7a0b\u7684\u7a7a\u9593\u662f\u975e\u5e38\u6709\u9650\u7684\uff0c\u6240\u4ee5\u8981\u9078\u64c7\u53ea\u986f\u793a\u6700\u91cd\u8981\u7684\u3002<\/p>\n<p>[\/et_pb_text][\/et_pb_column_inner][\/et_pb_row_inner][\/et_pb_column][et_pb_column type=&#8221;1_3&#8243; _builder_version=&#8221;4.16&#8243; custom_padding=&#8221;|||&#8221; global_colors_info=&#8221;{}&#8221; custom_padding__hover=&#8221;|||&#8221;][et_pb_contact_form use_spam_service=&#8221;on&#8221; recaptcha_list=&#8221;Default|Default-0&#8243; email=&#8221;info@mercadeocorporativoempresarial.com&#8221; title=&#8221;\u8054\u7cfb\u6211\u4eec&#8221; custom_message=&#8221;Nombre: %%Nombre%%||et_pb_line_break_holder||Tel\u00e9fono de Contacto: %%Telefono%%||et_pb_line_break_holder||Correo Electr\u00f3nico: %%Email%%||et_pb_line_break_holder||||et_pb_line_break_holder||Mensaje:||et_pb_line_break_holder||%%Mensaje%%&#8221; _builder_version=&#8221;4.17.0&#8243; _module_preset=&#8221;default&#8221; _unique_id=&#8221;2d134714-0e47-4d7d-b607-04c61c69380f&#8221; form_field_background_color=&#8221;#003569&#8243; form_field_text_color=&#8221;#FFFFFF&#8221; form_field_focus_background_color=&#8221;#333333&#8243; form_field_focus_text_color=&#8221;#FFFFFF&#8221; title_text_color=&#8221;#FFFFFF&#8221; captcha_text_color=&#8221;#FFFFFF&#8221; custom_button=&#8221;on&#8221; button_text_color=&#8221;#FFFFFF&#8221; button_bg_color=&#8221;#003569&#8243; custom_margin=&#8221;||84px|||&#8221; global_module=&#8221;143&#8243; saved_tabs=&#8221;all&#8221; global_colors_info=&#8221;{}&#8221;][et_pb_contact_field field_id=&#8221;Nombre&#8221; field_title=&#8221;\u59d3\u540d&#8221; fullwidth_field=&#8221;on&#8221; _builder_version=&#8221;4.17.0&#8243; global_colors_info=&#8221;{}&#8221; button_text_size__hover_enabled=&#8221;off&#8221; button_one_text_size__hover_enabled=&#8221;off&#8221; button_two_text_size__hover_enabled=&#8221;off&#8221; button_text_color__hover_enabled=&#8221;off&#8221; button_one_text_color__hover_enabled=&#8221;off&#8221; button_two_text_color__hover_enabled=&#8221;off&#8221; button_border_width__hover_enabled=&#8221;off&#8221; button_one_border_width__hover_enabled=&#8221;off&#8221; button_two_border_width__hover_enabled=&#8221;off&#8221; button_border_color__hover_enabled=&#8221;off&#8221; button_one_border_color__hover_enabled=&#8221;off&#8221; button_two_border_color__hover_enabled=&#8221;off&#8221; button_border_radius__hover_enabled=&#8221;off&#8221; button_one_border_radius__hover_enabled=&#8221;off&#8221; button_two_border_radius__hover_enabled=&#8221;off&#8221; button_letter_spacing__hover_enabled=&#8221;off&#8221; button_one_letter_spacing__hover_enabled=&#8221;off&#8221; button_two_letter_spacing__hover_enabled=&#8221;off&#8221; button_bg_color__hover_enabled=&#8221;off&#8221; button_one_bg_color__hover_enabled=&#8221;off&#8221; button_two_bg_color__hover_enabled=&#8221;off&#8221;][\/et_pb_contact_field][et_pb_contact_field field_id=&#8221;Telefono&#8221; field_title=&#8221;\u7535\u8bdd&#8221; fullwidth_field=&#8221;on&#8221; _builder_version=&#8221;4.17.0&#8243; global_colors_info=&#8221;{}&#8221; button_text_size__hover_enabled=&#8221;off&#8221; button_one_text_size__hover_enabled=&#8221;off&#8221; button_two_text_size__hover_enabled=&#8221;off&#8221; button_text_color__hover_enabled=&#8221;off&#8221; button_one_text_color__hover_enabled=&#8221;off&#8221; button_two_text_color__hover_enabled=&#8221;off&#8221; button_border_width__hover_enabled=&#8221;off&#8221; button_one_border_width__hover_enabled=&#8221;off&#8221; button_two_border_width__hover_enabled=&#8221;off&#8221; button_border_color__hover_enabled=&#8221;off&#8221; button_one_border_color__hover_enabled=&#8221;off&#8221; button_two_border_color__hover_enabled=&#8221;off&#8221; button_border_radius__hover_enabled=&#8221;off&#8221; button_one_border_radius__hover_enabled=&#8221;off&#8221; button_two_border_radius__hover_enabled=&#8221;off&#8221; button_letter_spacing__hover_enabled=&#8221;off&#8221; button_one_letter_spacing__hover_enabled=&#8221;off&#8221; button_two_letter_spacing__hover_enabled=&#8221;off&#8221; button_bg_color__hover_enabled=&#8221;off&#8221; button_one_bg_color__hover_enabled=&#8221;off&#8221; button_two_bg_color__hover_enabled=&#8221;off&#8221;][\/et_pb_contact_field][et_pb_contact_field field_id=&#8221;Email&#8221; field_title=&#8221;\u7535\u5b50\u90ae\u4ef6&#8221; field_type=&#8221;email&#8221; fullwidth_field=&#8221;on&#8221; _builder_version=&#8221;4.17.0&#8243; global_colors_info=&#8221;{}&#8221; button_text_size__hover_enabled=&#8221;off&#8221; button_one_text_size__hover_enabled=&#8221;off&#8221; button_two_text_size__hover_enabled=&#8221;off&#8221; button_text_color__hover_enabled=&#8221;off&#8221; button_one_text_color__hover_enabled=&#8221;off&#8221; button_two_text_color__hover_enabled=&#8221;off&#8221; button_border_width__hover_enabled=&#8221;off&#8221; button_one_border_width__hover_enabled=&#8221;off&#8221; button_two_border_width__hover_enabled=&#8221;off&#8221; button_border_color__hover_enabled=&#8221;off&#8221; button_one_border_color__hover_enabled=&#8221;off&#8221; button_two_border_color__hover_enabled=&#8221;off&#8221; button_border_radius__hover_enabled=&#8221;off&#8221; button_one_border_radius__hover_enabled=&#8221;off&#8221; button_two_border_radius__hover_enabled=&#8221;off&#8221; button_letter_spacing__hover_enabled=&#8221;off&#8221; button_one_letter_spacing__hover_enabled=&#8221;off&#8221; button_two_letter_spacing__hover_enabled=&#8221;off&#8221; button_bg_color__hover_enabled=&#8221;off&#8221; button_one_bg_color__hover_enabled=&#8221;off&#8221; button_two_bg_color__hover_enabled=&#8221;off&#8221;][\/et_pb_contact_field][et_pb_contact_field field_id=&#8221;Mensaje&#8221; field_title=&#8221;\u4fe1\u606f&#8221; field_type=&#8221;text&#8221; fullwidth_field=&#8221;on&#8221; _builder_version=&#8221;4.17.0&#8243; global_colors_info=&#8221;{}&#8221; button_text_size__hover_enabled=&#8221;off&#8221; button_one_text_size__hover_enabled=&#8221;off&#8221; button_two_text_size__hover_enabled=&#8221;off&#8221; button_text_color__hover_enabled=&#8221;off&#8221; button_one_text_color__hover_enabled=&#8221;off&#8221; button_two_text_color__hover_enabled=&#8221;off&#8221; button_border_width__hover_enabled=&#8221;off&#8221; button_one_border_width__hover_enabled=&#8221;off&#8221; button_two_border_width__hover_enabled=&#8221;off&#8221; button_border_color__hover_enabled=&#8221;off&#8221; button_one_border_color__hover_enabled=&#8221;off&#8221; button_two_border_color__hover_enabled=&#8221;off&#8221; button_border_radius__hover_enabled=&#8221;off&#8221; button_one_border_radius__hover_enabled=&#8221;off&#8221; button_two_border_radius__hover_enabled=&#8221;off&#8221; button_letter_spacing__hover_enabled=&#8221;off&#8221; button_one_letter_spacing__hover_enabled=&#8221;off&#8221; button_two_letter_spacing__hover_enabled=&#8221;off&#8221; button_bg_color__hover_enabled=&#8221;off&#8221; button_one_bg_color__hover_enabled=&#8221;off&#8221; button_two_bg_color__hover_enabled=&#8221;off&#8221;][\/et_pb_contact_field][\/et_pb_contact_form][et_pb_button button_url=&#8221;@ET-DC@eyJkeW5hbWljIjp0cnVlLCJjb250ZW50IjoicG9zdF9saW5rX3VybF9wYWdlIiwic2V0dGluZ3MiOnsicG9zdF9pZCI6IjIyIn19@&#8221; button_text=&#8221;\u53d1\u9001\u6211\u7684\u7b80\u5386&#8221; button_alignment=&#8221;center&#8221; _builder_version=&#8221;4.17.0&#8243; _dynamic_attributes=&#8221;button_url&#8221; _module_preset=&#8221;default&#8221; custom_button=&#8221;on&#8221; button_text_color=&#8221;#003569&#8243; button_bg_color=&#8221;#FFFFFF&#8221; hover_enabled=&#8221;0&#8243; global_colors_info=&#8221;{}&#8221; sticky_enabled=&#8221;0&#8243;][\/et_pb_button][et_pb_slider use_bg_overlay=&#8221;on&#8221; bg_overlay_color=&#8221;rgba(0,0,0,0.34)&#8221; _builder_version=&#8221;4.17.0&#8243; _module_preset=&#8221;default&#8221; custom_padding=&#8221;131px||131px||true|false&#8221; global_module=&#8221;140&#8243; global_colors_info=&#8221;{}&#8221;][et_pb_slide heading=&#8221;\u8428\u5c14\u74e6\u591a\u7684\u4eba\u4e8b\u5916\u5305&#8221; button_link=&#8221;@ET-DC@eyJkeW5hbWljIjp0cnVlLCJjb250ZW50IjoicG9zdF9saW5rX3VybF9wYWdlIiwic2V0dGluZ3MiOnsicG9zdF9pZCI6IjEzIn19@&#8221; _builder_version=&#8221;4.17.0&#8243; _dynamic_attributes=&#8221;button_link,link_option_url&#8221; _module_preset=&#8221;default&#8221; background_color=&#8221;#1A629D&#8221; background_enable_color=&#8221;on&#8221; background_image=&#8221;https:\/\/grupohyr.com\/wp-content\/uploads\/2022\/04\/Outsourcing-de-Personal-El-Salvador.jpeg&#8221; background_enable_image=&#8221;on&#8221; link_option_url=&#8221;@ET-DC@eyJkeW5hbWljIjp0cnVlLCJjb250ZW50IjoicG9zdF9saW5rX3VybF9wYWdlIiwic2V0dGluZ3MiOnsicG9zdF9pZCI6IjEzIn19@&#8221; global_colors_info=&#8221;{}&#8221; sticky_transition=&#8221;on&#8221;][\/et_pb_slide][et_pb_slide heading=&#8221;\u4fc3\u9500\u5458\u548c\u5c55\u793a&#8221; button_link=&#8221;@ET-DC@eyJkeW5hbWljIjp0cnVlLCJjb250ZW50IjoicG9zdF9saW5rX3VybF9wYWdlIiwic2V0dGluZ3MiOnsicG9zdF9pZCI6IjE4In19@&#8221; _builder_version=&#8221;4.17.0&#8243; _dynamic_attributes=&#8221;button_link,link_option_url&#8221; _module_preset=&#8221;default&#8221; background_color=&#8221;#1A629D&#8221; background_enable_color=&#8221;on&#8221; background_image=&#8221;https:\/\/grupohyr.com\/wp-content\/uploads\/2022\/04\/Displays-El-Salvador.jpeg&#8221; background_enable_image=&#8221;on&#8221; link_option_url=&#8221;@ET-DC@eyJkeW5hbWljIjp0cnVlLCJjb250ZW50IjoicG9zdF9saW5rX3VybF9wYWdlIiwic2V0dGluZ3MiOnsicG9zdF9pZCI6IjE4In19@&#8221; global_colors_info=&#8221;{}&#8221; sticky_transition=&#8221;on&#8221;][\/et_pb_slide][et_pb_slide heading=&#8221;\u54c1\u724c\u6fc0\u6d3b&#8221; button_link=&#8221;@ET-DC@eyJkeW5hbWljIjp0cnVlLCJjb250ZW50IjoicG9zdF9saW5rX3VybF9wYWdlIiwic2V0dGluZ3MiOnsicG9zdF9pZCI6IjE5In19@&#8221; _builder_version=&#8221;4.17.0&#8243; _dynamic_attributes=&#8221;button_link,link_option_url&#8221; _module_preset=&#8221;default&#8221; background_color=&#8221;#1A629D&#8221; background_enable_color=&#8221;on&#8221; background_image=&#8221;https:\/\/grupohyr.com\/wp-content\/uploads\/2022\/04\/Promotoras-El-Salvador.jpeg&#8221; background_enable_image=&#8221;on&#8221; link_option_url=&#8221;@ET-DC@eyJkeW5hbWljIjp0cnVlLCJjb250ZW50IjoicG9zdF9saW5rX3VybF9wYWdlIiwic2V0dGluZ3MiOnsicG9zdF9pZCI6IjE5In19@&#8221; global_colors_info=&#8221;{}&#8221; sticky_transition=&#8221;on&#8221;][\/et_pb_slide][et_pb_slide heading=&#8221;\u8428\u5c14\u74e6\u591a\u7684\u4eba\u529b\u8d44\u6e90&#8221; button_link=&#8221;@ET-DC@eyJkeW5hbWljIjp0cnVlLCJjb250ZW50IjoicG9zdF9saW5rX3VybF9wYWdlIiwic2V0dGluZ3MiOnsicG9zdF9pZCI6IjE0In19@&#8221; _builder_version=&#8221;4.17.0&#8243; _dynamic_attributes=&#8221;button_link,link_option_url&#8221; _module_preset=&#8221;default&#8221; background_color=&#8221;#1A629D&#8221; background_enable_color=&#8221;on&#8221; background_image=&#8221;https:\/\/grupohyr.com\/wp-content\/uploads\/2022\/04\/Recursos-Humanos-El-Salvador.jpeg&#8221; background_enable_image=&#8221;on&#8221; link_option_url=&#8221;@ET-DC@eyJkeW5hbWljIjp0cnVlLCJjb250ZW50IjoicG9zdF9saW5rX3VybF9wYWdlIiwic2V0dGluZ3MiOnsicG9zdF9pZCI6IjE0In19@&#8221; global_colors_info=&#8221;{}&#8221; sticky_transition=&#8221;on&#8221;][\/et_pb_slide][et_pb_slide heading=&#8221;\u8428\u5c14\u74e6\u591a\u7684\u5de5\u8d44\u7ba1\u7406&#8221; button_link=&#8221;@ET-DC@eyJkeW5hbWljIjp0cnVlLCJjb250ZW50IjoicG9zdF9saW5rX3VybF9wYWdlIiwic2V0dGluZ3MiOnsicG9zdF9pZCI6IjE1In19@&#8221; _builder_version=&#8221;4.17.0&#8243; _dynamic_attributes=&#8221;button_link,link_option_url&#8221; _module_preset=&#8221;default&#8221; background_color=&#8221;#1A629D&#8221; background_enable_color=&#8221;on&#8221; background_image=&#8221;https:\/\/grupohyr.com\/wp-content\/uploads\/2022\/04\/Payroll-Administration-Services-in-El-Salvador.jpeg&#8221; background_enable_image=&#8221;on&#8221; link_option_url=&#8221;@ET-DC@eyJkeW5hbWljIjp0cnVlLCJjb250ZW50IjoicG9zdF9saW5rX3VybF9wYWdlIiwic2V0dGluZ3MiOnsicG9zdF9pZCI6IjE1In19@&#8221; global_colors_info=&#8221;{}&#8221; sticky_transition=&#8221;on&#8221;][\/et_pb_slide][et_pb_slide heading=&#8221;\u8428\u5c14\u74e6\u591a\u7684\u6e05\u6d01\u670d\u52a1&#8221; button_link=&#8221;@ET-DC@eyJkeW5hbWljIjp0cnVlLCJjb250ZW50IjoicG9zdF9saW5rX3VybF9wYWdlIiwic2V0dGluZ3MiOnsicG9zdF9pZCI6IjE2In19@&#8221; _builder_version=&#8221;4.17.0&#8243; _dynamic_attributes=&#8221;button_link,link_option_url&#8221; _module_preset=&#8221;default&#8221; background_color=&#8221;#1A629D&#8221; background_enable_color=&#8221;on&#8221; background_image=&#8221;https:\/\/grupohyr.com\/wp-content\/uploads\/2022\/04\/shutterstock_678273664.jpeg&#8221; background_enable_image=&#8221;on&#8221; link_option_url=&#8221;@ET-DC@eyJkeW5hbWljIjp0cnVlLCJjb250ZW50IjoicG9zdF9saW5rX3VybF9wYWdlIiwic2V0dGluZ3MiOnsicG9zdF9pZCI6IjE2In19@&#8221; global_colors_info=&#8221;{}&#8221; sticky_transition=&#8221;on&#8221;][\/et_pb_slide][\/et_pb_slider][et_pb_text _builder_version=&#8221;4.17.0&#8243; _module_preset=&#8221;default&#8221; background_layout=&#8221;dark&#8221; custom_margin=&#8221;||22px|||&#8221; hover_enabled=&#8221;0&#8243; global_colors_info=&#8221;{}&#8221; sticky_enabled=&#8221;0&#8243;]<\/p>\n<h2>\u6211\u4eec\u7684\u670d\u52a1\uff1a<\/h2>\n<p>[\/et_pb_text][et_pb_menu menu_id=&#8221;17&#8243; active_link_color=&#8221;#A4D3FE&#8221; _builder_version=&#8221;4.17.0&#8243; _module_preset=&#8221;default&#8221; menu_text_color=&#8221;#FFFFFF&#8221; background_enable_color=&#8221;off&#8221; global_colors_info=&#8221;{}&#8221;][\/et_pb_menu][\/et_pb_column][\/et_pb_section]<\/p>\n","protected":false},"excerpt":{"rendered":"<p>\u8981\u7c21\u660e\u627c\u8981\uff0c\u76f4\u63a5\u3002\u4f60\u7684\u7c21\u6b77\u61c9\u4e0d\u8d85\u904e\u4e00\u6216\u5169\u7247\u8449\u5b50\uff0c\u9802\u591a\uff0c\u5beb\u5728\u4e00\u500b\u6e05\u6670\u53ef\u8fa8<\/p>\n","protected":false},"author":1,"featured_media":0,"parent":0,"menu_order":9,"comment_status":"closed","ping_status":"closed","template":"","meta":{"_et_pb_use_builder":"on","_et_pb_old_content":"","_et_gb_content_width":"","footnotes":""},"class_list":["post-333","page","type-page","status-publish","hentry"],"yoast_head":"<!-- This site is optimized with the Yoast SEO plugin v27.4 - https:\/\/yoast.com\/product\/yoast-seo-wordpress\/ -->\n<title>\u6b65\u9a5f\u4f86\u5275\u5efa\u4e00\u500b\u597d\u7684\u7c21\u6b77<\/title>\n<meta name=\"description\" content=\"\u8981\u7c21\u660e\u627c\u8981\uff0c\u76f4\u63a5\u3002\u4f60\u7684\u7c21\u6b77\u61c9\u4e0d\u8d85\u904e\u4e00\u6216\u5169\u7247\u8449\u5b50\uff0c\u9802\u591a\uff0c\u5beb\u5728\u4e00\u500b\u6e05\u6670\u53ef\u8fa8\" \/>\n<meta name=\"robots\" content=\"index, follow, max-snippet:-1, max-image-preview:large, max-video-preview:-1\" \/>\n<link rel=\"canonical\" href=\"https:\/\/grupohyr.com\/zh-hans\/pasos-para-crear-un-curriculum\/\" \/>\n<meta property=\"og:locale\" content=\"zh_CN\" \/>\n<meta property=\"og:type\" content=\"article\" \/>\n<meta property=\"og:title\" content=\"\u6b65\u9a5f\u4f86\u5275\u5efa\u4e00\u500b\u597d\u7684\u7c21\u6b77\" \/>\n<meta property=\"og:description\" content=\"\u8981\u7c21\u660e\u627c\u8981\uff0c\u76f4\u63a5\u3002\u4f60\u7684\u7c21\u6b77\u61c9\u4e0d\u8d85\u904e\u4e00\u6216\u5169\u7247\u8449\u5b50\uff0c\u9802\u591a\uff0c\u5beb\u5728\u4e00\u500b\u6e05\u6670\u53ef\u8fa8\" \/>\n<meta property=\"og:url\" content=\"https:\/\/grupohyr.com\/zh-hans\/pasos-para-crear-un-curriculum\/\" \/>\n<meta property=\"og:site_name\" content=\"Outsourcing en El Salvador, reclutamiento y selecci\u00f3n de personal\" \/>\n<meta property=\"article:modified_time\" content=\"2022-04-16T04:15:55+00:00\" \/>\n<meta name=\"twitter:card\" content=\"summary_large_image\" \/>\n<meta name=\"twitter:label1\" content=\"\u9884\u8ba1\u9605\u8bfb\u65f6\u95f4\" \/>\n\t<meta name=\"twitter:data1\" content=\"8 \u5206\" \/>\n<script type=\"application\/ld+json\" class=\"yoast-schema-graph\">{\"@context\":\"https:\\\/\\\/schema.org\",\"@graph\":[{\"@type\":\"WebPage\",\"@id\":\"https:\\\/\\\/grupohyr.com\\\/zh-hans\\\/pasos-para-crear-un-curriculum\\\/\",\"url\":\"https:\\\/\\\/grupohyr.com\\\/zh-hans\\\/pasos-para-crear-un-curriculum\\\/\",\"name\":\"\u6b65\u9a5f\u4f86\u5275\u5efa\u4e00\u500b\u597d\u7684\u7c21\u6b77\",\"isPartOf\":{\"@id\":\"https:\\\/\\\/grupohyr.com\\\/zh-hans\\\/#website\"},\"datePublished\":\"2022-04-15T00:21:48+00:00\",\"dateModified\":\"2022-04-16T04:15:55+00:00\",\"description\":\"\u8981\u7c21\u660e\u627c\u8981\uff0c\u76f4\u63a5\u3002\u4f60\u7684\u7c21\u6b77\u61c9\u4e0d\u8d85\u904e\u4e00\u6216\u5169\u7247\u8449\u5b50\uff0c\u9802\u591a\uff0c\u5beb\u5728\u4e00\u500b\u6e05\u6670\u53ef\u8fa8\",\"breadcrumb\":{\"@id\":\"https:\\\/\\\/grupohyr.com\\\/zh-hans\\\/pasos-para-crear-un-curriculum\\\/#breadcrumb\"},\"inLanguage\":\"zh-Hans\",\"potentialAction\":[{\"@type\":\"ReadAction\",\"target\":[\"https:\\\/\\\/grupohyr.com\\\/zh-hans\\\/pasos-para-crear-un-curriculum\\\/\"]}]},{\"@type\":\"BreadcrumbList\",\"@id\":\"https:\\\/\\\/grupohyr.com\\\/zh-hans\\\/pasos-para-crear-un-curriculum\\\/#breadcrumb\",\"itemListElement\":[{\"@type\":\"ListItem\",\"position\":1,\"name\":\"Portada\",\"item\":\"https:\\\/\\\/grupohyr.com\\\/zh-hans\\\/\"},{\"@type\":\"ListItem\",\"position\":2,\"name\":\"\u6b65\u9a5f\u4f86\u5275\u5efa\u4e00\u500b\u597d\u7684\u7c21\u6b77\"}]},{\"@type\":\"WebSite\",\"@id\":\"https:\\\/\\\/grupohyr.com\\\/zh-hans\\\/#website\",\"url\":\"https:\\\/\\\/grupohyr.com\\\/zh-hans\\\/\",\"name\":\"Outsourcing en El Salvador, reclutamiento y selecci\u00f3n de personal\",\"description\":\"Outsourcing en El Salvador, somos especialistas en b\u00fasqueda, selecci\u00f3n, reclutamiento,  preselecci\u00f3n de personal y recursos humanos en El Salvador\",\"potentialAction\":[{\"@type\":\"SearchAction\",\"target\":{\"@type\":\"EntryPoint\",\"urlTemplate\":\"https:\\\/\\\/grupohyr.com\\\/zh-hans\\\/?s={search_term_string}\"},\"query-input\":{\"@type\":\"PropertyValueSpecification\",\"valueRequired\":true,\"valueName\":\"search_term_string\"}}],\"inLanguage\":\"zh-Hans\"}]}<\/script>\n<!-- \/ Yoast SEO plugin. -->","yoast_head_json":{"title":"\u6b65\u9a5f\u4f86\u5275\u5efa\u4e00\u500b\u597d\u7684\u7c21\u6b77","description":"\u8981\u7c21\u660e\u627c\u8981\uff0c\u76f4\u63a5\u3002\u4f60\u7684\u7c21\u6b77\u61c9\u4e0d\u8d85\u904e\u4e00\u6216\u5169\u7247\u8449\u5b50\uff0c\u9802\u591a\uff0c\u5beb\u5728\u4e00\u500b\u6e05\u6670\u53ef\u8fa8","robots":{"index":"index","follow":"follow","max-snippet":"max-snippet:-1","max-image-preview":"max-image-preview:large","max-video-preview":"max-video-preview:-1"},"canonical":"https:\/\/grupohyr.com\/zh-hans\/pasos-para-crear-un-curriculum\/","og_locale":"zh_CN","og_type":"article","og_title":"\u6b65\u9a5f\u4f86\u5275\u5efa\u4e00\u500b\u597d\u7684\u7c21\u6b77","og_description":"\u8981\u7c21\u660e\u627c\u8981\uff0c\u76f4\u63a5\u3002\u4f60\u7684\u7c21\u6b77\u61c9\u4e0d\u8d85\u904e\u4e00\u6216\u5169\u7247\u8449\u5b50\uff0c\u9802\u591a\uff0c\u5beb\u5728\u4e00\u500b\u6e05\u6670\u53ef\u8fa8","og_url":"https:\/\/grupohyr.com\/zh-hans\/pasos-para-crear-un-curriculum\/","og_site_name":"Outsourcing en El Salvador, reclutamiento y selecci\u00f3n de personal","article_modified_time":"2022-04-16T04:15:55+00:00","twitter_card":"summary_large_image","twitter_misc":{"\u9884\u8ba1\u9605\u8bfb\u65f6\u95f4":"8 \u5206"},"schema":{"@context":"https:\/\/schema.org","@graph":[{"@type":"WebPage","@id":"https:\/\/grupohyr.com\/zh-hans\/pasos-para-crear-un-curriculum\/","url":"https:\/\/grupohyr.com\/zh-hans\/pasos-para-crear-un-curriculum\/","name":"\u6b65\u9a5f\u4f86\u5275\u5efa\u4e00\u500b\u597d\u7684\u7c21\u6b77","isPartOf":{"@id":"https:\/\/grupohyr.com\/zh-hans\/#website"},"datePublished":"2022-04-15T00:21:48+00:00","dateModified":"2022-04-16T04:15:55+00:00","description":"\u8981\u7c21\u660e\u627c\u8981\uff0c\u76f4\u63a5\u3002\u4f60\u7684\u7c21\u6b77\u61c9\u4e0d\u8d85\u904e\u4e00\u6216\u5169\u7247\u8449\u5b50\uff0c\u9802\u591a\uff0c\u5beb\u5728\u4e00\u500b\u6e05\u6670\u53ef\u8fa8","breadcrumb":{"@id":"https:\/\/grupohyr.com\/zh-hans\/pasos-para-crear-un-curriculum\/#breadcrumb"},"inLanguage":"zh-Hans","potentialAction":[{"@type":"ReadAction","target":["https:\/\/grupohyr.com\/zh-hans\/pasos-para-crear-un-curriculum\/"]}]},{"@type":"BreadcrumbList","@id":"https:\/\/grupohyr.com\/zh-hans\/pasos-para-crear-un-curriculum\/#breadcrumb","itemListElement":[{"@type":"ListItem","position":1,"name":"Portada","item":"https:\/\/grupohyr.com\/zh-hans\/"},{"@type":"ListItem","position":2,"name":"\u6b65\u9a5f\u4f86\u5275\u5efa\u4e00\u500b\u597d\u7684\u7c21\u6b77"}]},{"@type":"WebSite","@id":"https:\/\/grupohyr.com\/zh-hans\/#website","url":"https:\/\/grupohyr.com\/zh-hans\/","name":"Outsourcing en El Salvador, reclutamiento y selecci\u00f3n de personal","description":"Outsourcing en El Salvador, somos especialistas en b\u00fasqueda, selecci\u00f3n, reclutamiento,  preselecci\u00f3n de personal y recursos humanos en El Salvador","potentialAction":[{"@type":"SearchAction","target":{"@type":"EntryPoint","urlTemplate":"https:\/\/grupohyr.com\/zh-hans\/?s={search_term_string}"},"query-input":{"@type":"PropertyValueSpecification","valueRequired":true,"valueName":"search_term_string"}}],"inLanguage":"zh-Hans"}]}},"_links":{"self":[{"href":"https:\/\/grupohyr.com\/zh-hans\/wp-json\/wp\/v2\/pages\/333","targetHints":{"allow":["GET"]}}],"collection":[{"href":"https:\/\/grupohyr.com\/zh-hans\/wp-json\/wp\/v2\/pages"}],"about":[{"href":"https:\/\/grupohyr.com\/zh-hans\/wp-json\/wp\/v2\/types\/page"}],"author":[{"embeddable":true,"href":"https:\/\/grupohyr.com\/zh-hans\/wp-json\/wp\/v2\/users\/1"}],"replies":[{"embeddable":true,"href":"https:\/\/grupohyr.com\/zh-hans\/wp-json\/wp\/v2\/comments?post=333"}],"version-history":[{"count":3,"href":"https:\/\/grupohyr.com\/zh-hans\/wp-json\/wp\/v2\/pages\/333\/revisions"}],"predecessor-version":[{"id":387,"href":"https:\/\/grupohyr.com\/zh-hans\/wp-json\/wp\/v2\/pages\/333\/revisions\/387"}],"wp:attachment":[{"href":"https:\/\/grupohyr.com\/zh-hans\/wp-json\/wp\/v2\/media?parent=333"}],"curies":[{"name":"wp","href":"https:\/\/api.w.org\/{rel}","templated":true}]}}