{"id":257,"date":"2022-04-14T18:21:48","date_gmt":"2022-04-15T00:21:48","guid":{"rendered":"https:\/\/wboxinteractive.com\/mce\/grupohyr\/outsourcing-el-salvador\/"},"modified":"2025-07-01T15:48:23","modified_gmt":"2025-07-01T21:48:23","slug":"outsourcing-el-salvador","status":"publish","type":"page","link":"https:\/\/grupohyr.com\/zh-hans\/outsourcing-el-salvador\/","title":{"rendered":"Outsourcing"},"content":{"rendered":"<p>[et_pb_section fb_built=&#8221;1&#8243; specialty=&#8221;on&#8221; _builder_version=&#8221;4.17.0&#8243; _module_preset=&#8221;default&#8221; background_color=&#8221;#1A629D&#8221; global_colors_info=&#8221;{}&#8221;][et_pb_column type=&#8221;2_3&#8243; specialty_columns=&#8221;2&#8243; _builder_version=&#8221;4.16&#8243; custom_padding=&#8221;|||&#8221; global_colors_info=&#8221;{}&#8221; custom_padding__hover=&#8221;|||&#8221;][et_pb_row_inner _builder_version=&#8221;4.17.0&#8243; _module_preset=&#8221;default&#8221; custom_padding=&#8221;0px||0px|||&#8221; global_colors_info=&#8221;{}&#8221;][et_pb_column_inner saved_specialty_column_type=&#8221;2_3&#8243; _builder_version=&#8221;4.17.0&#8243; _module_preset=&#8221;default&#8221; global_colors_info=&#8221;{}&#8221;][et_pb_image src=&#8221;https:\/\/grupohyr.com\/wp-content\/uploads\/2022\/04\/Seleccion-de-Personal-El-Salvador.jpeg&#8221; alt=&#8221;Selecci\u00f3n de Personal El Salvador&#8221; title_text=&#8221;Selecci\u00f3n de Personal El Salvador&#8221; _builder_version=&#8221;4.17.0&#8243; _module_preset=&#8221;default&#8221; global_colors_info=&#8221;{}&#8221;][\/et_pb_image][\/et_pb_column_inner][\/et_pb_row_inner][et_pb_row_inner _builder_version=&#8221;4.17.0&#8243; _module_preset=&#8221;default&#8221; background_color=&#8221;#FFFFFF&#8221; custom_padding=&#8221;35px|35px|35px|35px|true|true&#8221; global_colors_info=&#8221;{}&#8221;][et_pb_column_inner saved_specialty_column_type=&#8221;2_3&#8243; _builder_version=&#8221;4.17.0&#8243; _module_preset=&#8221;default&#8221; global_colors_info=&#8221;{}&#8221;][et_pb_text _builder_version=&#8221;4.17.0&#8243; _module_preset=&#8221;default&#8221; global_colors_info=&#8221;{}&#8221;]<\/p>\n<h1>Outsourcing El Salvador, reclutamiento y selecci\u00f3n de personal para contrataci\u00f3n<\/h1>\n<p>&nbsp;<\/p>\n<p>Somos una empresa consultora en recursos humanos, provisi\u00f3n de personal, outsourcing de personal a todo nivel (administrativo, mercadeo, operativo, comercial y de ventas), suministros de recursos humanos, proveedores de personal externo para proyectos espec\u00edficos o para mercadeo (marketing outsourcing).<\/p>\n<p>Administraci\u00f3n de planillas y n\u00f3minas de personal. Reclutamiento, Preselecci\u00f3n y Selecci\u00f3n de personal para empresas de El Salvador.<\/p>\n<p>Nuestro enfoque es proveer a empresas nacionales e internacionales una oferta de servicios para administraci\u00f3n de procesos de negocios que comprenden el outsourcing (subcontrataci\u00f3n) funciones del \u00e1rea de recursos humanos de su empresa.<\/p>\n<p>En\u00a0Grupo H&amp;R\u00a0tenemos una habilidad innovadora, personal capacitado y el uso de t\u00e9cnicas actualizadas para poder realizar el outsourcing en El Salvador, que nos permite brindarle servicios eficientes. Provisi\u00f3n de personal y suministro de recursos humanos en El Salvador. Dentro del Outsourcing de personal para mercadeo se ofrecen los siguientes servicios:<\/p>\n<ul>\n<li>Administraci\u00f3n completa de n\u00f3minas y planillas en El Salvador.<\/li>\n<li>Provisi\u00f3n de personal externo para empresas nacionales e internacionales en El Salvador.<\/li>\n<li>Consultor\u00eda y asesor\u00eda de administraci\u00f3n de planillas.<\/li>\n<li>Suministro de recursos humanos y de personal en El Salvador.<\/li>\n<li>Reclutamiento, Selecci\u00f3n y preselecci\u00f3n de personal para recursos humanos en El Salvador.<\/li>\n<\/ul>\n<p>Nuestro plan de trabajo es tratar mano a mano las operaciones de administraci\u00f3n y log\u00edstica de su empresa. La confidencialidad es absolutamente estricta y la colaboraci\u00f3n mutua para ofrecerles un mejor servicio de outsourcing de personas, suministro y provisi\u00f3n de recursos humanos.<\/p>\n<p>Adem\u00e1s de brindarle los servicios de administraci\u00f3n de planillas y n\u00f3minas de empleados y el reclutamiento de personal.<\/p>\n<p>[\/et_pb_text][\/et_pb_column_inner][\/et_pb_row_inner][\/et_pb_column][et_pb_column type=&#8221;1_3&#8243; _builder_version=&#8221;4.16&#8243; custom_padding=&#8221;|||&#8221; global_colors_info=&#8221;{}&#8221; custom_padding__hover=&#8221;|||&#8221;][et_pb_contact_form use_spam_service=&#8221;on&#8221; recaptcha_list=&#8221;Default|Default-0&#8243; email=&#8221;info@mercadeocorporativoempresarial.com&#8221; title=&#8221;Cont\u00e1ctenos&#8230;&#8221; custom_message=&#8221;Nombre: %%Nombre%%||et_pb_line_break_holder||Tel\u00e9fono de Contacto: %%Telefono%%||et_pb_line_break_holder||Correo Electr\u00f3nico: %%Email%%||et_pb_line_break_holder||||et_pb_line_break_holder||Mensaje:||et_pb_line_break_holder||%%Mensaje%%&#8221; _builder_version=&#8221;4.17.0&#8243; _module_preset=&#8221;default&#8221; _unique_id=&#8221;2d134714-0e47-4d7d-b607-04c61c69380f&#8221; form_field_background_color=&#8221;#003569&#8243; form_field_text_color=&#8221;#FFFFFF&#8221; form_field_focus_background_color=&#8221;#333333&#8243; form_field_focus_text_color=&#8221;#FFFFFF&#8221; title_text_color=&#8221;#FFFFFF&#8221; captcha_text_color=&#8221;#FFFFFF&#8221; custom_button=&#8221;on&#8221; button_text_color=&#8221;#FFFFFF&#8221; button_bg_color=&#8221;#003569&#8243; custom_margin=&#8221;||84px|||&#8221; global_module=&#8221;143&#8243; saved_tabs=&#8221;all&#8221; global_colors_info=&#8221;{}&#8221;][et_pb_contact_field field_id=&#8221;Nombre&#8221; field_title=&#8221;Nombre&#8221; fullwidth_field=&#8221;on&#8221; _builder_version=&#8221;4.17.0&#8243; global_colors_info=&#8221;{}&#8221; button_text_size__hover_enabled=&#8221;off&#8221; button_one_text_size__hover_enabled=&#8221;off&#8221; button_two_text_size__hover_enabled=&#8221;off&#8221; button_text_color__hover_enabled=&#8221;off&#8221; button_one_text_color__hover_enabled=&#8221;off&#8221; button_two_text_color__hover_enabled=&#8221;off&#8221; button_border_width__hover_enabled=&#8221;off&#8221; button_one_border_width__hover_enabled=&#8221;off&#8221; button_two_border_width__hover_enabled=&#8221;off&#8221; button_border_color__hover_enabled=&#8221;off&#8221; button_one_border_color__hover_enabled=&#8221;off&#8221; button_two_border_color__hover_enabled=&#8221;off&#8221; button_border_radius__hover_enabled=&#8221;off&#8221; button_one_border_radius__hover_enabled=&#8221;off&#8221; button_two_border_radius__hover_enabled=&#8221;off&#8221; button_letter_spacing__hover_enabled=&#8221;off&#8221; button_one_letter_spacing__hover_enabled=&#8221;off&#8221; button_two_letter_spacing__hover_enabled=&#8221;off&#8221; button_bg_color__hover_enabled=&#8221;off&#8221; button_one_bg_color__hover_enabled=&#8221;off&#8221; button_two_bg_color__hover_enabled=&#8221;off&#8221;][\/et_pb_contact_field][et_pb_contact_field field_id=&#8221;Telefono&#8221; field_title=&#8221;Tel\u00e9fono&#8221; fullwidth_field=&#8221;on&#8221; _builder_version=&#8221;4.17.0&#8243; global_colors_info=&#8221;{}&#8221; button_text_size__hover_enabled=&#8221;off&#8221; button_one_text_size__hover_enabled=&#8221;off&#8221; button_two_text_size__hover_enabled=&#8221;off&#8221; button_text_color__hover_enabled=&#8221;off&#8221; button_one_text_color__hover_enabled=&#8221;off&#8221; button_two_text_color__hover_enabled=&#8221;off&#8221; button_border_width__hover_enabled=&#8221;off&#8221; button_one_border_width__hover_enabled=&#8221;off&#8221; button_two_border_width__hover_enabled=&#8221;off&#8221; button_border_color__hover_enabled=&#8221;off&#8221; button_one_border_color__hover_enabled=&#8221;off&#8221; button_two_border_color__hover_enabled=&#8221;off&#8221; button_border_radius__hover_enabled=&#8221;off&#8221; button_one_border_radius__hover_enabled=&#8221;off&#8221; button_two_border_radius__hover_enabled=&#8221;off&#8221; button_letter_spacing__hover_enabled=&#8221;off&#8221; button_one_letter_spacing__hover_enabled=&#8221;off&#8221; button_two_letter_spacing__hover_enabled=&#8221;off&#8221; button_bg_color__hover_enabled=&#8221;off&#8221; button_one_bg_color__hover_enabled=&#8221;off&#8221; button_two_bg_color__hover_enabled=&#8221;off&#8221;][\/et_pb_contact_field][et_pb_contact_field field_id=&#8221;Email&#8221; field_title=&#8221;Direcci\u00f3n de correo electr\u00f3nico&#8221; field_type=&#8221;email&#8221; fullwidth_field=&#8221;on&#8221; _builder_version=&#8221;4.17.0&#8243; global_colors_info=&#8221;{}&#8221; button_text_size__hover_enabled=&#8221;off&#8221; button_one_text_size__hover_enabled=&#8221;off&#8221; button_two_text_size__hover_enabled=&#8221;off&#8221; button_text_color__hover_enabled=&#8221;off&#8221; button_one_text_color__hover_enabled=&#8221;off&#8221; button_two_text_color__hover_enabled=&#8221;off&#8221; button_border_width__hover_enabled=&#8221;off&#8221; button_one_border_width__hover_enabled=&#8221;off&#8221; button_two_border_width__hover_enabled=&#8221;off&#8221; button_border_color__hover_enabled=&#8221;off&#8221; button_one_border_color__hover_enabled=&#8221;off&#8221; button_two_border_color__hover_enabled=&#8221;off&#8221; button_border_radius__hover_enabled=&#8221;off&#8221; button_one_border_radius__hover_enabled=&#8221;off&#8221; button_two_border_radius__hover_enabled=&#8221;off&#8221; button_letter_spacing__hover_enabled=&#8221;off&#8221; button_one_letter_spacing__hover_enabled=&#8221;off&#8221; button_two_letter_spacing__hover_enabled=&#8221;off&#8221; button_bg_color__hover_enabled=&#8221;off&#8221; button_one_bg_color__hover_enabled=&#8221;off&#8221; button_two_bg_color__hover_enabled=&#8221;off&#8221;][\/et_pb_contact_field][et_pb_contact_field field_id=&#8221;Mensaje&#8221; field_title=&#8221;Mensaje&#8221; field_type=&#8221;text&#8221; fullwidth_field=&#8221;on&#8221; _builder_version=&#8221;4.17.0&#8243; global_colors_info=&#8221;{}&#8221; button_text_size__hover_enabled=&#8221;off&#8221; button_one_text_size__hover_enabled=&#8221;off&#8221; button_two_text_size__hover_enabled=&#8221;off&#8221; button_text_color__hover_enabled=&#8221;off&#8221; button_one_text_color__hover_enabled=&#8221;off&#8221; button_two_text_color__hover_enabled=&#8221;off&#8221; button_border_width__hover_enabled=&#8221;off&#8221; button_one_border_width__hover_enabled=&#8221;off&#8221; button_two_border_width__hover_enabled=&#8221;off&#8221; button_border_color__hover_enabled=&#8221;off&#8221; button_one_border_color__hover_enabled=&#8221;off&#8221; button_two_border_color__hover_enabled=&#8221;off&#8221; button_border_radius__hover_enabled=&#8221;off&#8221; button_one_border_radius__hover_enabled=&#8221;off&#8221; button_two_border_radius__hover_enabled=&#8221;off&#8221; button_letter_spacing__hover_enabled=&#8221;off&#8221; button_one_letter_spacing__hover_enabled=&#8221;off&#8221; button_two_letter_spacing__hover_enabled=&#8221;off&#8221; button_bg_color__hover_enabled=&#8221;off&#8221; button_one_bg_color__hover_enabled=&#8221;off&#8221; button_two_bg_color__hover_enabled=&#8221;off&#8221;][\/et_pb_contact_field][\/et_pb_contact_form][et_pb_button button_url=&#8221;@ET-DC@eyJkeW5hbWljIjp0cnVlLCJjb250ZW50IjoicG9zdF9saW5rX3VybF9wYWdlIiwic2V0dGluZ3MiOnsicG9zdF9pZCI6IjIyIn19@&#8221; button_text=&#8221;Quiero enviar mi Curr\u00edculum&#8221; button_alignment=&#8221;center&#8221; _builder_version=&#8221;4.17.0&#8243; _dynamic_attributes=&#8221;button_url&#8221; _module_preset=&#8221;default&#8221; custom_button=&#8221;on&#8221; button_text_color=&#8221;#003569&#8243; button_bg_color=&#8221;#FFFFFF&#8221; global_colors_info=&#8221;{}&#8221;][\/et_pb_button][et_pb_slider use_bg_overlay=&#8221;on&#8221; bg_overlay_color=&#8221;rgba(0,0,0,0.34)&#8221; _builder_version=&#8221;4.17.0&#8243; _module_preset=&#8221;default&#8221; custom_padding=&#8221;131px||131px||true|false&#8221; global_module=&#8221;140&#8243; global_colors_info=&#8221;{}&#8221;][et_pb_slide heading=&#8221;Outsourcing de Personal en El Salvador&#8221; button_link=&#8221;@ET-DC@eyJkeW5hbWljIjp0cnVlLCJjb250ZW50IjoicG9zdF9saW5rX3VybF9wYWdlIiwic2V0dGluZ3MiOnsicG9zdF9pZCI6IjEzIn19@&#8221; _builder_version=&#8221;4.17.0&#8243; _dynamic_attributes=&#8221;button_link,link_option_url&#8221; _module_preset=&#8221;default&#8221; background_color=&#8221;#1A629D&#8221; background_enable_color=&#8221;on&#8221; background_image=&#8221;https:\/\/grupohyr.com\/wp-content\/uploads\/2022\/04\/Outsourcing-de-Personal-El-Salvador.jpeg&#8221; background_enable_image=&#8221;on&#8221; link_option_url=&#8221;@ET-DC@eyJkeW5hbWljIjp0cnVlLCJjb250ZW50IjoicG9zdF9saW5rX3VybF9wYWdlIiwic2V0dGluZ3MiOnsicG9zdF9pZCI6IjEzIn19@&#8221; global_colors_info=&#8221;{}&#8221; sticky_transition=&#8221;on&#8221;][\/et_pb_slide][et_pb_slide heading=&#8221;Impulsadoras y Displays&#8221; button_link=&#8221;@ET-DC@eyJkeW5hbWljIjp0cnVlLCJjb250ZW50IjoicG9zdF9saW5rX3VybF9wYWdlIiwic2V0dGluZ3MiOnsicG9zdF9pZCI6IjE4In19@&#8221; _builder_version=&#8221;4.17.0&#8243; _dynamic_attributes=&#8221;button_link,link_option_url&#8221; _module_preset=&#8221;default&#8221; background_color=&#8221;#1A629D&#8221; background_enable_color=&#8221;on&#8221; background_image=&#8221;https:\/\/grupohyr.com\/wp-content\/uploads\/2022\/04\/Displays-El-Salvador.jpeg&#8221; background_enable_image=&#8221;on&#8221; link_option_url=&#8221;@ET-DC@eyJkeW5hbWljIjp0cnVlLCJjb250ZW50IjoicG9zdF9saW5rX3VybF9wYWdlIiwic2V0dGluZ3MiOnsicG9zdF9pZCI6IjE4In19@&#8221; global_colors_info=&#8221;{}&#8221; sticky_transition=&#8221;on&#8221;][\/et_pb_slide][et_pb_slide heading=&#8221;Activaci\u00f3n de Marca&#8221; button_link=&#8221;@ET-DC@eyJkeW5hbWljIjp0cnVlLCJjb250ZW50IjoicG9zdF9saW5rX3VybF9wYWdlIiwic2V0dGluZ3MiOnsicG9zdF9pZCI6IjE5In19@&#8221; _builder_version=&#8221;4.17.0&#8243; _dynamic_attributes=&#8221;button_link,link_option_url&#8221; _module_preset=&#8221;default&#8221; background_color=&#8221;#1A629D&#8221; background_enable_color=&#8221;on&#8221; background_image=&#8221;https:\/\/grupohyr.com\/wp-content\/uploads\/2022\/04\/Promotoras-El-Salvador.jpeg&#8221; background_enable_image=&#8221;on&#8221; link_option_url=&#8221;@ET-DC@eyJkeW5hbWljIjp0cnVlLCJjb250ZW50IjoicG9zdF9saW5rX3VybF9wYWdlIiwic2V0dGluZ3MiOnsicG9zdF9pZCI6IjE5In19@&#8221; global_colors_info=&#8221;{}&#8221; sticky_transition=&#8221;on&#8221;][\/et_pb_slide][et_pb_slide heading=&#8221;Recursos Humanos en El Salvador&#8221; button_link=&#8221;@ET-DC@eyJkeW5hbWljIjp0cnVlLCJjb250ZW50IjoicG9zdF9saW5rX3VybF9wYWdlIiwic2V0dGluZ3MiOnsicG9zdF9pZCI6IjE0In19@&#8221; _builder_version=&#8221;4.17.0&#8243; _dynamic_attributes=&#8221;button_link,link_option_url&#8221; _module_preset=&#8221;default&#8221; background_color=&#8221;#1A629D&#8221; background_enable_color=&#8221;on&#8221; background_image=&#8221;https:\/\/grupohyr.com\/wp-content\/uploads\/2022\/04\/Recursos-Humanos-El-Salvador.jpeg&#8221; background_enable_image=&#8221;on&#8221; link_option_url=&#8221;@ET-DC@eyJkeW5hbWljIjp0cnVlLCJjb250ZW50IjoicG9zdF9saW5rX3VybF9wYWdlIiwic2V0dGluZ3MiOnsicG9zdF9pZCI6IjE0In19@&#8221; global_colors_info=&#8221;{}&#8221; sticky_transition=&#8221;on&#8221;][\/et_pb_slide][et_pb_slide heading=&#8221;Administraci\u00f3n de Planilla en El Salvador&#8221; button_link=&#8221;@ET-DC@eyJkeW5hbWljIjp0cnVlLCJjb250ZW50IjoicG9zdF9saW5rX3VybF9wYWdlIiwic2V0dGluZ3MiOnsicG9zdF9pZCI6IjE1In19@&#8221; _builder_version=&#8221;4.17.0&#8243; _dynamic_attributes=&#8221;button_link,link_option_url&#8221; _module_preset=&#8221;default&#8221; background_color=&#8221;#1A629D&#8221; background_enable_color=&#8221;on&#8221; background_image=&#8221;https:\/\/grupohyr.com\/wp-content\/uploads\/2022\/04\/Payroll-Administration-Services-in-El-Salvador.jpeg&#8221; background_enable_image=&#8221;on&#8221; link_option_url=&#8221;@ET-DC@eyJkeW5hbWljIjp0cnVlLCJjb250ZW50IjoicG9zdF9saW5rX3VybF9wYWdlIiwic2V0dGluZ3MiOnsicG9zdF9pZCI6IjE1In19@&#8221; global_colors_info=&#8221;{}&#8221; sticky_transition=&#8221;on&#8221;][\/et_pb_slide][et_pb_slide heading=&#8221;Servicios de Limpieza en El Salvador&#8221; button_link=&#8221;@ET-DC@eyJkeW5hbWljIjp0cnVlLCJjb250ZW50IjoicG9zdF9saW5rX3VybF9wYWdlIiwic2V0dGluZ3MiOnsicG9zdF9pZCI6IjE2In19@&#8221; _builder_version=&#8221;4.17.0&#8243; _dynamic_attributes=&#8221;button_link,link_option_url&#8221; _module_preset=&#8221;default&#8221; background_color=&#8221;#1A629D&#8221; background_enable_color=&#8221;on&#8221; background_image=&#8221;https:\/\/grupohyr.com\/wp-content\/uploads\/2022\/04\/shutterstock_678273664.jpeg&#8221; background_enable_image=&#8221;on&#8221; link_option_url=&#8221;@ET-DC@eyJkeW5hbWljIjp0cnVlLCJjb250ZW50IjoicG9zdF9saW5rX3VybF9wYWdlIiwic2V0dGluZ3MiOnsicG9zdF9pZCI6IjE2In19@&#8221; global_colors_info=&#8221;{}&#8221; sticky_transition=&#8221;on&#8221;][\/et_pb_slide][\/et_pb_slider][et_pb_text _builder_version=&#8221;4.17.0&#8243; _module_preset=&#8221;default&#8221; background_layout=&#8221;dark&#8221; custom_margin=&#8221;||22px|||&#8221; global_colors_info=&#8221;{}&#8221;]<\/p>\n<h2>Nuestros servicios:<\/h2>\n<p>[\/et_pb_text][et_pb_menu menu_id=&#8221;17&#8243; active_link_color=&#8221;#A4D3FE&#8221; _builder_version=&#8221;4.17.0&#8243; _module_preset=&#8221;default&#8221; menu_text_color=&#8221;#FFFFFF&#8221; background_enable_color=&#8221;off&#8221; global_colors_info=&#8221;{}&#8221;][\/et_pb_menu][\/et_pb_column][\/et_pb_section]<\/p>\n","protected":false},"excerpt":{"rendered":"<p>Outsourcing El Salvador, brindamos servicios eficientes de tercerizaci\u00f3n, reclutamiento de personal y suministro de recursos humanos en El Salvador<\/p>\n","protected":false},"author":1,"featured_media":84,"parent":0,"menu_order":5,"comment_status":"closed","ping_status":"closed","template":"","meta":{"_et_pb_use_builder":"on","_et_pb_old_content":"","_et_gb_content_width":"","footnotes":""},"class_list":["post-257","page","type-page","status-publish","has-post-thumbnail","hentry"],"yoast_head":"<!-- This site is optimized with the Yoast SEO plugin v27.4 - https:\/\/yoast.com\/product\/yoast-seo-wordpress\/ -->\n<title>Outsourcing en El Salvador, reclutamiento y selecci\u00f3n de personal<\/title>\n<meta name=\"description\" content=\"Outsourcing El Salvador, brindamos servicios eficientes de tercerizaci\u00f3n, reclutamiento de personal y suministro de recursos humanos en El Salvador\" \/>\n<meta name=\"robots\" content=\"index, follow, max-snippet:-1, max-image-preview:large, max-video-preview:-1\" \/>\n<link rel=\"canonical\" href=\"https:\/\/grupohyr.com\/zh-hans\/outsourcing-el-salvador\/\" \/>\n<meta property=\"og:locale\" content=\"zh_CN\" \/>\n<meta property=\"og:type\" content=\"article\" \/>\n<meta property=\"og:title\" content=\"Outsourcing en El Salvador, reclutamiento y selecci\u00f3n de personal\" \/>\n<meta property=\"og:description\" content=\"Outsourcing El Salvador, brindamos servicios eficientes de tercerizaci\u00f3n, reclutamiento de personal y suministro de recursos humanos en El Salvador\" \/>\n<meta property=\"og:url\" content=\"https:\/\/grupohyr.com\/zh-hans\/outsourcing-el-salvador\/\" \/>\n<meta property=\"og:site_name\" content=\"Outsourcing en El Salvador, reclutamiento y selecci\u00f3n de personal\" \/>\n<meta property=\"article:modified_time\" content=\"2025-07-01T21:48:23+00:00\" \/>\n<meta property=\"og:image\" content=\"https:\/\/grupohyr.com\/wp-content\/uploads\/2022\/04\/Seleccion-de-Personal-El-Salvador.jpeg\" \/>\n\t<meta property=\"og:image:width\" content=\"2260\" \/>\n\t<meta property=\"og:image:height\" content=\"1280\" \/>\n\t<meta property=\"og:image:type\" content=\"image\/jpeg\" \/>\n<meta name=\"twitter:card\" content=\"summary_large_image\" \/>\n<meta name=\"twitter:label1\" content=\"\u9884\u8ba1\u9605\u8bfb\u65f6\u95f4\" \/>\n\t<meta name=\"twitter:data1\" content=\"10 \u5206\" \/>\n<script type=\"application\/ld+json\" class=\"yoast-schema-graph\">{\"@context\":\"https:\\\/\\\/schema.org\",\"@graph\":[{\"@type\":\"WebPage\",\"@id\":\"https:\\\/\\\/grupohyr.com\\\/zh-hans\\\/outsourcing-el-salvador\\\/\",\"url\":\"https:\\\/\\\/grupohyr.com\\\/zh-hans\\\/outsourcing-el-salvador\\\/\",\"name\":\"Outsourcing en El Salvador, reclutamiento y selecci\u00f3n de personal\",\"isPartOf\":{\"@id\":\"https:\\\/\\\/grupohyr.com\\\/zh-hans\\\/#website\"},\"primaryImageOfPage\":{\"@id\":\"https:\\\/\\\/grupohyr.com\\\/zh-hans\\\/outsourcing-el-salvador\\\/#primaryimage\"},\"image\":{\"@id\":\"https:\\\/\\\/grupohyr.com\\\/zh-hans\\\/outsourcing-el-salvador\\\/#primaryimage\"},\"thumbnailUrl\":\"https:\\\/\\\/grupohyr.com\\\/wp-content\\\/uploads\\\/2022\\\/04\\\/Seleccion-de-Personal-El-Salvador.jpeg\",\"datePublished\":\"2022-04-15T00:21:48+00:00\",\"dateModified\":\"2025-07-01T21:48:23+00:00\",\"description\":\"Outsourcing El Salvador, brindamos servicios eficientes de tercerizaci\u00f3n, reclutamiento de personal y suministro de recursos humanos en El Salvador\",\"breadcrumb\":{\"@id\":\"https:\\\/\\\/grupohyr.com\\\/zh-hans\\\/outsourcing-el-salvador\\\/#breadcrumb\"},\"inLanguage\":\"zh-Hans\",\"potentialAction\":[{\"@type\":\"ReadAction\",\"target\":[\"https:\\\/\\\/grupohyr.com\\\/zh-hans\\\/outsourcing-el-salvador\\\/\"]}]},{\"@type\":\"ImageObject\",\"inLanguage\":\"zh-Hans\",\"@id\":\"https:\\\/\\\/grupohyr.com\\\/zh-hans\\\/outsourcing-el-salvador\\\/#primaryimage\",\"url\":\"https:\\\/\\\/grupohyr.com\\\/wp-content\\\/uploads\\\/2022\\\/04\\\/Seleccion-de-Personal-El-Salvador.jpeg\",\"contentUrl\":\"https:\\\/\\\/grupohyr.com\\\/wp-content\\\/uploads\\\/2022\\\/04\\\/Seleccion-de-Personal-El-Salvador.jpeg\",\"width\":2260,\"height\":1280,\"caption\":\"Selecci\u00f3n de Personal El Salvador\"},{\"@type\":\"BreadcrumbList\",\"@id\":\"https:\\\/\\\/grupohyr.com\\\/zh-hans\\\/outsourcing-el-salvador\\\/#breadcrumb\",\"itemListElement\":[{\"@type\":\"ListItem\",\"position\":1,\"name\":\"Portada\",\"item\":\"https:\\\/\\\/grupohyr.com\\\/zh-hans\\\/\"},{\"@type\":\"ListItem\",\"position\":2,\"name\":\"Outsourcing\"}]},{\"@type\":\"WebSite\",\"@id\":\"https:\\\/\\\/grupohyr.com\\\/zh-hans\\\/#website\",\"url\":\"https:\\\/\\\/grupohyr.com\\\/zh-hans\\\/\",\"name\":\"Outsourcing en El Salvador, reclutamiento y selecci\u00f3n de personal\",\"description\":\"Outsourcing en El Salvador, somos especialistas en b\u00fasqueda, selecci\u00f3n, reclutamiento,  preselecci\u00f3n de personal y recursos humanos en El Salvador\",\"potentialAction\":[{\"@type\":\"SearchAction\",\"target\":{\"@type\":\"EntryPoint\",\"urlTemplate\":\"https:\\\/\\\/grupohyr.com\\\/zh-hans\\\/?s={search_term_string}\"},\"query-input\":{\"@type\":\"PropertyValueSpecification\",\"valueRequired\":true,\"valueName\":\"search_term_string\"}}],\"inLanguage\":\"zh-Hans\"}]}<\/script>\n<!-- \/ Yoast SEO plugin. -->","yoast_head_json":{"title":"Outsourcing en El Salvador, reclutamiento y selecci\u00f3n de personal","description":"Outsourcing El Salvador, brindamos servicios eficientes de tercerizaci\u00f3n, reclutamiento de personal y suministro de recursos humanos en El Salvador","robots":{"index":"index","follow":"follow","max-snippet":"max-snippet:-1","max-image-preview":"max-image-preview:large","max-video-preview":"max-video-preview:-1"},"canonical":"https:\/\/grupohyr.com\/zh-hans\/outsourcing-el-salvador\/","og_locale":"zh_CN","og_type":"article","og_title":"Outsourcing en El Salvador, reclutamiento y selecci\u00f3n de personal","og_description":"Outsourcing El Salvador, brindamos servicios eficientes de tercerizaci\u00f3n, reclutamiento de personal y suministro de recursos humanos en El Salvador","og_url":"https:\/\/grupohyr.com\/zh-hans\/outsourcing-el-salvador\/","og_site_name":"Outsourcing en El Salvador, reclutamiento y selecci\u00f3n de personal","article_modified_time":"2025-07-01T21:48:23+00:00","og_image":[{"width":2260,"height":1280,"url":"https:\/\/grupohyr.com\/wp-content\/uploads\/2022\/04\/Seleccion-de-Personal-El-Salvador.jpeg","type":"image\/jpeg"}],"twitter_card":"summary_large_image","twitter_misc":{"\u9884\u8ba1\u9605\u8bfb\u65f6\u95f4":"10 \u5206"},"schema":{"@context":"https:\/\/schema.org","@graph":[{"@type":"WebPage","@id":"https:\/\/grupohyr.com\/zh-hans\/outsourcing-el-salvador\/","url":"https:\/\/grupohyr.com\/zh-hans\/outsourcing-el-salvador\/","name":"Outsourcing en El Salvador, reclutamiento y selecci\u00f3n de personal","isPartOf":{"@id":"https:\/\/grupohyr.com\/zh-hans\/#website"},"primaryImageOfPage":{"@id":"https:\/\/grupohyr.com\/zh-hans\/outsourcing-el-salvador\/#primaryimage"},"image":{"@id":"https:\/\/grupohyr.com\/zh-hans\/outsourcing-el-salvador\/#primaryimage"},"thumbnailUrl":"https:\/\/grupohyr.com\/wp-content\/uploads\/2022\/04\/Seleccion-de-Personal-El-Salvador.jpeg","datePublished":"2022-04-15T00:21:48+00:00","dateModified":"2025-07-01T21:48:23+00:00","description":"Outsourcing El Salvador, brindamos servicios eficientes de tercerizaci\u00f3n, reclutamiento de personal y suministro de recursos humanos en El Salvador","breadcrumb":{"@id":"https:\/\/grupohyr.com\/zh-hans\/outsourcing-el-salvador\/#breadcrumb"},"inLanguage":"zh-Hans","potentialAction":[{"@type":"ReadAction","target":["https:\/\/grupohyr.com\/zh-hans\/outsourcing-el-salvador\/"]}]},{"@type":"ImageObject","inLanguage":"zh-Hans","@id":"https:\/\/grupohyr.com\/zh-hans\/outsourcing-el-salvador\/#primaryimage","url":"https:\/\/grupohyr.com\/wp-content\/uploads\/2022\/04\/Seleccion-de-Personal-El-Salvador.jpeg","contentUrl":"https:\/\/grupohyr.com\/wp-content\/uploads\/2022\/04\/Seleccion-de-Personal-El-Salvador.jpeg","width":2260,"height":1280,"caption":"Selecci\u00f3n de Personal El Salvador"},{"@type":"BreadcrumbList","@id":"https:\/\/grupohyr.com\/zh-hans\/outsourcing-el-salvador\/#breadcrumb","itemListElement":[{"@type":"ListItem","position":1,"name":"Portada","item":"https:\/\/grupohyr.com\/zh-hans\/"},{"@type":"ListItem","position":2,"name":"Outsourcing"}]},{"@type":"WebSite","@id":"https:\/\/grupohyr.com\/zh-hans\/#website","url":"https:\/\/grupohyr.com\/zh-hans\/","name":"Outsourcing en El Salvador, reclutamiento y selecci\u00f3n de personal","description":"Outsourcing en El Salvador, somos especialistas en b\u00fasqueda, selecci\u00f3n, reclutamiento,  preselecci\u00f3n de personal y recursos humanos en El Salvador","potentialAction":[{"@type":"SearchAction","target":{"@type":"EntryPoint","urlTemplate":"https:\/\/grupohyr.com\/zh-hans\/?s={search_term_string}"},"query-input":{"@type":"PropertyValueSpecification","valueRequired":true,"valueName":"search_term_string"}}],"inLanguage":"zh-Hans"}]}},"_links":{"self":[{"href":"https:\/\/grupohyr.com\/zh-hans\/wp-json\/wp\/v2\/pages\/257","targetHints":{"allow":["GET"]}}],"collection":[{"href":"https:\/\/grupohyr.com\/zh-hans\/wp-json\/wp\/v2\/pages"}],"about":[{"href":"https:\/\/grupohyr.com\/zh-hans\/wp-json\/wp\/v2\/types\/page"}],"author":[{"embeddable":true,"href":"https:\/\/grupohyr.com\/zh-hans\/wp-json\/wp\/v2\/users\/1"}],"replies":[{"embeddable":true,"href":"https:\/\/grupohyr.com\/zh-hans\/wp-json\/wp\/v2\/comments?post=257"}],"version-history":[{"count":5,"href":"https:\/\/grupohyr.com\/zh-hans\/wp-json\/wp\/v2\/pages\/257\/revisions"}],"predecessor-version":[{"id":489,"href":"https:\/\/grupohyr.com\/zh-hans\/wp-json\/wp\/v2\/pages\/257\/revisions\/489"}],"wp:featuredmedia":[{"embeddable":true,"href":"https:\/\/grupohyr.com\/zh-hans\/wp-json\/wp\/v2\/media\/84"}],"wp:attachment":[{"href":"https:\/\/grupohyr.com\/zh-hans\/wp-json\/wp\/v2\/media?parent=257"}],"curies":[{"name":"wp","href":"https:\/\/api.w.org\/{rel}","templated":true}]}}