{"id":248,"date":"2022-04-14T18:21:48","date_gmt":"2022-04-15T00:21:48","guid":{"rendered":"https:\/\/wboxinteractive.com\/mce\/grupohyr\/inicio\/"},"modified":"2025-07-01T15:59:29","modified_gmt":"2025-07-01T21:59:29","slug":"inicio","status":"publish","type":"page","link":"https:\/\/grupohyr.com\/zh-hans\/","title":{"rendered":"\u5f15\u767c"},"content":{"rendered":"<p>[et_pb_section fb_built=&#8221;1&#8243; _builder_version=&#8221;4.17.0&#8243; _module_preset=&#8221;default&#8221; background_color=&#8221;#f1f1f1&#8243; global_colors_info=&#8221;{}&#8221;][et_pb_row column_structure=&#8221;1_2,1_2&#8243; _builder_version=&#8221;4.17.0&#8243; _module_preset=&#8221;default&#8221; global_colors_info=&#8221;{}&#8221;][et_pb_column type=&#8221;1_2&#8243; _builder_version=&#8221;4.17.0&#8243; _module_preset=&#8221;default&#8221; global_colors_info=&#8221;{}&#8221;][et_pb_blurb title=&#8221;\u500b\u4eba\u5916\u5305&#8221; url=&#8221;@ET-DC@eyJkeW5hbWljIjp0cnVlLCJjb250ZW50IjoicG9zdF9saW5rX3VybF9wYWdlIiwic2V0dGluZ3MiOnsicG9zdF9pZCI6IjEzIn19@&#8221; use_icon=&#8221;on&#8221; font_icon=&#8221;&#xf500;||fa||900&#8243; icon_placement=&#8221;left&#8221; _builder_version=&#8221;4.17.0&#8243; _dynamic_attributes=&#8221;url,link_option_url&#8221; _module_preset=&#8221;default&#8221; link_option_url=&#8221;@ET-DC@eyJkeW5hbWljIjp0cnVlLCJjb250ZW50IjoicG9zdF9saW5rX3VybF9wYWdlIiwic2V0dGluZ3MiOnsicG9zdF9pZCI6IjEzIn19@&#8221; global_colors_info=&#8221;{}&#8221;]<\/p>\n<p>\u62db\u8058\u548c\u9078\u62d4\u5de5\u4f5c\u4eba\u54e1\uff0c\u5916\u5305\u4eba\u529b\u8cc7\u6e90\u5916\u5305\u6216.<\/p>\n<p>[\/et_pb_blurb][\/et_pb_column][et_pb_column type=&#8221;1_2&#8243; _builder_version=&#8221;4.17.0&#8243; _module_preset=&#8221;default&#8221; global_colors_info=&#8221;{}&#8221;][et_pb_slider use_bg_overlay=&#8221;on&#8221; bg_overlay_color=&#8221;rgba(0,0,0,0.34)&#8221; _builder_version=&#8221;4.17.0&#8243; _module_preset=&#8221;default&#8221; custom_padding=&#8221;131px||131px||true|false&#8221; global_module=&#8221;278&#8243; global_colors_info=&#8221;{}&#8221;][et_pb_slide heading=&#8221;\u8428\u5c14\u74e6\u591a\u7684\u4eba\u4e8b\u5916\u5305&#8221; button_link=&#8221;@ET-DC@eyJkeW5hbWljIjp0cnVlLCJjb250ZW50IjoicG9zdF9saW5rX3VybF9wYWdlIiwic2V0dGluZ3MiOnsicG9zdF9pZCI6IjEzIn19@&#8221; _builder_version=&#8221;4.17.0&#8243; _dynamic_attributes=&#8221;button_link,link_option_url&#8221; _module_preset=&#8221;default&#8221; background_color=&#8221;#1A629D&#8221; background_enable_color=&#8221;on&#8221; background_image=&#8221;https:\/\/grupohyr.com\/wp-content\/uploads\/2022\/04\/Outsourcing-de-Personal-El-Salvador.jpeg&#8221; background_enable_image=&#8221;on&#8221; link_option_url=&#8221;@ET-DC@eyJkeW5hbWljIjp0cnVlLCJjb250ZW50IjoicG9zdF9saW5rX3VybF9wYWdlIiwic2V0dGluZ3MiOnsicG9zdF9pZCI6IjEzIn19@&#8221; global_colors_info=&#8221;{}&#8221; sticky_transition=&#8221;on&#8221;][\/et_pb_slide][et_pb_slide heading=&#8221;\u4fc3\u9500\u5458\u548c\u5c55\u793a&#8221; button_link=&#8221;@ET-DC@eyJkeW5hbWljIjp0cnVlLCJjb250ZW50IjoicG9zdF9saW5rX3VybF9wYWdlIiwic2V0dGluZ3MiOnsicG9zdF9pZCI6IjE4In19@&#8221; _builder_version=&#8221;4.17.0&#8243; _dynamic_attributes=&#8221;button_link,link_option_url&#8221; _module_preset=&#8221;default&#8221; background_color=&#8221;#1A629D&#8221; background_enable_color=&#8221;on&#8221; background_image=&#8221;https:\/\/grupohyr.com\/wp-content\/uploads\/2022\/04\/Displays-El-Salvador.jpeg&#8221; background_enable_image=&#8221;on&#8221; link_option_url=&#8221;@ET-DC@eyJkeW5hbWljIjp0cnVlLCJjb250ZW50IjoicG9zdF9saW5rX3VybF9wYWdlIiwic2V0dGluZ3MiOnsicG9zdF9pZCI6IjE4In19@&#8221; global_colors_info=&#8221;{}&#8221; sticky_transition=&#8221;on&#8221;][\/et_pb_slide][et_pb_slide heading=&#8221;\u54c1\u724c\u6fc0\u6d3b&#8221; button_link=&#8221;@ET-DC@eyJkeW5hbWljIjp0cnVlLCJjb250ZW50IjoicG9zdF9saW5rX3VybF9wYWdlIiwic2V0dGluZ3MiOnsicG9zdF9pZCI6IjE5In19@&#8221; _builder_version=&#8221;4.17.0&#8243; _dynamic_attributes=&#8221;button_link,link_option_url&#8221; _module_preset=&#8221;default&#8221; background_color=&#8221;#1A629D&#8221; background_enable_color=&#8221;on&#8221; background_image=&#8221;https:\/\/grupohyr.com\/wp-content\/uploads\/2022\/04\/Promotoras-El-Salvador.jpeg&#8221; background_enable_image=&#8221;on&#8221; link_option_url=&#8221;@ET-DC@eyJkeW5hbWljIjp0cnVlLCJjb250ZW50IjoicG9zdF9saW5rX3VybF9wYWdlIiwic2V0dGluZ3MiOnsicG9zdF9pZCI6IjE5In19@&#8221; global_colors_info=&#8221;{}&#8221; sticky_transition=&#8221;on&#8221;][\/et_pb_slide][et_pb_slide heading=&#8221;\u8428\u5c14\u74e6\u591a\u7684\u4eba\u529b\u8d44\u6e90&#8221; button_link=&#8221;@ET-DC@eyJkeW5hbWljIjp0cnVlLCJjb250ZW50IjoicG9zdF9saW5rX3VybF9wYWdlIiwic2V0dGluZ3MiOnsicG9zdF9pZCI6IjE0In19@&#8221; _builder_version=&#8221;4.17.0&#8243; _dynamic_attributes=&#8221;button_link,link_option_url&#8221; _module_preset=&#8221;default&#8221; background_color=&#8221;#1A629D&#8221; background_enable_color=&#8221;on&#8221; background_image=&#8221;https:\/\/grupohyr.com\/wp-content\/uploads\/2022\/04\/Recursos-Humanos-El-Salvador.jpeg&#8221; background_enable_image=&#8221;on&#8221; link_option_url=&#8221;@ET-DC@eyJkeW5hbWljIjp0cnVlLCJjb250ZW50IjoicG9zdF9saW5rX3VybF9wYWdlIiwic2V0dGluZ3MiOnsicG9zdF9pZCI6IjE0In19@&#8221; global_colors_info=&#8221;{}&#8221; sticky_transition=&#8221;on&#8221;][\/et_pb_slide][et_pb_slide heading=&#8221;\u8428\u5c14\u74e6\u591a\u7684\u5de5\u8d44\u7ba1\u7406&#8221; button_link=&#8221;@ET-DC@eyJkeW5hbWljIjp0cnVlLCJjb250ZW50IjoicG9zdF9saW5rX3VybF9wYWdlIiwic2V0dGluZ3MiOnsicG9zdF9pZCI6IjE1In19@&#8221; _builder_version=&#8221;4.17.0&#8243; _dynamic_attributes=&#8221;button_link,link_option_url&#8221; _module_preset=&#8221;default&#8221; background_color=&#8221;#1A629D&#8221; background_enable_color=&#8221;on&#8221; background_image=&#8221;https:\/\/grupohyr.com\/wp-content\/uploads\/2022\/04\/Payroll-Administration-Services-in-El-Salvador.jpeg&#8221; background_enable_image=&#8221;on&#8221; link_option_url=&#8221;@ET-DC@eyJkeW5hbWljIjp0cnVlLCJjb250ZW50IjoicG9zdF9saW5rX3VybF9wYWdlIiwic2V0dGluZ3MiOnsicG9zdF9pZCI6IjE1In19@&#8221; global_colors_info=&#8221;{}&#8221; sticky_transition=&#8221;on&#8221;][\/et_pb_slide][et_pb_slide heading=&#8221;\u8428\u5c14\u74e6\u591a\u7684\u6e05\u6d01\u670d\u52a1&#8221; button_link=&#8221;@ET-DC@eyJkeW5hbWljIjp0cnVlLCJjb250ZW50IjoicG9zdF9saW5rX3VybF9wYWdlIiwic2V0dGluZ3MiOnsicG9zdF9pZCI6IjE2In19@&#8221; _builder_version=&#8221;4.17.0&#8243; _dynamic_attributes=&#8221;button_link,link_option_url&#8221; _module_preset=&#8221;default&#8221; background_color=&#8221;#1A629D&#8221; background_enable_color=&#8221;on&#8221; background_image=&#8221;https:\/\/grupohyr.com\/wp-content\/uploads\/2022\/04\/shutterstock_678273664.jpeg&#8221; background_enable_image=&#8221;on&#8221; link_option_url=&#8221;@ET-DC@eyJkeW5hbWljIjp0cnVlLCJjb250ZW50IjoicG9zdF9saW5rX3VybF9wYWdlIiwic2V0dGluZ3MiOnsicG9zdF9pZCI6IjE2In19@&#8221; global_colors_info=&#8221;{}&#8221; sticky_transition=&#8221;on&#8221;][\/et_pb_slide][\/et_pb_slider][\/et_pb_column][\/et_pb_row][\/et_pb_section][et_pb_section fb_built=&#8221;1&#8243; _builder_version=&#8221;4.17.0&#8243; _module_preset=&#8221;default&#8221; custom_padding=&#8221;0px|||||&#8221; global_colors_info=&#8221;{}&#8221;][et_pb_row _builder_version=&#8221;4.17.0&#8243; _module_preset=&#8221;default&#8221; global_colors_info=&#8221;{}&#8221;][et_pb_column type=&#8221;4_4&#8243; _builder_version=&#8221;4.17.0&#8243; _module_preset=&#8221;default&#8221; global_colors_info=&#8221;{}&#8221;][et_pb_text _builder_version=&#8221;4.17.0&#8243; _module_preset=&#8221;default&#8221; hover_enabled=&#8221;0&#8243; global_colors_info=&#8221;{}&#8221; sticky_enabled=&#8221;0&#8243;]<\/p>\n<p>\u5728\u85a9\u723e\u74e6\u591a\u5916\u5305<br \/>\u6211\u5011\u5c08\u9580\u5f9e\u4e8b\u7814\u7a76\uff0c\u9078\u5740\uff0c\u62db\u8058\uff0c\u7be9\u9078\u4eba\u624d\u548c\u4eba\u529b\u8cc7\u6e90\uff0c\u5728\u85a9\u723e\u74e6\u591a\u7d93\u71df\u7684\u6240\u6709\u516c\u53f8\u548c\u884c\u696d\u7684\u7d9c\u5408\u6027\u4f01\u696d\uff0c\u88ab\u7a31\u70ba\u6eff\u8db3\u5408\u540c\u6216\u5206\u5305\u5408\u540c\u7684\u5de5\u4f5c\u4eba\u54e1\u7684\u9700\u6c42\u3002\u6211\u5011\u6709\u6700\u6210\u529f\u548c\u6700\u8a13\u7df4\u6709\u7d20\u7684\u5de5\u4f5c\u4eba\u54e1\uff0c\u4ee5\u63d0\u4f9b\u7a69\u5b9a\u7684\u8cea\u91cf\uff0c\u9078\u64c7\u6bcf\u500b\u54e1\u5de5\u8058\u8acb\u3002<\/p>\n<p>\u6211\u5011\u7167\u9867\u8cb4\u516c\u53f8\u5404\u7d1a\u5206\u5305\u6216\u5916\u5305\uff08\u5916\u5305\uff09\u7684\u5de5\u4f5c\u4eba\u54e1\u3002<br \/>\u5728\u71df\u92b7\uff08\u71df\u92b7\u5916\u5305\uff09\u9818\u57df\uff0c\u6211\u5011\u7684\u7522\u54c1\u589e\u52a0\u92b7\u552e\u548c\u54c1\u724c\u5728\u570b\u5167\u5e02\u5834\u7684\u5b9a\u4f4d\u6216\u670d\u52d9\u7684\u904b\u52d5\u666e\u53ca\u7387\u5c07\u901a\u904e\u500b\u4eba\u548c\u9a45\u52d5\uff0c\u4eba\u548c\u6f6e\u6d41\u5275\u9020\u8005\uff0c\u5e02\u5834\u71df\u92b7\u548c\u7522\u54c1\u5c55\u793a\u3002<\/p>\n<p>\u6211\u5011\u7684\u5c08\u9577\uff0c\u589e\u52a0\u92b7\u552e<br \/>\u6211\u5011\u7684\u500b\u6027\u5316\u71df\u92b7\u6280\u8853\u652f\u6301\uff0c\u4e26\u63d0\u4f9b\u5fc5\u8981\u7684\u4fe1\u606f\u548c\u88dc\u5145\u4f60\u7684\u7522\u54c1\u6216\u670d\u52d9\uff0c\u4f60\u7684\u7522\u54c1\uff0c\u4f60\u7684\u524d\u666f\uff0c\u52a0\u5f37\u54c1\u724c\u6ef2\u900f\u3002\u6211\u5011\u6709\u6700\u597d\u7684\u71df\u92b7\u7b56\u7565\uff0c\u4ee5\u5ba3\u50b3\u4ed6\u5011\u7684\u7522\u54c1\u6216\u670d\u52d9\u7684\u65b0\u5ba2\u6236\u3002\u6211\u5011\u7684\u76ee\u6a19\u662f\u653e\u7f6e\u5728\u4f60\u7684\u7af6\u722d\u5c0d\u624b\u9762\u524d\u3002<\/p>\n<p>[\/et_pb_text][\/et_pb_column][\/et_pb_row][\/et_pb_section][et_pb_section fb_built=&#8221;1&#8243; _builder_version=&#8221;4.17.0&#8243; _module_preset=&#8221;default&#8221; background_color=&#8221;#1A629D&#8221; global_colors_info=&#8221;{}&#8221;][et_pb_row column_structure=&#8221;1_3,1_3,1_3&#8243; _builder_version=&#8221;4.17.0&#8243; _module_preset=&#8221;default&#8221; global_colors_info=&#8221;{}&#8221;][et_pb_column type=&#8221;1_3&#8243; _builder_version=&#8221;4.17.0&#8243; _module_preset=&#8221;default&#8221; global_colors_info=&#8221;{}&#8221;][et_pb_text _builder_version=&#8221;4.17.0&#8243; _module_preset=&#8221;default&#8221; background_layout=&#8221;dark&#8221; global_colors_info=&#8221;{}&#8221;]<\/p>\n<h4>\u5e6b\u52a9\uff1a<\/h4>\n<ul>\n<li><span style=\"color: #ffffff;\"><a style=\"color: #ffffff;\" href=\"https:\/\/grupohyr.com\/zh-hans\/pasos-para-crear-un-curriculum\/\">\u5982\u4f55\u5275\u5efa\u4e00\u500b\u597d\u7684\u7c21\u6b77<\/a><\/span><\/li>\n<li><span style=\"color: #ffffff;\"><a style=\"color: #ffffff;\" href=\"https:\/\/grupohyr.com\/zh-hans\/enviar-curriculum\/\">\u6211\u60f3\u9001\u6211\u7684\u7c21\u6b77<\/a><\/span><\/li>\n<li><span style=\"color: #ffffff;\"><a style=\"color: #ffffff;\" href=\"https:\/\/grupohyr.com\/zh-hans\/informacion-de-el-salvador\/\">\u85a9\u723e\u74e6\u591a\u7684\u4fe1\u606f<\/a><\/span><\/li>\n<li><span style=\"color: #ffffff;\"><a style=\"color: #ffffff;\" href=\"https:\/\/grupohyr.com\/zh-hans\/calculo-salario-el-salvador\/\">\u8a08\u7b97\u6211\u7684\u5de5\u8cc7<\/a><\/span><\/li>\n<\/ul>\n<p>[\/et_pb_text][\/et_pb_column][et_pb_column type=&#8221;1_3&#8243; _builder_version=&#8221;4.17.0&#8243; _module_preset=&#8221;default&#8221; global_colors_info=&#8221;{}&#8221;][et_pb_blurb title=&#8221;\u6211\u5011\u7684\u4f7f\u547d&#8221; use_icon=&#8221;on&#8221; font_icon=&#8221;&#x3d;||divi||400&#8243; icon_color=&#8221;#FFFFFF&#8221; icon_placement=&#8221;left&#8221; _builder_version=&#8221;4.17.0&#8243; _module_preset=&#8221;default&#8221; background_layout=&#8221;dark&#8221; global_colors_info=&#8221;{}&#8221;]<\/p>\n<p>\u8b58\u5225\uff0c\u8a55\u4f30\u548c\u516c\u53f8\u63d0\u4f9b\u85a9\u723e\u74e6\u591a\uff0c\u4eba\u624d\uff0c\u4f7f\u4ed6\u5011\u80fd\u5920\u767c\u5c55\u548c\u512a\u5316\u5176\u8cc7\u6e90\u3002<\/p>\n<p>[\/et_pb_blurb][\/et_pb_column][et_pb_column type=&#8221;1_3&#8243; _builder_version=&#8221;4.17.0&#8243; _module_preset=&#8221;default&#8221; global_colors_info=&#8221;{}&#8221;][et_pb_blurb title=&#8221;\u6211\u5011\u7684\u9858\u666f&#8221; use_icon=&#8221;on&#8221; font_icon=&#8221;&#x3d;||divi||400&#8243; icon_color=&#8221;#FFFFFF&#8221; icon_placement=&#8221;left&#8221; _builder_version=&#8221;4.17.0&#8243; _module_preset=&#8221;default&#8221; background_layout=&#8221;dark&#8221; locked=&#8221;off&#8221; global_colors_info=&#8221;{}&#8221;]<\/p>\n<p>\u4f5c\u70ba\u9069\u5408\u5728\u85a9\u723e\u74e6\u591a\u4f01\u696d\u5bb6\u5404\u7d1a\u4eba\u529b\u8cc7\u6e90\u7684\u9818\u5148\u4f9b\u61c9\u5546\u3002<\/p>\n<p>[\/et_pb_blurb][\/et_pb_column][\/et_pb_row][\/et_pb_section]<\/p>\n","protected":false},"excerpt":{"rendered":"<p>\u5916\u5305\u5728\u85a9\u723e\u74e6\u591a\uff0c\u6211\u5011\u5c08\u6ce8\u65bc\u62db\u8058\uff0c\u9078\u62d4\uff0c\u62db\u8058\uff0c\u85a9\u723e\u74e6\u591a\u7684\u7be9\u67e5\u4eba\u54e1\u548c\u4eba\u529b\u8cc7\u6e90\u3002<\/p>\n","protected":false},"author":1,"featured_media":0,"parent":0,"menu_order":0,"comment_status":"closed","ping_status":"closed","template":"","meta":{"_et_pb_use_builder":"on","_et_pb_old_content":"","_et_gb_content_width":"","footnotes":""},"class_list":["post-248","page","type-page","status-publish","hentry"],"yoast_head":"<!-- This site is optimized with the Yoast SEO plugin v27.4 - https:\/\/yoast.com\/product\/yoast-seo-wordpress\/ -->\n<title>\u85a9\u723e\u74e6\u591a\u5916\u5305\uff0c\u54e1\u5de5\u7684\u62db\u8058\u548c\u9078\u62d4<\/title>\n<meta name=\"description\" content=\"\u5916\u5305\u5728\u85a9\u723e\u74e6\u591a\uff0c\u6211\u5011\u5c08\u6ce8\u65bc\u62db\u8058\uff0c\u9078\u62d4\uff0c\u62db\u8058\uff0c\u85a9\u723e\u74e6\u591a\u7684\u7be9\u67e5\u4eba\u54e1\u548c\u4eba\u529b\u8cc7\u6e90\u3002\" \/>\n<meta name=\"robots\" content=\"index, follow, max-snippet:-1, max-image-preview:large, max-video-preview:-1\" \/>\n<link rel=\"canonical\" href=\"https:\/\/grupohyr.com\/zh-hans\/\" \/>\n<meta property=\"og:locale\" content=\"zh_CN\" \/>\n<meta property=\"og:type\" content=\"article\" \/>\n<meta property=\"og:title\" content=\"\u85a9\u723e\u74e6\u591a\u5916\u5305\uff0c\u54e1\u5de5\u7684\u62db\u8058\u548c\u9078\u62d4\" \/>\n<meta property=\"og:description\" content=\"\u5916\u5305\u5728\u85a9\u723e\u74e6\u591a\uff0c\u6211\u5011\u5c08\u6ce8\u65bc\u62db\u8058\uff0c\u9078\u62d4\uff0c\u62db\u8058\uff0c\u85a9\u723e\u74e6\u591a\u7684\u7be9\u67e5\u4eba\u54e1\u548c\u4eba\u529b\u8cc7\u6e90\u3002\" \/>\n<meta property=\"og:url\" content=\"https:\/\/grupohyr.com\/zh-hans\/\" \/>\n<meta property=\"og:site_name\" content=\"Outsourcing en El Salvador, reclutamiento y selecci\u00f3n de personal\" \/>\n<meta property=\"article:modified_time\" content=\"2025-07-01T21:59:29+00:00\" \/>\n<meta name=\"twitter:card\" content=\"summary_large_image\" \/>\n<meta name=\"twitter:label1\" content=\"\u9884\u8ba1\u9605\u8bfb\u65f6\u95f4\" \/>\n\t<meta name=\"twitter:data1\" content=\"1 \u5206\" \/>\n<script type=\"application\/ld+json\" class=\"yoast-schema-graph\">{\"@context\":\"https:\\\/\\\/schema.org\",\"@graph\":[{\"@type\":\"WebPage\",\"@id\":\"https:\\\/\\\/grupohyr.com\\\/zh-hans\\\/\",\"url\":\"https:\\\/\\\/grupohyr.com\\\/zh-hans\\\/\",\"name\":\"\u85a9\u723e\u74e6\u591a\u5916\u5305\uff0c\u54e1\u5de5\u7684\u62db\u8058\u548c\u9078\u62d4\",\"isPartOf\":{\"@id\":\"https:\\\/\\\/grupohyr.com\\\/zh-hans\\\/#website\"},\"datePublished\":\"2022-04-15T00:21:48+00:00\",\"dateModified\":\"2025-07-01T21:59:29+00:00\",\"description\":\"\u5916\u5305\u5728\u85a9\u723e\u74e6\u591a\uff0c\u6211\u5011\u5c08\u6ce8\u65bc\u62db\u8058\uff0c\u9078\u62d4\uff0c\u62db\u8058\uff0c\u85a9\u723e\u74e6\u591a\u7684\u7be9\u67e5\u4eba\u54e1\u548c\u4eba\u529b\u8cc7\u6e90\u3002\",\"breadcrumb\":{\"@id\":\"https:\\\/\\\/grupohyr.com\\\/zh-hans\\\/#breadcrumb\"},\"inLanguage\":\"zh-Hans\",\"potentialAction\":[{\"@type\":\"ReadAction\",\"target\":[\"https:\\\/\\\/grupohyr.com\\\/zh-hans\\\/\"]}]},{\"@type\":\"BreadcrumbList\",\"@id\":\"https:\\\/\\\/grupohyr.com\\\/zh-hans\\\/#breadcrumb\",\"itemListElement\":[{\"@type\":\"ListItem\",\"position\":1,\"name\":\"Portada\",\"item\":\"https:\\\/\\\/grupohyr.com\\\/zh-hans\\\/\"},{\"@type\":\"ListItem\",\"position\":2,\"name\":\"\u5f15\u767c\"}]},{\"@type\":\"WebSite\",\"@id\":\"https:\\\/\\\/grupohyr.com\\\/zh-hans\\\/#website\",\"url\":\"https:\\\/\\\/grupohyr.com\\\/zh-hans\\\/\",\"name\":\"Outsourcing en El Salvador, reclutamiento y selecci\u00f3n de personal\",\"description\":\"Outsourcing en El Salvador, somos especialistas en b\u00fasqueda, selecci\u00f3n, reclutamiento,  preselecci\u00f3n de personal y recursos humanos en El Salvador\",\"potentialAction\":[{\"@type\":\"SearchAction\",\"target\":{\"@type\":\"EntryPoint\",\"urlTemplate\":\"https:\\\/\\\/grupohyr.com\\\/zh-hans\\\/?s={search_term_string}\"},\"query-input\":{\"@type\":\"PropertyValueSpecification\",\"valueRequired\":true,\"valueName\":\"search_term_string\"}}],\"inLanguage\":\"zh-Hans\"}]}<\/script>\n<!-- \/ Yoast SEO plugin. -->","yoast_head_json":{"title":"\u85a9\u723e\u74e6\u591a\u5916\u5305\uff0c\u54e1\u5de5\u7684\u62db\u8058\u548c\u9078\u62d4","description":"\u5916\u5305\u5728\u85a9\u723e\u74e6\u591a\uff0c\u6211\u5011\u5c08\u6ce8\u65bc\u62db\u8058\uff0c\u9078\u62d4\uff0c\u62db\u8058\uff0c\u85a9\u723e\u74e6\u591a\u7684\u7be9\u67e5\u4eba\u54e1\u548c\u4eba\u529b\u8cc7\u6e90\u3002","robots":{"index":"index","follow":"follow","max-snippet":"max-snippet:-1","max-image-preview":"max-image-preview:large","max-video-preview":"max-video-preview:-1"},"canonical":"https:\/\/grupohyr.com\/zh-hans\/","og_locale":"zh_CN","og_type":"article","og_title":"\u85a9\u723e\u74e6\u591a\u5916\u5305\uff0c\u54e1\u5de5\u7684\u62db\u8058\u548c\u9078\u62d4","og_description":"\u5916\u5305\u5728\u85a9\u723e\u74e6\u591a\uff0c\u6211\u5011\u5c08\u6ce8\u65bc\u62db\u8058\uff0c\u9078\u62d4\uff0c\u62db\u8058\uff0c\u85a9\u723e\u74e6\u591a\u7684\u7be9\u67e5\u4eba\u54e1\u548c\u4eba\u529b\u8cc7\u6e90\u3002","og_url":"https:\/\/grupohyr.com\/zh-hans\/","og_site_name":"Outsourcing en El Salvador, reclutamiento y selecci\u00f3n de personal","article_modified_time":"2025-07-01T21:59:29+00:00","twitter_card":"summary_large_image","twitter_misc":{"\u9884\u8ba1\u9605\u8bfb\u65f6\u95f4":"1 \u5206"},"schema":{"@context":"https:\/\/schema.org","@graph":[{"@type":"WebPage","@id":"https:\/\/grupohyr.com\/zh-hans\/","url":"https:\/\/grupohyr.com\/zh-hans\/","name":"\u85a9\u723e\u74e6\u591a\u5916\u5305\uff0c\u54e1\u5de5\u7684\u62db\u8058\u548c\u9078\u62d4","isPartOf":{"@id":"https:\/\/grupohyr.com\/zh-hans\/#website"},"datePublished":"2022-04-15T00:21:48+00:00","dateModified":"2025-07-01T21:59:29+00:00","description":"\u5916\u5305\u5728\u85a9\u723e\u74e6\u591a\uff0c\u6211\u5011\u5c08\u6ce8\u65bc\u62db\u8058\uff0c\u9078\u62d4\uff0c\u62db\u8058\uff0c\u85a9\u723e\u74e6\u591a\u7684\u7be9\u67e5\u4eba\u54e1\u548c\u4eba\u529b\u8cc7\u6e90\u3002","breadcrumb":{"@id":"https:\/\/grupohyr.com\/zh-hans\/#breadcrumb"},"inLanguage":"zh-Hans","potentialAction":[{"@type":"ReadAction","target":["https:\/\/grupohyr.com\/zh-hans\/"]}]},{"@type":"BreadcrumbList","@id":"https:\/\/grupohyr.com\/zh-hans\/#breadcrumb","itemListElement":[{"@type":"ListItem","position":1,"name":"Portada","item":"https:\/\/grupohyr.com\/zh-hans\/"},{"@type":"ListItem","position":2,"name":"\u5f15\u767c"}]},{"@type":"WebSite","@id":"https:\/\/grupohyr.com\/zh-hans\/#website","url":"https:\/\/grupohyr.com\/zh-hans\/","name":"Outsourcing en El Salvador, reclutamiento y selecci\u00f3n de personal","description":"Outsourcing en El Salvador, somos especialistas en b\u00fasqueda, selecci\u00f3n, reclutamiento,  preselecci\u00f3n de personal y recursos humanos en El Salvador","potentialAction":[{"@type":"SearchAction","target":{"@type":"EntryPoint","urlTemplate":"https:\/\/grupohyr.com\/zh-hans\/?s={search_term_string}"},"query-input":{"@type":"PropertyValueSpecification","valueRequired":true,"valueName":"search_term_string"}}],"inLanguage":"zh-Hans"}]}},"_links":{"self":[{"href":"https:\/\/grupohyr.com\/zh-hans\/wp-json\/wp\/v2\/pages\/248","targetHints":{"allow":["GET"]}}],"collection":[{"href":"https:\/\/grupohyr.com\/zh-hans\/wp-json\/wp\/v2\/pages"}],"about":[{"href":"https:\/\/grupohyr.com\/zh-hans\/wp-json\/wp\/v2\/types\/page"}],"author":[{"embeddable":true,"href":"https:\/\/grupohyr.com\/zh-hans\/wp-json\/wp\/v2\/users\/1"}],"replies":[{"embeddable":true,"href":"https:\/\/grupohyr.com\/zh-hans\/wp-json\/wp\/v2\/comments?post=248"}],"version-history":[{"count":5,"href":"https:\/\/grupohyr.com\/zh-hans\/wp-json\/wp\/v2\/pages\/248\/revisions"}],"predecessor-version":[{"id":496,"href":"https:\/\/grupohyr.com\/zh-hans\/wp-json\/wp\/v2\/pages\/248\/revisions\/496"}],"wp:attachment":[{"href":"https:\/\/grupohyr.com\/zh-hans\/wp-json\/wp\/v2\/media?parent=248"}],"curies":[{"name":"wp","href":"https:\/\/api.w.org\/{rel}","templated":true}]}}