{"id":316,"date":"2022-04-14T18:21:48","date_gmt":"2022-04-15T00:21:48","guid":{"rendered":"https:\/\/wboxinteractive.com\/mce\/grupohyr\/btl-el-salvador\/"},"modified":"2022-04-15T19:52:26","modified_gmt":"2022-04-16T01:52:26","slug":"btl-el-salvador","status":"publish","type":"page","link":"https:\/\/grupohyr.com\/en\/btl-el-salvador\/","title":{"rendered":"Brand Activation in El Salvador"},"content":{"rendered":"<p>[et_pb_section fb_built=&#8221;1&#8243; specialty=&#8221;on&#8221; _builder_version=&#8221;4.17.0&#8243; _module_preset=&#8221;default&#8221; background_color=&#8221;#1A629D&#8221; global_colors_info=&#8221;{}&#8221;][et_pb_column type=&#8221;2_3&#8243; specialty_columns=&#8221;2&#8243; _builder_version=&#8221;4.16&#8243; custom_padding=&#8221;|||&#8221; global_colors_info=&#8221;{}&#8221; custom_padding__hover=&#8221;|||&#8221;][et_pb_row_inner _builder_version=&#8221;4.17.0&#8243; _module_preset=&#8221;default&#8221; custom_padding=&#8221;0px||0px|||&#8221; global_colors_info=&#8221;{}&#8221;][et_pb_column_inner saved_specialty_column_type=&#8221;2_3&#8243; _builder_version=&#8221;4.17.0&#8243; _module_preset=&#8221;default&#8221; global_colors_info=&#8221;{}&#8221;][et_pb_image src=&#8221;https:\/\/grupohyr.com\/wp-content\/uploads\/2022\/04\/Outsourcing-Pomotoras-El-Salvador.jpeg&#8221; alt=&#8221;Outsourcing Pomotoras El Salvador&#8221; title_text=&#8221;Outsourcing Pomotoras El Salvador&#8221; _builder_version=&#8221;4.17.0&#8243; _module_preset=&#8221;default&#8221; global_colors_info=&#8221;{}&#8221;][\/et_pb_image][\/et_pb_column_inner][\/et_pb_row_inner][et_pb_row_inner _builder_version=&#8221;4.17.0&#8243; _module_preset=&#8221;default&#8221; background_color=&#8221;#FFFFFF&#8221; custom_padding=&#8221;35px|35px|35px|35px|true|true&#8221; global_colors_info=&#8221;{}&#8221;][et_pb_column_inner saved_specialty_column_type=&#8221;2_3&#8243; _builder_version=&#8221;4.17.0&#8243; _module_preset=&#8221;default&#8221; global_colors_info=&#8221;{}&#8221;][et_pb_text _builder_version=&#8221;4.17.0&#8243; _module_preset=&#8221;default&#8221; hover_enabled=&#8221;0&#8243; global_colors_info=&#8221;{}&#8221; sticky_enabled=&#8221;0&#8243;]<\/p>\n<h1>Brand Activation &#8211; Marketing BTL<\/h1>\n<p>&nbsp;<\/p>\n<p>You need advertising and plan effectiveness communication of your business you should consider our service BTL BRAND ACTIVATION In El Salvador, we are at the forefront of the changes in the advertising field.<\/p>\n<h2>Grupo H&amp;R offers a new strategy for Brand Activation<\/h2>\n<p>Interaction that manages the brand to persuade a consumer evasively by unique experiences these in turn cause the desire be experienced by the consumer.<\/p>\n<p>Development of BTL activities and its main feature development of an innovative new type of contact with consumers, if so, the creativity the surprise element that causes a consumer action.<\/p>\n<p>To carry out the activation process we do maintaining brand dynamic brand in the minds of customers, this through a series shares of non-traditional resources:<\/p>\n<h2>Marketing BTL El Salvador<\/h2>\n<p>We perform internal actions in the company, shares in retail outlets, web development to direct marketing, street actions, among other communication channels.<\/p>\n<p><strong>Benefits:<\/strong><\/p>\n<ul>\n<li>Create a good message that addresses the consumer in a smart way, which in turn makes brands grow.<\/li>\n<li>The idea behind this way of advertising is to generate a &#8220;brand experience&#8221;.<\/li>\n<li>It is low cost compared to the means used in advertising ATL, making it accessible especially for small businesses.<\/li>\n<li>It is versatile and flexible as it gives infinite possibilities in the implementation of projects.<\/li>\n<li>Positioning segmented messages. What does this mean? That means an event or marketing activity in a given area may reach consumer audiences or desired<\/li>\n<\/ul>\n<p>Our equipment includes a variety of communication strategies commercial through which the advertising message consumer impacts by resources that are not used in traditional mass advertising which possess the property of attracting consumer attention.<\/p>\n<p>[\/et_pb_text][\/et_pb_column_inner][\/et_pb_row_inner][\/et_pb_column][et_pb_column type=&#8221;1_3&#8243; _builder_version=&#8221;4.16&#8243; custom_padding=&#8221;|||&#8221; global_colors_info=&#8221;{}&#8221; custom_padding__hover=&#8221;|||&#8221;][et_pb_contact_form use_spam_service=&#8221;on&#8221; recaptcha_list=&#8221;Default|Default-0&#8243; email=&#8221;info@mercadeocorporativoempresarial.com&#8221; title=&#8221;Contact Us&#8230;&#8221; custom_message=&#8221;Nombre: %%Nombre%%||et_pb_line_break_holder||Tel\u00e9fono de Contacto: %%Telefono%%||et_pb_line_break_holder||Correo Electr\u00f3nico: %%Email%%||et_pb_line_break_holder||||et_pb_line_break_holder||Mensaje:||et_pb_line_break_holder||%%Mensaje%%&#8221; _builder_version=&#8221;4.17.0&#8243; _module_preset=&#8221;default&#8221; _unique_id=&#8221;2d134714-0e47-4d7d-b607-04c61c69380f&#8221; form_field_background_color=&#8221;#003569&#8243; form_field_text_color=&#8221;#FFFFFF&#8221; form_field_focus_background_color=&#8221;#333333&#8243; form_field_focus_text_color=&#8221;#FFFFFF&#8221; title_text_color=&#8221;#FFFFFF&#8221; captcha_text_color=&#8221;#FFFFFF&#8221; custom_button=&#8221;on&#8221; button_text_color=&#8221;#FFFFFF&#8221; button_bg_color=&#8221;#003569&#8243; custom_margin=&#8221;||84px|||&#8221; global_module=&#8221;143&#8243; saved_tabs=&#8221;all&#8221; global_colors_info=&#8221;{}&#8221;][et_pb_contact_field field_id=&#8221;Nombre&#8221; field_title=&#8221;Name&#8221; fullwidth_field=&#8221;on&#8221; _builder_version=&#8221;4.17.0&#8243; global_colors_info=&#8221;{}&#8221; button_text_size__hover_enabled=&#8221;off&#8221; button_one_text_size__hover_enabled=&#8221;off&#8221; button_two_text_size__hover_enabled=&#8221;off&#8221; button_text_color__hover_enabled=&#8221;off&#8221; button_one_text_color__hover_enabled=&#8221;off&#8221; button_two_text_color__hover_enabled=&#8221;off&#8221; button_border_width__hover_enabled=&#8221;off&#8221; button_one_border_width__hover_enabled=&#8221;off&#8221; button_two_border_width__hover_enabled=&#8221;off&#8221; button_border_color__hover_enabled=&#8221;off&#8221; button_one_border_color__hover_enabled=&#8221;off&#8221; button_two_border_color__hover_enabled=&#8221;off&#8221; button_border_radius__hover_enabled=&#8221;off&#8221; button_one_border_radius__hover_enabled=&#8221;off&#8221; button_two_border_radius__hover_enabled=&#8221;off&#8221; button_letter_spacing__hover_enabled=&#8221;off&#8221; button_one_letter_spacing__hover_enabled=&#8221;off&#8221; button_two_letter_spacing__hover_enabled=&#8221;off&#8221; button_bg_color__hover_enabled=&#8221;off&#8221; button_one_bg_color__hover_enabled=&#8221;off&#8221; button_two_bg_color__hover_enabled=&#8221;off&#8221;][\/et_pb_contact_field][et_pb_contact_field field_id=&#8221;Telefono&#8221; field_title=&#8221;Phone&#8221; fullwidth_field=&#8221;on&#8221; _builder_version=&#8221;4.17.0&#8243; global_colors_info=&#8221;{}&#8221; button_text_size__hover_enabled=&#8221;off&#8221; button_one_text_size__hover_enabled=&#8221;off&#8221; button_two_text_size__hover_enabled=&#8221;off&#8221; button_text_color__hover_enabled=&#8221;off&#8221; button_one_text_color__hover_enabled=&#8221;off&#8221; button_two_text_color__hover_enabled=&#8221;off&#8221; button_border_width__hover_enabled=&#8221;off&#8221; button_one_border_width__hover_enabled=&#8221;off&#8221; button_two_border_width__hover_enabled=&#8221;off&#8221; button_border_color__hover_enabled=&#8221;off&#8221; button_one_border_color__hover_enabled=&#8221;off&#8221; button_two_border_color__hover_enabled=&#8221;off&#8221; button_border_radius__hover_enabled=&#8221;off&#8221; button_one_border_radius__hover_enabled=&#8221;off&#8221; button_two_border_radius__hover_enabled=&#8221;off&#8221; button_letter_spacing__hover_enabled=&#8221;off&#8221; button_one_letter_spacing__hover_enabled=&#8221;off&#8221; button_two_letter_spacing__hover_enabled=&#8221;off&#8221; button_bg_color__hover_enabled=&#8221;off&#8221; button_one_bg_color__hover_enabled=&#8221;off&#8221; button_two_bg_color__hover_enabled=&#8221;off&#8221;][\/et_pb_contact_field][et_pb_contact_field field_id=&#8221;Email&#8221; field_title=&#8221;Email&#8221; field_type=&#8221;email&#8221; fullwidth_field=&#8221;on&#8221; _builder_version=&#8221;4.17.0&#8243; global_colors_info=&#8221;{}&#8221; button_text_size__hover_enabled=&#8221;off&#8221; button_one_text_size__hover_enabled=&#8221;off&#8221; button_two_text_size__hover_enabled=&#8221;off&#8221; button_text_color__hover_enabled=&#8221;off&#8221; button_one_text_color__hover_enabled=&#8221;off&#8221; button_two_text_color__hover_enabled=&#8221;off&#8221; button_border_width__hover_enabled=&#8221;off&#8221; button_one_border_width__hover_enabled=&#8221;off&#8221; button_two_border_width__hover_enabled=&#8221;off&#8221; button_border_color__hover_enabled=&#8221;off&#8221; button_one_border_color__hover_enabled=&#8221;off&#8221; button_two_border_color__hover_enabled=&#8221;off&#8221; button_border_radius__hover_enabled=&#8221;off&#8221; button_one_border_radius__hover_enabled=&#8221;off&#8221; button_two_border_radius__hover_enabled=&#8221;off&#8221; button_letter_spacing__hover_enabled=&#8221;off&#8221; button_one_letter_spacing__hover_enabled=&#8221;off&#8221; button_two_letter_spacing__hover_enabled=&#8221;off&#8221; button_bg_color__hover_enabled=&#8221;off&#8221; button_one_bg_color__hover_enabled=&#8221;off&#8221; button_two_bg_color__hover_enabled=&#8221;off&#8221;][\/et_pb_contact_field][et_pb_contact_field field_id=&#8221;Mensaje&#8221; field_title=&#8221;Message&#8221; field_type=&#8221;text&#8221; fullwidth_field=&#8221;on&#8221; _builder_version=&#8221;4.17.0&#8243; global_colors_info=&#8221;{}&#8221; button_text_size__hover_enabled=&#8221;off&#8221; button_one_text_size__hover_enabled=&#8221;off&#8221; button_two_text_size__hover_enabled=&#8221;off&#8221; button_text_color__hover_enabled=&#8221;off&#8221; button_one_text_color__hover_enabled=&#8221;off&#8221; button_two_text_color__hover_enabled=&#8221;off&#8221; button_border_width__hover_enabled=&#8221;off&#8221; button_one_border_width__hover_enabled=&#8221;off&#8221; button_two_border_width__hover_enabled=&#8221;off&#8221; button_border_color__hover_enabled=&#8221;off&#8221; button_one_border_color__hover_enabled=&#8221;off&#8221; button_two_border_color__hover_enabled=&#8221;off&#8221; button_border_radius__hover_enabled=&#8221;off&#8221; button_one_border_radius__hover_enabled=&#8221;off&#8221; button_two_border_radius__hover_enabled=&#8221;off&#8221; button_letter_spacing__hover_enabled=&#8221;off&#8221; button_one_letter_spacing__hover_enabled=&#8221;off&#8221; button_two_letter_spacing__hover_enabled=&#8221;off&#8221; button_bg_color__hover_enabled=&#8221;off&#8221; button_one_bg_color__hover_enabled=&#8221;off&#8221; button_two_bg_color__hover_enabled=&#8221;off&#8221;][\/et_pb_contact_field][\/et_pb_contact_form][et_pb_button button_url=&#8221;@ET-DC@eyJkeW5hbWljIjp0cnVlLCJjb250ZW50IjoicG9zdF9saW5rX3VybF9wYWdlIiwic2V0dGluZ3MiOnsicG9zdF9pZCI6IjIyIn19@&#8221; button_text=&#8221;Send my Resume&#8221; button_alignment=&#8221;center&#8221; _builder_version=&#8221;4.17.0&#8243; _dynamic_attributes=&#8221;button_url&#8221; _module_preset=&#8221;default&#8221; custom_button=&#8221;on&#8221; button_text_color=&#8221;#003569&#8243; button_bg_color=&#8221;#FFFFFF&#8221; hover_enabled=&#8221;0&#8243; global_colors_info=&#8221;{}&#8221; sticky_enabled=&#8221;0&#8243;][\/et_pb_button][et_pb_slider use_bg_overlay=&#8221;on&#8221; bg_overlay_color=&#8221;rgba(0,0,0,0.34)&#8221; _builder_version=&#8221;4.17.0&#8243; _module_preset=&#8221;default&#8221; custom_padding=&#8221;131px||131px||true|false&#8221; global_module=&#8221;140&#8243; global_colors_info=&#8221;{}&#8221;][et_pb_slide heading=&#8221;Personnel Outsourcing in El Salvador&#8221; button_link=&#8221;@ET-DC@eyJkeW5hbWljIjp0cnVlLCJjb250ZW50IjoicG9zdF9saW5rX3VybF9wYWdlIiwic2V0dGluZ3MiOnsicG9zdF9pZCI6IjEzIn19@&#8221; _builder_version=&#8221;4.17.0&#8243; _dynamic_attributes=&#8221;button_link,link_option_url&#8221; _module_preset=&#8221;default&#8221; background_color=&#8221;#1A629D&#8221; background_enable_color=&#8221;on&#8221; background_image=&#8221;https:\/\/grupohyr.com\/wp-content\/uploads\/2022\/04\/Outsourcing-de-Personal-El-Salvador.jpeg&#8221; background_enable_image=&#8221;on&#8221; link_option_url=&#8221;@ET-DC@eyJkeW5hbWljIjp0cnVlLCJjb250ZW50IjoicG9zdF9saW5rX3VybF9wYWdlIiwic2V0dGluZ3MiOnsicG9zdF9pZCI6IjEzIn19@&#8221; global_colors_info=&#8221;{}&#8221; sticky_transition=&#8221;on&#8221;][\/et_pb_slide][et_pb_slide heading=&#8221;Marketing Outsourcing in El Salvador&#8221; button_link=&#8221;@ET-DC@eyJkeW5hbWljIjp0cnVlLCJjb250ZW50IjoicG9zdF9saW5rX3VybF9wYWdlIiwic2V0dGluZ3MiOnsicG9zdF9pZCI6IjE4In19@&#8221; _builder_version=&#8221;4.17.0&#8243; _dynamic_attributes=&#8221;button_link,link_option_url&#8221; _module_preset=&#8221;default&#8221; background_color=&#8221;#1A629D&#8221; background_enable_color=&#8221;on&#8221; background_image=&#8221;https:\/\/grupohyr.com\/wp-content\/uploads\/2022\/04\/Displays-El-Salvador.jpeg&#8221; background_enable_image=&#8221;on&#8221; link_option_url=&#8221;@ET-DC@eyJkeW5hbWljIjp0cnVlLCJjb250ZW50IjoicG9zdF9saW5rX3VybF9wYWdlIiwic2V0dGluZ3MiOnsicG9zdF9pZCI6IjE4In19@&#8221; global_colors_info=&#8221;{}&#8221; sticky_transition=&#8221;on&#8221;][\/et_pb_slide][et_pb_slide heading=&#8221;Brand Activation in El Salvador&#8221; button_link=&#8221;@ET-DC@eyJkeW5hbWljIjp0cnVlLCJjb250ZW50IjoicG9zdF9saW5rX3VybF9wYWdlIiwic2V0dGluZ3MiOnsicG9zdF9pZCI6IjE5In19@&#8221; _builder_version=&#8221;4.17.0&#8243; _dynamic_attributes=&#8221;button_link,link_option_url&#8221; _module_preset=&#8221;default&#8221; background_color=&#8221;#1A629D&#8221; background_enable_color=&#8221;on&#8221; background_image=&#8221;https:\/\/grupohyr.com\/wp-content\/uploads\/2022\/04\/Promotoras-El-Salvador.jpeg&#8221; background_enable_image=&#8221;on&#8221; link_option_url=&#8221;@ET-DC@eyJkeW5hbWljIjp0cnVlLCJjb250ZW50IjoicG9zdF9saW5rX3VybF9wYWdlIiwic2V0dGluZ3MiOnsicG9zdF9pZCI6IjE5In19@&#8221; global_colors_info=&#8221;{}&#8221; sticky_transition=&#8221;on&#8221;][\/et_pb_slide][et_pb_slide heading=&#8221;Human Resources in El Salvador&#8221; button_link=&#8221;@ET-DC@eyJkeW5hbWljIjp0cnVlLCJjb250ZW50IjoicG9zdF9saW5rX3VybF9wYWdlIiwic2V0dGluZ3MiOnsicG9zdF9pZCI6IjE0In19@&#8221; _builder_version=&#8221;4.17.0&#8243; _dynamic_attributes=&#8221;button_link,link_option_url&#8221; _module_preset=&#8221;default&#8221; background_color=&#8221;#1A629D&#8221; background_enable_color=&#8221;on&#8221; background_image=&#8221;https:\/\/grupohyr.com\/wp-content\/uploads\/2022\/04\/Recursos-Humanos-El-Salvador.jpeg&#8221; background_enable_image=&#8221;on&#8221; link_option_url=&#8221;@ET-DC@eyJkeW5hbWljIjp0cnVlLCJjb250ZW50IjoicG9zdF9saW5rX3VybF9wYWdlIiwic2V0dGluZ3MiOnsicG9zdF9pZCI6IjE0In19@&#8221; global_colors_info=&#8221;{}&#8221; sticky_transition=&#8221;on&#8221;][\/et_pb_slide][et_pb_slide heading=&#8221;Payroll Administration in El Salvador&#8221; button_link=&#8221;@ET-DC@eyJkeW5hbWljIjp0cnVlLCJjb250ZW50IjoicG9zdF9saW5rX3VybF9wYWdlIiwic2V0dGluZ3MiOnsicG9zdF9pZCI6IjE1In19@&#8221; _builder_version=&#8221;4.17.0&#8243; _dynamic_attributes=&#8221;button_link,link_option_url&#8221; _module_preset=&#8221;default&#8221; background_color=&#8221;#1A629D&#8221; background_enable_color=&#8221;on&#8221; background_image=&#8221;https:\/\/grupohyr.com\/wp-content\/uploads\/2022\/04\/Payroll-Administration-Services-in-El-Salvador.jpeg&#8221; background_enable_image=&#8221;on&#8221; link_option_url=&#8221;@ET-DC@eyJkeW5hbWljIjp0cnVlLCJjb250ZW50IjoicG9zdF9saW5rX3VybF9wYWdlIiwic2V0dGluZ3MiOnsicG9zdF9pZCI6IjE1In19@&#8221; global_colors_info=&#8221;{}&#8221; sticky_transition=&#8221;on&#8221;][\/et_pb_slide][et_pb_slide heading=&#8221;Cleaning Services in El Salvador&#8221; button_link=&#8221;@ET-DC@eyJkeW5hbWljIjp0cnVlLCJjb250ZW50IjoicG9zdF9saW5rX3VybF9wYWdlIiwic2V0dGluZ3MiOnsicG9zdF9pZCI6IjE2In19@&#8221; _builder_version=&#8221;4.17.0&#8243; _dynamic_attributes=&#8221;button_link,link_option_url&#8221; _module_preset=&#8221;default&#8221; background_color=&#8221;#1A629D&#8221; background_enable_color=&#8221;on&#8221; background_image=&#8221;https:\/\/grupohyr.com\/wp-content\/uploads\/2022\/04\/shutterstock_678273664.jpeg&#8221; background_enable_image=&#8221;on&#8221; link_option_url=&#8221;@ET-DC@eyJkeW5hbWljIjp0cnVlLCJjb250ZW50IjoicG9zdF9saW5rX3VybF9wYWdlIiwic2V0dGluZ3MiOnsicG9zdF9pZCI6IjE2In19@&#8221; global_colors_info=&#8221;{}&#8221; sticky_transition=&#8221;on&#8221;][\/et_pb_slide][\/et_pb_slider][et_pb_text _builder_version=&#8221;4.17.0&#8243; _module_preset=&#8221;default&#8221; background_layout=&#8221;dark&#8221; custom_margin=&#8221;||22px|||&#8221; hover_enabled=&#8221;0&#8243; global_colors_info=&#8221;{}&#8221; sticky_enabled=&#8221;0&#8243;]<\/p>\n<h2>Our Services:<\/h2>\n<p>[\/et_pb_text][et_pb_menu menu_id=&#8221;17&#8243; active_link_color=&#8221;#A4D3FE&#8221; _builder_version=&#8221;4.17.0&#8243; _module_preset=&#8221;default&#8221; menu_text_color=&#8221;#FFFFFF&#8221; background_enable_color=&#8221;off&#8221; global_colors_info=&#8221;{}&#8221;][\/et_pb_menu][\/et_pb_column][\/et_pb_section]<\/p>\n","protected":false},"excerpt":{"rendered":"<p>Marketing BTL El Salvador, service brand activation, shares in retail, web development to direct marketing, street actions<\/p>\n","protected":false},"author":1,"featured_media":100,"parent":0,"menu_order":7,"comment_status":"closed","ping_status":"closed","template":"","meta":{"_et_pb_use_builder":"on","_et_pb_old_content":"","_et_gb_content_width":"","footnotes":""},"class_list":["post-316","page","type-page","status-publish","has-post-thumbnail","hentry"],"yoast_head":"<!-- This site is optimized with the Yoast SEO plugin v27.4 - https:\/\/yoast.com\/product\/yoast-seo-wordpress\/ -->\n<title>BTL El Salvador, brand activation and marketing in El Salvador<\/title>\n<meta name=\"description\" content=\"Marketing BTL El Salvador, service brand activation, shares in retail, web development to direct marketing, street actions\" \/>\n<meta name=\"robots\" content=\"index, follow, max-snippet:-1, max-image-preview:large, max-video-preview:-1\" \/>\n<link rel=\"canonical\" href=\"https:\/\/grupohyr.com\/en\/btl-el-salvador\/\" \/>\n<meta property=\"og:locale\" content=\"en_US\" \/>\n<meta property=\"og:type\" content=\"article\" \/>\n<meta property=\"og:title\" content=\"BTL El Salvador, brand activation and marketing in El Salvador\" \/>\n<meta property=\"og:description\" content=\"Marketing BTL El Salvador, service brand activation, shares in retail, web development to direct marketing, street actions\" \/>\n<meta property=\"og:url\" content=\"https:\/\/grupohyr.com\/en\/btl-el-salvador\/\" \/>\n<meta property=\"og:site_name\" content=\"Outsourcing en El Salvador, reclutamiento y selecci\u00f3n de personal\" \/>\n<meta property=\"article:modified_time\" content=\"2022-04-16T01:52:26+00:00\" \/>\n<meta property=\"og:image\" content=\"https:\/\/grupohyr.com\/wp-content\/uploads\/2022\/04\/Outsourcing-Pomotoras-El-Salvador.jpeg\" \/>\n\t<meta property=\"og:image:width\" content=\"1760\" \/>\n\t<meta property=\"og:image:height\" content=\"1280\" \/>\n\t<meta property=\"og:image:type\" content=\"image\/jpeg\" \/>\n<meta name=\"twitter:card\" content=\"summary_large_image\" \/>\n<meta name=\"twitter:label1\" content=\"Est. reading time\" \/>\n\t<meta name=\"twitter:data1\" content=\"10 minutes\" \/>\n<script type=\"application\/ld+json\" class=\"yoast-schema-graph\">{\"@context\":\"https:\\\/\\\/schema.org\",\"@graph\":[{\"@type\":\"WebPage\",\"@id\":\"https:\\\/\\\/grupohyr.com\\\/en\\\/btl-el-salvador\\\/\",\"url\":\"https:\\\/\\\/grupohyr.com\\\/en\\\/btl-el-salvador\\\/\",\"name\":\"BTL El Salvador, brand activation and marketing in El Salvador\",\"isPartOf\":{\"@id\":\"https:\\\/\\\/grupohyr.com\\\/en\\\/#website\"},\"primaryImageOfPage\":{\"@id\":\"https:\\\/\\\/grupohyr.com\\\/en\\\/btl-el-salvador\\\/#primaryimage\"},\"image\":{\"@id\":\"https:\\\/\\\/grupohyr.com\\\/en\\\/btl-el-salvador\\\/#primaryimage\"},\"thumbnailUrl\":\"https:\\\/\\\/grupohyr.com\\\/wp-content\\\/uploads\\\/2022\\\/04\\\/Outsourcing-Pomotoras-El-Salvador.jpeg\",\"datePublished\":\"2022-04-15T00:21:48+00:00\",\"dateModified\":\"2022-04-16T01:52:26+00:00\",\"description\":\"Marketing BTL El Salvador, service brand activation, shares in retail, web development to direct marketing, street actions\",\"breadcrumb\":{\"@id\":\"https:\\\/\\\/grupohyr.com\\\/en\\\/btl-el-salvador\\\/#breadcrumb\"},\"inLanguage\":\"en-US\",\"potentialAction\":[{\"@type\":\"ReadAction\",\"target\":[\"https:\\\/\\\/grupohyr.com\\\/en\\\/btl-el-salvador\\\/\"]}]},{\"@type\":\"ImageObject\",\"inLanguage\":\"en-US\",\"@id\":\"https:\\\/\\\/grupohyr.com\\\/en\\\/btl-el-salvador\\\/#primaryimage\",\"url\":\"https:\\\/\\\/grupohyr.com\\\/wp-content\\\/uploads\\\/2022\\\/04\\\/Outsourcing-Pomotoras-El-Salvador.jpeg\",\"contentUrl\":\"https:\\\/\\\/grupohyr.com\\\/wp-content\\\/uploads\\\/2022\\\/04\\\/Outsourcing-Pomotoras-El-Salvador.jpeg\",\"width\":1760,\"height\":1280,\"caption\":\"Outsourcing Pomotoras El Salvador\"},{\"@type\":\"BreadcrumbList\",\"@id\":\"https:\\\/\\\/grupohyr.com\\\/en\\\/btl-el-salvador\\\/#breadcrumb\",\"itemListElement\":[{\"@type\":\"ListItem\",\"position\":1,\"name\":\"Portada\",\"item\":\"https:\\\/\\\/grupohyr.com\\\/en\\\/\"},{\"@type\":\"ListItem\",\"position\":2,\"name\":\"Brand Activation in El Salvador\"}]},{\"@type\":\"WebSite\",\"@id\":\"https:\\\/\\\/grupohyr.com\\\/en\\\/#website\",\"url\":\"https:\\\/\\\/grupohyr.com\\\/en\\\/\",\"name\":\"Outsourcing en El Salvador, reclutamiento y selecci\u00f3n de personal\",\"description\":\"Outsourcing en El Salvador, somos especialistas en b\u00fasqueda, selecci\u00f3n, reclutamiento,  preselecci\u00f3n de personal y recursos humanos en El Salvador\",\"potentialAction\":[{\"@type\":\"SearchAction\",\"target\":{\"@type\":\"EntryPoint\",\"urlTemplate\":\"https:\\\/\\\/grupohyr.com\\\/en\\\/?s={search_term_string}\"},\"query-input\":{\"@type\":\"PropertyValueSpecification\",\"valueRequired\":true,\"valueName\":\"search_term_string\"}}],\"inLanguage\":\"en-US\"}]}<\/script>\n<!-- \/ Yoast SEO plugin. -->","yoast_head_json":{"title":"BTL El Salvador, brand activation and marketing in El Salvador","description":"Marketing BTL El Salvador, service brand activation, shares in retail, web development to direct marketing, street actions","robots":{"index":"index","follow":"follow","max-snippet":"max-snippet:-1","max-image-preview":"max-image-preview:large","max-video-preview":"max-video-preview:-1"},"canonical":"https:\/\/grupohyr.com\/en\/btl-el-salvador\/","og_locale":"en_US","og_type":"article","og_title":"BTL El Salvador, brand activation and marketing in El Salvador","og_description":"Marketing BTL El Salvador, service brand activation, shares in retail, web development to direct marketing, street actions","og_url":"https:\/\/grupohyr.com\/en\/btl-el-salvador\/","og_site_name":"Outsourcing en El Salvador, reclutamiento y selecci\u00f3n de personal","article_modified_time":"2022-04-16T01:52:26+00:00","og_image":[{"width":1760,"height":1280,"url":"https:\/\/grupohyr.com\/wp-content\/uploads\/2022\/04\/Outsourcing-Pomotoras-El-Salvador.jpeg","type":"image\/jpeg"}],"twitter_card":"summary_large_image","twitter_misc":{"Est. reading time":"10 minutes"},"schema":{"@context":"https:\/\/schema.org","@graph":[{"@type":"WebPage","@id":"https:\/\/grupohyr.com\/en\/btl-el-salvador\/","url":"https:\/\/grupohyr.com\/en\/btl-el-salvador\/","name":"BTL El Salvador, brand activation and marketing in El Salvador","isPartOf":{"@id":"https:\/\/grupohyr.com\/en\/#website"},"primaryImageOfPage":{"@id":"https:\/\/grupohyr.com\/en\/btl-el-salvador\/#primaryimage"},"image":{"@id":"https:\/\/grupohyr.com\/en\/btl-el-salvador\/#primaryimage"},"thumbnailUrl":"https:\/\/grupohyr.com\/wp-content\/uploads\/2022\/04\/Outsourcing-Pomotoras-El-Salvador.jpeg","datePublished":"2022-04-15T00:21:48+00:00","dateModified":"2022-04-16T01:52:26+00:00","description":"Marketing BTL El Salvador, service brand activation, shares in retail, web development to direct marketing, street actions","breadcrumb":{"@id":"https:\/\/grupohyr.com\/en\/btl-el-salvador\/#breadcrumb"},"inLanguage":"en-US","potentialAction":[{"@type":"ReadAction","target":["https:\/\/grupohyr.com\/en\/btl-el-salvador\/"]}]},{"@type":"ImageObject","inLanguage":"en-US","@id":"https:\/\/grupohyr.com\/en\/btl-el-salvador\/#primaryimage","url":"https:\/\/grupohyr.com\/wp-content\/uploads\/2022\/04\/Outsourcing-Pomotoras-El-Salvador.jpeg","contentUrl":"https:\/\/grupohyr.com\/wp-content\/uploads\/2022\/04\/Outsourcing-Pomotoras-El-Salvador.jpeg","width":1760,"height":1280,"caption":"Outsourcing Pomotoras El Salvador"},{"@type":"BreadcrumbList","@id":"https:\/\/grupohyr.com\/en\/btl-el-salvador\/#breadcrumb","itemListElement":[{"@type":"ListItem","position":1,"name":"Portada","item":"https:\/\/grupohyr.com\/en\/"},{"@type":"ListItem","position":2,"name":"Brand Activation in El Salvador"}]},{"@type":"WebSite","@id":"https:\/\/grupohyr.com\/en\/#website","url":"https:\/\/grupohyr.com\/en\/","name":"Outsourcing en El Salvador, reclutamiento y selecci\u00f3n de personal","description":"Outsourcing en El Salvador, somos especialistas en b\u00fasqueda, selecci\u00f3n, reclutamiento,  preselecci\u00f3n de personal y recursos humanos en El Salvador","potentialAction":[{"@type":"SearchAction","target":{"@type":"EntryPoint","urlTemplate":"https:\/\/grupohyr.com\/en\/?s={search_term_string}"},"query-input":{"@type":"PropertyValueSpecification","valueRequired":true,"valueName":"search_term_string"}}],"inLanguage":"en-US"}]}},"_links":{"self":[{"href":"https:\/\/grupohyr.com\/en\/wp-json\/wp\/v2\/pages\/316","targetHints":{"allow":["GET"]}}],"collection":[{"href":"https:\/\/grupohyr.com\/en\/wp-json\/wp\/v2\/pages"}],"about":[{"href":"https:\/\/grupohyr.com\/en\/wp-json\/wp\/v2\/types\/page"}],"author":[{"embeddable":true,"href":"https:\/\/grupohyr.com\/en\/wp-json\/wp\/v2\/users\/1"}],"replies":[{"embeddable":true,"href":"https:\/\/grupohyr.com\/en\/wp-json\/wp\/v2\/comments?post=316"}],"version-history":[{"count":2,"href":"https:\/\/grupohyr.com\/en\/wp-json\/wp\/v2\/pages\/316\/revisions"}],"predecessor-version":[{"id":319,"href":"https:\/\/grupohyr.com\/en\/wp-json\/wp\/v2\/pages\/316\/revisions\/319"}],"wp:featuredmedia":[{"embeddable":true,"href":"https:\/\/grupohyr.com\/en\/wp-json\/wp\/v2\/media\/100"}],"wp:attachment":[{"href":"https:\/\/grupohyr.com\/en\/wp-json\/wp\/v2\/media?parent=316"}],"curies":[{"name":"wp","href":"https:\/\/api.w.org\/{rel}","templated":true}]}}