{"id":288,"date":"2022-04-14T18:21:48","date_gmt":"2022-04-15T00:21:48","guid":{"rendered":"https:\/\/wboxinteractive.com\/mce\/grupohyr\/outsourcing-de-personal-el-salvador\/"},"modified":"2022-04-15T18:44:03","modified_gmt":"2022-04-16T00:44:03","slug":"outsourcing-de-personal-el-salvador","status":"publish","type":"page","link":"https:\/\/grupohyr.com\/en\/outsourcing-de-personal-el-salvador\/","title":{"rendered":"Personnel Outsourcing in El Salvador"},"content":{"rendered":"<p>[et_pb_section fb_built=&#8221;1&#8243; specialty=&#8221;on&#8221; _builder_version=&#8221;4.17.0&#8243; _module_preset=&#8221;default&#8221; background_color=&#8221;#1A629D&#8221; global_colors_info=&#8221;{}&#8221;][et_pb_column type=&#8221;2_3&#8243; specialty_columns=&#8221;2&#8243; _builder_version=&#8221;4.16&#8243; custom_padding=&#8221;|||&#8221; global_colors_info=&#8221;{}&#8221; custom_padding__hover=&#8221;|||&#8221;][et_pb_row_inner _builder_version=&#8221;4.17.0&#8243; _module_preset=&#8221;default&#8221; custom_padding=&#8221;0px||0px|||&#8221; global_colors_info=&#8221;{}&#8221;][et_pb_column_inner saved_specialty_column_type=&#8221;2_3&#8243; _builder_version=&#8221;4.17.0&#8243; _module_preset=&#8221;default&#8221; global_colors_info=&#8221;{}&#8221;][et_pb_image src=&#8221;https:\/\/grupohyr.com\/wp-content\/uploads\/2022\/04\/Outsourcing-de-Personal-El-Salvador.jpeg&#8221; alt=&#8221;Outsourcing de Personal El Salvador&#8221; title_text=&#8221;Outsourcing de Personal El Salvador&#8221; _builder_version=&#8221;4.17.0&#8243; _module_preset=&#8221;default&#8221; hover_enabled=&#8221;0&#8243; global_colors_info=&#8221;{}&#8221; sticky_enabled=&#8221;0&#8243;][\/et_pb_image][\/et_pb_column_inner][\/et_pb_row_inner][et_pb_row_inner _builder_version=&#8221;4.17.0&#8243; _module_preset=&#8221;default&#8221; background_color=&#8221;#FFFFFF&#8221; custom_padding=&#8221;35px|35px|35px|35px|true|true&#8221; global_colors_info=&#8221;{}&#8221;][et_pb_column_inner saved_specialty_column_type=&#8221;2_3&#8243; _builder_version=&#8221;4.17.0&#8243; _module_preset=&#8221;default&#8221; global_colors_info=&#8221;{}&#8221;][et_pb_text _builder_version=&#8221;4.17.0&#8243; _module_preset=&#8221;default&#8221; global_colors_info=&#8221;{}&#8221;]<\/p>\n<h1>Outsourcing of personnel in El Salvador:<\/h1>\n<p>&nbsp;<\/p>\n<p>Conveniently We administer human resources for your company, considering the organizational philosophy of your company. The recognition and the satisfaction of our customers are the best motivation for our work. A long history of human resources area commits us to You, professionals Corporate Marketing Business which we will guarantee:<\/p>\n<p>Personnel Outsourcing is a trend that mark in the business community worldwide and involves outsourcing or human resources outsourcing throughout El Salvador, at all levels, while the organization is dedicated only to achieve their objectives and goals, provided greater ease in handling personnel.<\/p>\n<p>Within the Personnel Outsourcing offers the following services:<\/p>\n<ul>\n<li>Outsourcing of personnel at all levels and in all areas of the company<\/li>\n<li>Preparation, administration, management and payment of payroll and payroll in El Salvador<\/li>\n<li>Opening and creating new companies in El Salvador.<\/li>\n<li>Consultancy and advice to existing businesses in the areas of human resources and marketing.<\/li>\n<\/ul>\n<p>In the outsourcing of people such as marketing and management consulting process business, establishing strong relationships between your company and ours. Our plan work is to hand to hand, almost like a partner rather than as a customer. Confidentiality is absolutely strict and mutual collaboration to offer better service outsourcing people.<\/p>\n<h2>Outsourcing and hiring staff in El Salvador: Operational, Technical and Administrative.<\/h2>\n<p>We are dedicated to providing by hiring staff El Salvador, professional services in human resource management to perform the functions and performance required according to the needs of your company.<\/p>\n<p>[\/et_pb_text][\/et_pb_column_inner][\/et_pb_row_inner][\/et_pb_column][et_pb_column type=&#8221;1_3&#8243; _builder_version=&#8221;4.16&#8243; custom_padding=&#8221;|||&#8221; global_colors_info=&#8221;{}&#8221; custom_padding__hover=&#8221;|||&#8221;][et_pb_contact_form use_spam_service=&#8221;on&#8221; recaptcha_list=&#8221;Default|Default-0&#8243; email=&#8221;info@mercadeocorporativoempresarial.com&#8221; title=&#8221;Contact Us&#8230;&#8221; custom_message=&#8221;Nombre: %%Nombre%%||et_pb_line_break_holder||Tel\u00e9fono de Contacto: %%Telefono%%||et_pb_line_break_holder||Correo Electr\u00f3nico: %%Email%%||et_pb_line_break_holder||||et_pb_line_break_holder||Mensaje:||et_pb_line_break_holder||%%Mensaje%%&#8221; _builder_version=&#8221;4.17.0&#8243; _module_preset=&#8221;default&#8221; _unique_id=&#8221;2d134714-0e47-4d7d-b607-04c61c69380f&#8221; form_field_background_color=&#8221;#003569&#8243; form_field_text_color=&#8221;#FFFFFF&#8221; form_field_focus_background_color=&#8221;#333333&#8243; form_field_focus_text_color=&#8221;#FFFFFF&#8221; title_text_color=&#8221;#FFFFFF&#8221; captcha_text_color=&#8221;#FFFFFF&#8221; custom_button=&#8221;on&#8221; button_text_color=&#8221;#FFFFFF&#8221; button_bg_color=&#8221;#003569&#8243; custom_margin=&#8221;||84px|||&#8221; global_module=&#8221;143&#8243; saved_tabs=&#8221;all&#8221; global_colors_info=&#8221;{}&#8221;][et_pb_contact_field field_id=&#8221;Nombre&#8221; field_title=&#8221;Name&#8221; fullwidth_field=&#8221;on&#8221; _builder_version=&#8221;4.17.0&#8243; global_colors_info=&#8221;{}&#8221; button_text_size__hover_enabled=&#8221;off&#8221; button_one_text_size__hover_enabled=&#8221;off&#8221; button_two_text_size__hover_enabled=&#8221;off&#8221; button_text_color__hover_enabled=&#8221;off&#8221; button_one_text_color__hover_enabled=&#8221;off&#8221; button_two_text_color__hover_enabled=&#8221;off&#8221; button_border_width__hover_enabled=&#8221;off&#8221; button_one_border_width__hover_enabled=&#8221;off&#8221; button_two_border_width__hover_enabled=&#8221;off&#8221; button_border_color__hover_enabled=&#8221;off&#8221; button_one_border_color__hover_enabled=&#8221;off&#8221; button_two_border_color__hover_enabled=&#8221;off&#8221; button_border_radius__hover_enabled=&#8221;off&#8221; button_one_border_radius__hover_enabled=&#8221;off&#8221; button_two_border_radius__hover_enabled=&#8221;off&#8221; button_letter_spacing__hover_enabled=&#8221;off&#8221; button_one_letter_spacing__hover_enabled=&#8221;off&#8221; button_two_letter_spacing__hover_enabled=&#8221;off&#8221; button_bg_color__hover_enabled=&#8221;off&#8221; button_one_bg_color__hover_enabled=&#8221;off&#8221; button_two_bg_color__hover_enabled=&#8221;off&#8221;][\/et_pb_contact_field][et_pb_contact_field field_id=&#8221;Telefono&#8221; field_title=&#8221;Phone&#8221; fullwidth_field=&#8221;on&#8221; _builder_version=&#8221;4.17.0&#8243; global_colors_info=&#8221;{}&#8221; button_text_size__hover_enabled=&#8221;off&#8221; button_one_text_size__hover_enabled=&#8221;off&#8221; button_two_text_size__hover_enabled=&#8221;off&#8221; button_text_color__hover_enabled=&#8221;off&#8221; button_one_text_color__hover_enabled=&#8221;off&#8221; button_two_text_color__hover_enabled=&#8221;off&#8221; button_border_width__hover_enabled=&#8221;off&#8221; button_one_border_width__hover_enabled=&#8221;off&#8221; button_two_border_width__hover_enabled=&#8221;off&#8221; button_border_color__hover_enabled=&#8221;off&#8221; button_one_border_color__hover_enabled=&#8221;off&#8221; button_two_border_color__hover_enabled=&#8221;off&#8221; button_border_radius__hover_enabled=&#8221;off&#8221; button_one_border_radius__hover_enabled=&#8221;off&#8221; button_two_border_radius__hover_enabled=&#8221;off&#8221; button_letter_spacing__hover_enabled=&#8221;off&#8221; button_one_letter_spacing__hover_enabled=&#8221;off&#8221; button_two_letter_spacing__hover_enabled=&#8221;off&#8221; button_bg_color__hover_enabled=&#8221;off&#8221; button_one_bg_color__hover_enabled=&#8221;off&#8221; button_two_bg_color__hover_enabled=&#8221;off&#8221;][\/et_pb_contact_field][et_pb_contact_field field_id=&#8221;Email&#8221; field_title=&#8221;Email&#8221; field_type=&#8221;email&#8221; fullwidth_field=&#8221;on&#8221; _builder_version=&#8221;4.17.0&#8243; global_colors_info=&#8221;{}&#8221; button_text_size__hover_enabled=&#8221;off&#8221; button_one_text_size__hover_enabled=&#8221;off&#8221; button_two_text_size__hover_enabled=&#8221;off&#8221; button_text_color__hover_enabled=&#8221;off&#8221; button_one_text_color__hover_enabled=&#8221;off&#8221; button_two_text_color__hover_enabled=&#8221;off&#8221; button_border_width__hover_enabled=&#8221;off&#8221; button_one_border_width__hover_enabled=&#8221;off&#8221; button_two_border_width__hover_enabled=&#8221;off&#8221; button_border_color__hover_enabled=&#8221;off&#8221; button_one_border_color__hover_enabled=&#8221;off&#8221; button_two_border_color__hover_enabled=&#8221;off&#8221; button_border_radius__hover_enabled=&#8221;off&#8221; button_one_border_radius__hover_enabled=&#8221;off&#8221; button_two_border_radius__hover_enabled=&#8221;off&#8221; button_letter_spacing__hover_enabled=&#8221;off&#8221; button_one_letter_spacing__hover_enabled=&#8221;off&#8221; button_two_letter_spacing__hover_enabled=&#8221;off&#8221; button_bg_color__hover_enabled=&#8221;off&#8221; button_one_bg_color__hover_enabled=&#8221;off&#8221; button_two_bg_color__hover_enabled=&#8221;off&#8221;][\/et_pb_contact_field][et_pb_contact_field field_id=&#8221;Mensaje&#8221; field_title=&#8221;Message&#8221; field_type=&#8221;text&#8221; fullwidth_field=&#8221;on&#8221; _builder_version=&#8221;4.17.0&#8243; global_colors_info=&#8221;{}&#8221; button_text_size__hover_enabled=&#8221;off&#8221; button_one_text_size__hover_enabled=&#8221;off&#8221; button_two_text_size__hover_enabled=&#8221;off&#8221; button_text_color__hover_enabled=&#8221;off&#8221; button_one_text_color__hover_enabled=&#8221;off&#8221; button_two_text_color__hover_enabled=&#8221;off&#8221; button_border_width__hover_enabled=&#8221;off&#8221; button_one_border_width__hover_enabled=&#8221;off&#8221; button_two_border_width__hover_enabled=&#8221;off&#8221; button_border_color__hover_enabled=&#8221;off&#8221; button_one_border_color__hover_enabled=&#8221;off&#8221; button_two_border_color__hover_enabled=&#8221;off&#8221; button_border_radius__hover_enabled=&#8221;off&#8221; button_one_border_radius__hover_enabled=&#8221;off&#8221; button_two_border_radius__hover_enabled=&#8221;off&#8221; button_letter_spacing__hover_enabled=&#8221;off&#8221; button_one_letter_spacing__hover_enabled=&#8221;off&#8221; button_two_letter_spacing__hover_enabled=&#8221;off&#8221; button_bg_color__hover_enabled=&#8221;off&#8221; button_one_bg_color__hover_enabled=&#8221;off&#8221; button_two_bg_color__hover_enabled=&#8221;off&#8221;][\/et_pb_contact_field][\/et_pb_contact_form][et_pb_button button_url=&#8221;@ET-DC@eyJkeW5hbWljIjp0cnVlLCJjb250ZW50IjoicG9zdF9saW5rX3VybF9wYWdlIiwic2V0dGluZ3MiOnsicG9zdF9pZCI6IjIyIn19@&#8221; button_text=&#8221;Send my Resume&#8221; button_alignment=&#8221;center&#8221; _builder_version=&#8221;4.17.0&#8243; _dynamic_attributes=&#8221;button_url&#8221; _module_preset=&#8221;default&#8221; custom_button=&#8221;on&#8221; button_text_color=&#8221;#003569&#8243; button_bg_color=&#8221;#FFFFFF&#8221; hover_enabled=&#8221;0&#8243; global_colors_info=&#8221;{}&#8221; sticky_enabled=&#8221;0&#8243;][\/et_pb_button][et_pb_slider use_bg_overlay=&#8221;on&#8221; bg_overlay_color=&#8221;rgba(0,0,0,0.34)&#8221; _builder_version=&#8221;4.17.0&#8243; _module_preset=&#8221;default&#8221; custom_padding=&#8221;131px||131px||true|false&#8221; global_module=&#8221;140&#8243; global_colors_info=&#8221;{}&#8221;][et_pb_slide heading=&#8221;Personnel Outsourcing in El Salvador&#8221; button_link=&#8221;@ET-DC@eyJkeW5hbWljIjp0cnVlLCJjb250ZW50IjoicG9zdF9saW5rX3VybF9wYWdlIiwic2V0dGluZ3MiOnsicG9zdF9pZCI6IjEzIn19@&#8221; _builder_version=&#8221;4.17.0&#8243; _dynamic_attributes=&#8221;button_link,link_option_url&#8221; _module_preset=&#8221;default&#8221; background_color=&#8221;#1A629D&#8221; background_enable_color=&#8221;on&#8221; background_image=&#8221;https:\/\/grupohyr.com\/wp-content\/uploads\/2022\/04\/Outsourcing-de-Personal-El-Salvador.jpeg&#8221; background_enable_image=&#8221;on&#8221; link_option_url=&#8221;@ET-DC@eyJkeW5hbWljIjp0cnVlLCJjb250ZW50IjoicG9zdF9saW5rX3VybF9wYWdlIiwic2V0dGluZ3MiOnsicG9zdF9pZCI6IjEzIn19@&#8221; global_colors_info=&#8221;{}&#8221; sticky_transition=&#8221;on&#8221;][\/et_pb_slide][et_pb_slide heading=&#8221;Marketing Outsourcing in El Salvador&#8221; button_link=&#8221;@ET-DC@eyJkeW5hbWljIjp0cnVlLCJjb250ZW50IjoicG9zdF9saW5rX3VybF9wYWdlIiwic2V0dGluZ3MiOnsicG9zdF9pZCI6IjE4In19@&#8221; _builder_version=&#8221;4.17.0&#8243; _dynamic_attributes=&#8221;button_link,link_option_url&#8221; _module_preset=&#8221;default&#8221; background_color=&#8221;#1A629D&#8221; background_enable_color=&#8221;on&#8221; background_image=&#8221;https:\/\/grupohyr.com\/wp-content\/uploads\/2022\/04\/Displays-El-Salvador.jpeg&#8221; background_enable_image=&#8221;on&#8221; link_option_url=&#8221;@ET-DC@eyJkeW5hbWljIjp0cnVlLCJjb250ZW50IjoicG9zdF9saW5rX3VybF9wYWdlIiwic2V0dGluZ3MiOnsicG9zdF9pZCI6IjE4In19@&#8221; global_colors_info=&#8221;{}&#8221; sticky_transition=&#8221;on&#8221;][\/et_pb_slide][et_pb_slide heading=&#8221;Brand Activation in El Salvador&#8221; button_link=&#8221;@ET-DC@eyJkeW5hbWljIjp0cnVlLCJjb250ZW50IjoicG9zdF9saW5rX3VybF9wYWdlIiwic2V0dGluZ3MiOnsicG9zdF9pZCI6IjE5In19@&#8221; _builder_version=&#8221;4.17.0&#8243; _dynamic_attributes=&#8221;button_link,link_option_url&#8221; _module_preset=&#8221;default&#8221; background_color=&#8221;#1A629D&#8221; background_enable_color=&#8221;on&#8221; background_image=&#8221;https:\/\/grupohyr.com\/wp-content\/uploads\/2022\/04\/Promotoras-El-Salvador.jpeg&#8221; background_enable_image=&#8221;on&#8221; link_option_url=&#8221;@ET-DC@eyJkeW5hbWljIjp0cnVlLCJjb250ZW50IjoicG9zdF9saW5rX3VybF9wYWdlIiwic2V0dGluZ3MiOnsicG9zdF9pZCI6IjE5In19@&#8221; global_colors_info=&#8221;{}&#8221; sticky_transition=&#8221;on&#8221;][\/et_pb_slide][et_pb_slide heading=&#8221;Human Resources in El Salvador&#8221; button_link=&#8221;@ET-DC@eyJkeW5hbWljIjp0cnVlLCJjb250ZW50IjoicG9zdF9saW5rX3VybF9wYWdlIiwic2V0dGluZ3MiOnsicG9zdF9pZCI6IjE0In19@&#8221; _builder_version=&#8221;4.17.0&#8243; _dynamic_attributes=&#8221;button_link,link_option_url&#8221; _module_preset=&#8221;default&#8221; background_color=&#8221;#1A629D&#8221; background_enable_color=&#8221;on&#8221; background_image=&#8221;https:\/\/grupohyr.com\/wp-content\/uploads\/2022\/04\/Recursos-Humanos-El-Salvador.jpeg&#8221; background_enable_image=&#8221;on&#8221; link_option_url=&#8221;@ET-DC@eyJkeW5hbWljIjp0cnVlLCJjb250ZW50IjoicG9zdF9saW5rX3VybF9wYWdlIiwic2V0dGluZ3MiOnsicG9zdF9pZCI6IjE0In19@&#8221; global_colors_info=&#8221;{}&#8221; sticky_transition=&#8221;on&#8221;][\/et_pb_slide][et_pb_slide heading=&#8221;Payroll Administration in El Salvador&#8221; button_link=&#8221;@ET-DC@eyJkeW5hbWljIjp0cnVlLCJjb250ZW50IjoicG9zdF9saW5rX3VybF9wYWdlIiwic2V0dGluZ3MiOnsicG9zdF9pZCI6IjE1In19@&#8221; _builder_version=&#8221;4.17.0&#8243; _dynamic_attributes=&#8221;button_link,link_option_url&#8221; _module_preset=&#8221;default&#8221; background_color=&#8221;#1A629D&#8221; background_enable_color=&#8221;on&#8221; background_image=&#8221;https:\/\/grupohyr.com\/wp-content\/uploads\/2022\/04\/Payroll-Administration-Services-in-El-Salvador.jpeg&#8221; background_enable_image=&#8221;on&#8221; link_option_url=&#8221;@ET-DC@eyJkeW5hbWljIjp0cnVlLCJjb250ZW50IjoicG9zdF9saW5rX3VybF9wYWdlIiwic2V0dGluZ3MiOnsicG9zdF9pZCI6IjE1In19@&#8221; global_colors_info=&#8221;{}&#8221; sticky_transition=&#8221;on&#8221;][\/et_pb_slide][et_pb_slide heading=&#8221;Cleaning Services in El Salvador&#8221; button_link=&#8221;@ET-DC@eyJkeW5hbWljIjp0cnVlLCJjb250ZW50IjoicG9zdF9saW5rX3VybF9wYWdlIiwic2V0dGluZ3MiOnsicG9zdF9pZCI6IjE2In19@&#8221; _builder_version=&#8221;4.17.0&#8243; _dynamic_attributes=&#8221;button_link,link_option_url&#8221; _module_preset=&#8221;default&#8221; background_color=&#8221;#1A629D&#8221; background_enable_color=&#8221;on&#8221; background_image=&#8221;https:\/\/grupohyr.com\/wp-content\/uploads\/2022\/04\/shutterstock_678273664.jpeg&#8221; background_enable_image=&#8221;on&#8221; link_option_url=&#8221;@ET-DC@eyJkeW5hbWljIjp0cnVlLCJjb250ZW50IjoicG9zdF9saW5rX3VybF9wYWdlIiwic2V0dGluZ3MiOnsicG9zdF9pZCI6IjE2In19@&#8221; global_colors_info=&#8221;{}&#8221; sticky_transition=&#8221;on&#8221;][\/et_pb_slide][\/et_pb_slider][et_pb_text _builder_version=&#8221;4.17.0&#8243; _module_preset=&#8221;default&#8221; background_layout=&#8221;dark&#8221; custom_margin=&#8221;||22px|||&#8221; hover_enabled=&#8221;0&#8243; global_colors_info=&#8221;{}&#8221; sticky_enabled=&#8221;0&#8243;]<\/p>\n<h2>Our Services:<\/h2>\n<p>[\/et_pb_text][et_pb_menu menu_id=&#8221;17&#8243; active_link_color=&#8221;#A4D3FE&#8221; _builder_version=&#8221;4.17.0&#8243; _module_preset=&#8221;default&#8221; menu_text_color=&#8221;#FFFFFF&#8221; background_enable_color=&#8221;off&#8221; global_colors_info=&#8221;{}&#8221;][\/et_pb_menu][\/et_pb_column][\/et_pb_section]<\/p>\n","protected":false},"excerpt":{"rendered":"<p>Outsourcing of personnel in El Salvador, staffing, professional services in human resource management, recruitment<\/p>\n","protected":false},"author":1,"featured_media":97,"parent":0,"menu_order":1,"comment_status":"closed","ping_status":"closed","template":"","meta":{"_et_pb_use_builder":"on","_et_pb_old_content":"","_et_gb_content_width":"","footnotes":""},"class_list":["post-288","page","type-page","status-publish","has-post-thumbnail","hentry"],"yoast_head":"<!-- This site is optimized with the Yoast SEO plugin v27.4 - https:\/\/yoast.com\/product\/yoast-seo-wordpress\/ -->\n<title>Outsourcing of personnel in El Salvador, staff preselection<\/title>\n<meta name=\"description\" content=\"Outsourcing of personnel in El Salvador, staffing, professional services in human resource management, recruitment\" \/>\n<meta name=\"robots\" content=\"index, follow, max-snippet:-1, max-image-preview:large, max-video-preview:-1\" \/>\n<link rel=\"canonical\" href=\"https:\/\/grupohyr.com\/en\/outsourcing-de-personal-el-salvador\/\" \/>\n<meta property=\"og:locale\" content=\"en_US\" \/>\n<meta property=\"og:type\" content=\"article\" \/>\n<meta property=\"og:title\" content=\"Outsourcing of personnel in El Salvador, staff preselection\" \/>\n<meta property=\"og:description\" content=\"Outsourcing of personnel in El Salvador, staffing, professional services in human resource management, recruitment\" \/>\n<meta property=\"og:url\" content=\"https:\/\/grupohyr.com\/en\/outsourcing-de-personal-el-salvador\/\" \/>\n<meta property=\"og:site_name\" content=\"Outsourcing en El Salvador, reclutamiento y selecci\u00f3n de personal\" \/>\n<meta property=\"article:modified_time\" content=\"2022-04-16T00:44:03+00:00\" \/>\n<meta property=\"og:image\" content=\"https:\/\/grupohyr.com\/wp-content\/uploads\/2022\/04\/Outsourcing-de-Personal-El-Salvador.jpeg\" \/>\n\t<meta property=\"og:image:width\" content=\"1920\" \/>\n\t<meta property=\"og:image:height\" content=\"1280\" \/>\n\t<meta property=\"og:image:type\" content=\"image\/jpeg\" \/>\n<meta name=\"twitter:card\" content=\"summary_large_image\" \/>\n<meta name=\"twitter:label1\" content=\"Est. reading time\" \/>\n\t<meta name=\"twitter:data1\" content=\"10 minutes\" \/>\n<script type=\"application\/ld+json\" class=\"yoast-schema-graph\">{\"@context\":\"https:\\\/\\\/schema.org\",\"@graph\":[{\"@type\":\"WebPage\",\"@id\":\"https:\\\/\\\/grupohyr.com\\\/en\\\/outsourcing-de-personal-el-salvador\\\/\",\"url\":\"https:\\\/\\\/grupohyr.com\\\/en\\\/outsourcing-de-personal-el-salvador\\\/\",\"name\":\"Outsourcing of personnel in El Salvador, staff preselection\",\"isPartOf\":{\"@id\":\"https:\\\/\\\/grupohyr.com\\\/en\\\/#website\"},\"primaryImageOfPage\":{\"@id\":\"https:\\\/\\\/grupohyr.com\\\/en\\\/outsourcing-de-personal-el-salvador\\\/#primaryimage\"},\"image\":{\"@id\":\"https:\\\/\\\/grupohyr.com\\\/en\\\/outsourcing-de-personal-el-salvador\\\/#primaryimage\"},\"thumbnailUrl\":\"https:\\\/\\\/grupohyr.com\\\/wp-content\\\/uploads\\\/2022\\\/04\\\/Outsourcing-de-Personal-El-Salvador.jpeg\",\"datePublished\":\"2022-04-15T00:21:48+00:00\",\"dateModified\":\"2022-04-16T00:44:03+00:00\",\"description\":\"Outsourcing of personnel in El Salvador, staffing, professional services in human resource management, recruitment\",\"breadcrumb\":{\"@id\":\"https:\\\/\\\/grupohyr.com\\\/en\\\/outsourcing-de-personal-el-salvador\\\/#breadcrumb\"},\"inLanguage\":\"en-US\",\"potentialAction\":[{\"@type\":\"ReadAction\",\"target\":[\"https:\\\/\\\/grupohyr.com\\\/en\\\/outsourcing-de-personal-el-salvador\\\/\"]}]},{\"@type\":\"ImageObject\",\"inLanguage\":\"en-US\",\"@id\":\"https:\\\/\\\/grupohyr.com\\\/en\\\/outsourcing-de-personal-el-salvador\\\/#primaryimage\",\"url\":\"https:\\\/\\\/grupohyr.com\\\/wp-content\\\/uploads\\\/2022\\\/04\\\/Outsourcing-de-Personal-El-Salvador.jpeg\",\"contentUrl\":\"https:\\\/\\\/grupohyr.com\\\/wp-content\\\/uploads\\\/2022\\\/04\\\/Outsourcing-de-Personal-El-Salvador.jpeg\",\"width\":1920,\"height\":1280,\"caption\":\"Outsourcing de Personal El Salvador\"},{\"@type\":\"BreadcrumbList\",\"@id\":\"https:\\\/\\\/grupohyr.com\\\/en\\\/outsourcing-de-personal-el-salvador\\\/#breadcrumb\",\"itemListElement\":[{\"@type\":\"ListItem\",\"position\":1,\"name\":\"Portada\",\"item\":\"https:\\\/\\\/grupohyr.com\\\/en\\\/\"},{\"@type\":\"ListItem\",\"position\":2,\"name\":\"Personnel Outsourcing in El Salvador\"}]},{\"@type\":\"WebSite\",\"@id\":\"https:\\\/\\\/grupohyr.com\\\/en\\\/#website\",\"url\":\"https:\\\/\\\/grupohyr.com\\\/en\\\/\",\"name\":\"Outsourcing en El Salvador, reclutamiento y selecci\u00f3n de personal\",\"description\":\"Outsourcing en El Salvador, somos especialistas en b\u00fasqueda, selecci\u00f3n, reclutamiento,  preselecci\u00f3n de personal y recursos humanos en El Salvador\",\"potentialAction\":[{\"@type\":\"SearchAction\",\"target\":{\"@type\":\"EntryPoint\",\"urlTemplate\":\"https:\\\/\\\/grupohyr.com\\\/en\\\/?s={search_term_string}\"},\"query-input\":{\"@type\":\"PropertyValueSpecification\",\"valueRequired\":true,\"valueName\":\"search_term_string\"}}],\"inLanguage\":\"en-US\"}]}<\/script>\n<!-- \/ Yoast SEO plugin. -->","yoast_head_json":{"title":"Outsourcing of personnel in El Salvador, staff preselection","description":"Outsourcing of personnel in El Salvador, staffing, professional services in human resource management, recruitment","robots":{"index":"index","follow":"follow","max-snippet":"max-snippet:-1","max-image-preview":"max-image-preview:large","max-video-preview":"max-video-preview:-1"},"canonical":"https:\/\/grupohyr.com\/en\/outsourcing-de-personal-el-salvador\/","og_locale":"en_US","og_type":"article","og_title":"Outsourcing of personnel in El Salvador, staff preselection","og_description":"Outsourcing of personnel in El Salvador, staffing, professional services in human resource management, recruitment","og_url":"https:\/\/grupohyr.com\/en\/outsourcing-de-personal-el-salvador\/","og_site_name":"Outsourcing en El Salvador, reclutamiento y selecci\u00f3n de personal","article_modified_time":"2022-04-16T00:44:03+00:00","og_image":[{"width":1920,"height":1280,"url":"https:\/\/grupohyr.com\/wp-content\/uploads\/2022\/04\/Outsourcing-de-Personal-El-Salvador.jpeg","type":"image\/jpeg"}],"twitter_card":"summary_large_image","twitter_misc":{"Est. reading time":"10 minutes"},"schema":{"@context":"https:\/\/schema.org","@graph":[{"@type":"WebPage","@id":"https:\/\/grupohyr.com\/en\/outsourcing-de-personal-el-salvador\/","url":"https:\/\/grupohyr.com\/en\/outsourcing-de-personal-el-salvador\/","name":"Outsourcing of personnel in El Salvador, staff preselection","isPartOf":{"@id":"https:\/\/grupohyr.com\/en\/#website"},"primaryImageOfPage":{"@id":"https:\/\/grupohyr.com\/en\/outsourcing-de-personal-el-salvador\/#primaryimage"},"image":{"@id":"https:\/\/grupohyr.com\/en\/outsourcing-de-personal-el-salvador\/#primaryimage"},"thumbnailUrl":"https:\/\/grupohyr.com\/wp-content\/uploads\/2022\/04\/Outsourcing-de-Personal-El-Salvador.jpeg","datePublished":"2022-04-15T00:21:48+00:00","dateModified":"2022-04-16T00:44:03+00:00","description":"Outsourcing of personnel in El Salvador, staffing, professional services in human resource management, recruitment","breadcrumb":{"@id":"https:\/\/grupohyr.com\/en\/outsourcing-de-personal-el-salvador\/#breadcrumb"},"inLanguage":"en-US","potentialAction":[{"@type":"ReadAction","target":["https:\/\/grupohyr.com\/en\/outsourcing-de-personal-el-salvador\/"]}]},{"@type":"ImageObject","inLanguage":"en-US","@id":"https:\/\/grupohyr.com\/en\/outsourcing-de-personal-el-salvador\/#primaryimage","url":"https:\/\/grupohyr.com\/wp-content\/uploads\/2022\/04\/Outsourcing-de-Personal-El-Salvador.jpeg","contentUrl":"https:\/\/grupohyr.com\/wp-content\/uploads\/2022\/04\/Outsourcing-de-Personal-El-Salvador.jpeg","width":1920,"height":1280,"caption":"Outsourcing de Personal El Salvador"},{"@type":"BreadcrumbList","@id":"https:\/\/grupohyr.com\/en\/outsourcing-de-personal-el-salvador\/#breadcrumb","itemListElement":[{"@type":"ListItem","position":1,"name":"Portada","item":"https:\/\/grupohyr.com\/en\/"},{"@type":"ListItem","position":2,"name":"Personnel Outsourcing in El Salvador"}]},{"@type":"WebSite","@id":"https:\/\/grupohyr.com\/en\/#website","url":"https:\/\/grupohyr.com\/en\/","name":"Outsourcing en El Salvador, reclutamiento y selecci\u00f3n de personal","description":"Outsourcing en El Salvador, somos especialistas en b\u00fasqueda, selecci\u00f3n, reclutamiento,  preselecci\u00f3n de personal y recursos humanos en El Salvador","potentialAction":[{"@type":"SearchAction","target":{"@type":"EntryPoint","urlTemplate":"https:\/\/grupohyr.com\/en\/?s={search_term_string}"},"query-input":{"@type":"PropertyValueSpecification","valueRequired":true,"valueName":"search_term_string"}}],"inLanguage":"en-US"}]}},"_links":{"self":[{"href":"https:\/\/grupohyr.com\/en\/wp-json\/wp\/v2\/pages\/288","targetHints":{"allow":["GET"]}}],"collection":[{"href":"https:\/\/grupohyr.com\/en\/wp-json\/wp\/v2\/pages"}],"about":[{"href":"https:\/\/grupohyr.com\/en\/wp-json\/wp\/v2\/types\/page"}],"author":[{"embeddable":true,"href":"https:\/\/grupohyr.com\/en\/wp-json\/wp\/v2\/users\/1"}],"replies":[{"embeddable":true,"href":"https:\/\/grupohyr.com\/en\/wp-json\/wp\/v2\/comments?post=288"}],"version-history":[{"count":4,"href":"https:\/\/grupohyr.com\/en\/wp-json\/wp\/v2\/pages\/288\/revisions"}],"predecessor-version":[{"id":293,"href":"https:\/\/grupohyr.com\/en\/wp-json\/wp\/v2\/pages\/288\/revisions\/293"}],"wp:featuredmedia":[{"embeddable":true,"href":"https:\/\/grupohyr.com\/en\/wp-json\/wp\/v2\/media\/97"}],"wp:attachment":[{"href":"https:\/\/grupohyr.com\/en\/wp-json\/wp\/v2\/media?parent=288"}],"curies":[{"name":"wp","href":"https:\/\/api.w.org\/{rel}","templated":true}]}}