{"id":240,"date":"2022-04-14T18:21:48","date_gmt":"2022-04-15T00:21:48","guid":{"rendered":"https:\/\/wboxinteractive.com\/mce\/grupohyr\/inicio\/"},"modified":"2025-07-01T15:55:42","modified_gmt":"2025-07-01T21:55:42","slug":"inicio","status":"publish","type":"page","link":"https:\/\/grupohyr.com\/en\/","title":{"rendered":"Home"},"content":{"rendered":"<p>[et_pb_section fb_built=&#8221;1&#8243; _builder_version=&#8221;4.17.0&#8243; _module_preset=&#8221;default&#8221; background_color=&#8221;#f1f1f1&#8243; global_colors_info=&#8221;{}&#8221;][et_pb_row column_structure=&#8221;1_2,1_2&#8243; _builder_version=&#8221;4.17.0&#8243; _module_preset=&#8221;default&#8221; global_colors_info=&#8221;{}&#8221;][et_pb_column type=&#8221;1_2&#8243; _builder_version=&#8221;4.17.0&#8243; _module_preset=&#8221;default&#8221; global_colors_info=&#8221;{}&#8221;][et_pb_blurb title=&#8221;Outsourcing of Personnel&#8221; url=&#8221;@ET-DC@eyJkeW5hbWljIjp0cnVlLCJjb250ZW50IjoicG9zdF9saW5rX3VybF9wYWdlIiwic2V0dGluZ3MiOnsicG9zdF9pZCI6IjEzIn19@&#8221; use_icon=&#8221;on&#8221; font_icon=&#8221;&#xf500;||fa||900&#8243; icon_placement=&#8221;left&#8221; _builder_version=&#8221;4.17.0&#8243; _dynamic_attributes=&#8221;url,link_option_url&#8221; _module_preset=&#8221;default&#8221; link_option_url=&#8221;@ET-DC@eyJkeW5hbWljIjp0cnVlLCJjb250ZW50IjoicG9zdF9saW5rX3VybF9wYWdlIiwic2V0dGluZ3MiOnsicG9zdF9pZCI6IjEzIn19@&#8221; global_colors_info=&#8221;{}&#8221;]<\/p>\n<p>Recruitment and selection of staff, or outsourcing human resources outsourcing.<\/p>\n<p>[\/et_pb_blurb][\/et_pb_column][et_pb_column type=&#8221;1_2&#8243; _builder_version=&#8221;4.17.0&#8243; _module_preset=&#8221;default&#8221; global_colors_info=&#8221;{}&#8221;][et_pb_slider use_bg_overlay=&#8221;on&#8221; bg_overlay_color=&#8221;rgba(0,0,0,0.34)&#8221; _builder_version=&#8221;4.17.0&#8243; _module_preset=&#8221;default&#8221; custom_padding=&#8221;131px||131px||true|false&#8221; global_colors_info=&#8221;{}&#8221;][et_pb_slide heading=&#8221;Personnel Outsourcing in El Salvador&#8221; button_link=&#8221;@ET-DC@eyJkeW5hbWljIjp0cnVlLCJjb250ZW50IjoicG9zdF9saW5rX3VybF9wYWdlIiwic2V0dGluZ3MiOnsicG9zdF9pZCI6IjEzIn19@&#8221; _builder_version=&#8221;4.17.0&#8243; _dynamic_attributes=&#8221;button_link,link_option_url&#8221; _module_preset=&#8221;default&#8221; background_color=&#8221;#1A629D&#8221; background_enable_color=&#8221;on&#8221; background_image=&#8221;https:\/\/grupohyr.com\/wp-content\/uploads\/2022\/04\/Outsourcing-de-Personal-El-Salvador.jpeg&#8221; background_enable_image=&#8221;on&#8221; link_option_url=&#8221;@ET-DC@eyJkeW5hbWljIjp0cnVlLCJjb250ZW50IjoicG9zdF9saW5rX3VybF9wYWdlIiwic2V0dGluZ3MiOnsicG9zdF9pZCI6IjEzIn19@&#8221; global_colors_info=&#8221;{}&#8221; sticky_transition=&#8221;on&#8221;][\/et_pb_slide][et_pb_slide heading=&#8221;Marketing Outsourcing in El Salvador&#8221; button_link=&#8221;@ET-DC@eyJkeW5hbWljIjp0cnVlLCJjb250ZW50IjoicG9zdF9saW5rX3VybF9wYWdlIiwic2V0dGluZ3MiOnsicG9zdF9pZCI6IjE4In19@&#8221; _builder_version=&#8221;4.17.0&#8243; _dynamic_attributes=&#8221;button_link,link_option_url&#8221; _module_preset=&#8221;default&#8221; background_color=&#8221;#1A629D&#8221; background_enable_color=&#8221;on&#8221; background_image=&#8221;https:\/\/grupohyr.com\/wp-content\/uploads\/2022\/04\/Displays-El-Salvador.jpeg&#8221; background_enable_image=&#8221;on&#8221; link_option_url=&#8221;@ET-DC@eyJkeW5hbWljIjp0cnVlLCJjb250ZW50IjoicG9zdF9saW5rX3VybF9wYWdlIiwic2V0dGluZ3MiOnsicG9zdF9pZCI6IjE4In19@&#8221; global_colors_info=&#8221;{}&#8221; sticky_transition=&#8221;on&#8221;][\/et_pb_slide][et_pb_slide heading=&#8221;Brand Activation in El Salvador&#8221; button_link=&#8221;@ET-DC@eyJkeW5hbWljIjp0cnVlLCJjb250ZW50IjoicG9zdF9saW5rX3VybF9wYWdlIiwic2V0dGluZ3MiOnsicG9zdF9pZCI6IjE5In19@&#8221; _builder_version=&#8221;4.17.0&#8243; _dynamic_attributes=&#8221;button_link,link_option_url&#8221; _module_preset=&#8221;default&#8221; background_color=&#8221;#1A629D&#8221; background_enable_color=&#8221;on&#8221; background_image=&#8221;https:\/\/grupohyr.com\/wp-content\/uploads\/2022\/04\/Promotoras-El-Salvador.jpeg&#8221; background_enable_image=&#8221;on&#8221; link_option_url=&#8221;@ET-DC@eyJkeW5hbWljIjp0cnVlLCJjb250ZW50IjoicG9zdF9saW5rX3VybF9wYWdlIiwic2V0dGluZ3MiOnsicG9zdF9pZCI6IjE5In19@&#8221; global_colors_info=&#8221;{}&#8221; sticky_transition=&#8221;on&#8221;][\/et_pb_slide][et_pb_slide heading=&#8221;Human Resources in El Salvador&#8221; button_link=&#8221;@ET-DC@eyJkeW5hbWljIjp0cnVlLCJjb250ZW50IjoicG9zdF9saW5rX3VybF9wYWdlIiwic2V0dGluZ3MiOnsicG9zdF9pZCI6IjE0In19@&#8221; _builder_version=&#8221;4.17.0&#8243; _dynamic_attributes=&#8221;button_link,link_option_url&#8221; _module_preset=&#8221;default&#8221; background_color=&#8221;#1A629D&#8221; background_enable_color=&#8221;on&#8221; background_image=&#8221;https:\/\/grupohyr.com\/wp-content\/uploads\/2022\/04\/Recursos-Humanos-El-Salvador.jpeg&#8221; background_enable_image=&#8221;on&#8221; link_option_url=&#8221;@ET-DC@eyJkeW5hbWljIjp0cnVlLCJjb250ZW50IjoicG9zdF9saW5rX3VybF9wYWdlIiwic2V0dGluZ3MiOnsicG9zdF9pZCI6IjE0In19@&#8221; global_colors_info=&#8221;{}&#8221; sticky_transition=&#8221;on&#8221;][\/et_pb_slide][et_pb_slide heading=&#8221;Payroll Administration in El Salvador&#8221; button_link=&#8221;@ET-DC@eyJkeW5hbWljIjp0cnVlLCJjb250ZW50IjoicG9zdF9saW5rX3VybF9wYWdlIiwic2V0dGluZ3MiOnsicG9zdF9pZCI6IjE1In19@&#8221; _builder_version=&#8221;4.17.0&#8243; _dynamic_attributes=&#8221;button_link,link_option_url&#8221; _module_preset=&#8221;default&#8221; background_color=&#8221;#1A629D&#8221; background_enable_color=&#8221;on&#8221; background_image=&#8221;https:\/\/grupohyr.com\/wp-content\/uploads\/2022\/04\/Payroll-Administration-Services-in-El-Salvador.jpeg&#8221; background_enable_image=&#8221;on&#8221; link_option_url=&#8221;@ET-DC@eyJkeW5hbWljIjp0cnVlLCJjb250ZW50IjoicG9zdF9saW5rX3VybF9wYWdlIiwic2V0dGluZ3MiOnsicG9zdF9pZCI6IjE1In19@&#8221; global_colors_info=&#8221;{}&#8221; sticky_transition=&#8221;on&#8221;][\/et_pb_slide][et_pb_slide heading=&#8221;Cleaning Services in El Salvador&#8221; button_link=&#8221;@ET-DC@eyJkeW5hbWljIjp0cnVlLCJjb250ZW50IjoicG9zdF9saW5rX3VybF9wYWdlIiwic2V0dGluZ3MiOnsicG9zdF9pZCI6IjE2In19@&#8221; _builder_version=&#8221;4.17.0&#8243; _dynamic_attributes=&#8221;button_link,link_option_url&#8221; _module_preset=&#8221;default&#8221; background_color=&#8221;#1A629D&#8221; background_enable_color=&#8221;on&#8221; background_image=&#8221;https:\/\/grupohyr.com\/wp-content\/uploads\/2022\/04\/shutterstock_678273664.jpeg&#8221; background_enable_image=&#8221;on&#8221; link_option_url=&#8221;@ET-DC@eyJkeW5hbWljIjp0cnVlLCJjb250ZW50IjoicG9zdF9saW5rX3VybF9wYWdlIiwic2V0dGluZ3MiOnsicG9zdF9pZCI6IjE2In19@&#8221; global_colors_info=&#8221;{}&#8221; sticky_transition=&#8221;on&#8221;][\/et_pb_slide][\/et_pb_slider][\/et_pb_column][\/et_pb_row][\/et_pb_section][et_pb_section fb_built=&#8221;1&#8243; _builder_version=&#8221;4.17.0&#8243; _module_preset=&#8221;default&#8221; custom_padding=&#8221;0px|||||&#8221; global_colors_info=&#8221;{}&#8221;][et_pb_row _builder_version=&#8221;4.17.0&#8243; _module_preset=&#8221;default&#8221; global_colors_info=&#8221;{}&#8221;][et_pb_column type=&#8221;4_4&#8243; _builder_version=&#8221;4.17.0&#8243; _module_preset=&#8221;default&#8221; global_colors_info=&#8221;{}&#8221;][et_pb_text _builder_version=&#8221;4.27.4&#8243; _module_preset=&#8221;default&#8221; hover_enabled=&#8221;0&#8243; global_colors_info=&#8221;{}&#8221; sticky_enabled=&#8221;0&#8243;]<\/p>\n<h1>Outsource in El Salvador<\/h1>\n<p>&nbsp;<\/p>\n<p>We are known as an integrated company specializing in the search, selection, recruitment, screening personnel and human resources, for all companies and industry operating in El Salvador, satisfying the needs to hire staff or outsource. We have the most successful and knowledgeable staff in order to provide stability in the quality selection of each of its employees to hire.<\/p>\n<p>We take care to make subcontracting or outsourcing (outsourcing) of staff at all levels of your company.<\/p>\n<p>&nbsp;<\/p>\n<h2>Our specialty is increased sales of your company<\/h2>\n<p>&nbsp;<\/p>\n<p>Our personalized marketing techniques support and reinforce the brand penetration of your product, your prospects by providing the necessary information and complement about your product or service. We have the best marketing strategies to publicize their products or services to new customers. Our goal is to place the front of your competition.<\/p>\n<p>[\/et_pb_text][\/et_pb_column][\/et_pb_row][\/et_pb_section][et_pb_section fb_built=&#8221;1&#8243; _builder_version=&#8221;4.17.0&#8243; _module_preset=&#8221;default&#8221; background_color=&#8221;#1A629D&#8221; global_colors_info=&#8221;{}&#8221;][et_pb_row column_structure=&#8221;1_3,1_3,1_3&#8243; _builder_version=&#8221;4.17.0&#8243; _module_preset=&#8221;default&#8221; global_colors_info=&#8221;{}&#8221;][et_pb_column type=&#8221;1_3&#8243; _builder_version=&#8221;4.17.0&#8243; _module_preset=&#8221;default&#8221; global_colors_info=&#8221;{}&#8221;][et_pb_text _builder_version=&#8221;4.17.0&#8243; _module_preset=&#8221;default&#8221; background_layout=&#8221;dark&#8221; global_colors_info=&#8221;{}&#8221;]<\/p>\n<h4>Support:<\/h4>\n<ul>\n<li><span style=\"color: #ffffff;\"><a style=\"color: #ffffff;\" href=\"https:\/\/grupohyr.com\/en\/pasos-para-crear-un-curriculum\/\">How to create a good Resume<\/a><\/span><\/li>\n<li><span style=\"color: #ffffff;\"><a style=\"color: #ffffff;\" href=\"https:\/\/grupohyr.com\/en\/enviar-curriculum\/\">I want to send my Resume<\/a><\/span><\/li>\n<li><span style=\"color: #ffffff;\"><a style=\"color: #ffffff;\" href=\"https:\/\/grupohyr.com\/en\/informacion-de-el-salvador\/\">Information about El Salvador<\/a><\/span><\/li>\n<li><span style=\"color: #ffffff;\"><a style=\"color: #ffffff;\" href=\"https:\/\/grupohyr.com\/en\/calculo-salario-el-salvador\/\">Calculate salary in El Salvador<\/a><\/span><\/li>\n<\/ul>\n<p>[\/et_pb_text][\/et_pb_column][et_pb_column type=&#8221;1_3&#8243; _builder_version=&#8221;4.17.0&#8243; _module_preset=&#8221;default&#8221; global_colors_info=&#8221;{}&#8221;][et_pb_blurb title=&#8221;Our Mission&#8221; use_icon=&#8221;on&#8221; font_icon=&#8221;&#x3d;||divi||400&#8243; icon_color=&#8221;#FFFFFF&#8221; icon_placement=&#8221;left&#8221; _builder_version=&#8221;4.17.0&#8243; _module_preset=&#8221;default&#8221; background_layout=&#8221;dark&#8221; global_colors_info=&#8221;{}&#8221;]<\/p>\n<p>Identify, assess and provide companies of El Salvador, the qualified personnel who let one grow and optimize their resources.<\/p>\n<p>[\/et_pb_blurb][\/et_pb_column][et_pb_column type=&#8221;1_3&#8243; _builder_version=&#8221;4.17.0&#8243; _module_preset=&#8221;default&#8221; global_colors_info=&#8221;{}&#8221;][et_pb_blurb title=&#8221;Our Vision&#8221; use_icon=&#8221;on&#8221; font_icon=&#8221;&#x3d;||divi||400&#8243; icon_color=&#8221;#FFFFFF&#8221; icon_placement=&#8221;left&#8221; _builder_version=&#8221;4.17.0&#8243; _module_preset=&#8221;default&#8221; background_layout=&#8221;dark&#8221; locked=&#8221;off&#8221; global_colors_info=&#8221;{}&#8221;]<\/p>\n<p>Being a leading provider of human resources Suitable for all Salvadoran entrepreneurship level.<\/p>\n<p>[\/et_pb_blurb][\/et_pb_column][\/et_pb_row][\/et_pb_section]<\/p>\n","protected":false},"excerpt":{"rendered":"<p>Outsource in El Salvador, we specialize in recruitment, selection, recruitment, screening personnel and human resources in El Salvador<\/p>\n","protected":false},"author":1,"featured_media":0,"parent":0,"menu_order":0,"comment_status":"closed","ping_status":"closed","template":"","meta":{"_et_pb_use_builder":"on","_et_pb_old_content":"","_et_gb_content_width":"","footnotes":""},"class_list":["post-240","page","type-page","status-publish","hentry"],"yoast_head":"<!-- This site is optimized with the Yoast SEO plugin v27.4 - https:\/\/yoast.com\/product\/yoast-seo-wordpress\/ -->\n<title>Outsource in El Salvador, recruitment and selection of personnel<\/title>\n<meta name=\"description\" content=\"Outsource in El Salvador, we specialize in recruitment, selection, recruitment, screening personnel and human resources in El Salvador\" \/>\n<meta name=\"robots\" content=\"index, follow, max-snippet:-1, max-image-preview:large, max-video-preview:-1\" \/>\n<link rel=\"canonical\" href=\"https:\/\/grupohyr.com\/en\/\" \/>\n<meta property=\"og:locale\" content=\"en_US\" \/>\n<meta property=\"og:type\" content=\"article\" \/>\n<meta property=\"og:title\" content=\"Outsource in El Salvador, recruitment and selection of personnel\" \/>\n<meta property=\"og:description\" content=\"Outsource in El Salvador, we specialize in recruitment, selection, recruitment, screening personnel and human resources in El Salvador\" \/>\n<meta property=\"og:url\" content=\"https:\/\/grupohyr.com\/en\/\" \/>\n<meta property=\"og:site_name\" content=\"Outsourcing en El Salvador, reclutamiento y selecci\u00f3n de personal\" \/>\n<meta property=\"article:modified_time\" content=\"2025-07-01T21:55:42+00:00\" \/>\n<meta name=\"twitter:card\" content=\"summary_large_image\" \/>\n<meta name=\"twitter:label1\" content=\"Est. reading time\" \/>\n\t<meta name=\"twitter:data1\" content=\"2 minutes\" \/>\n<script type=\"application\/ld+json\" class=\"yoast-schema-graph\">{\"@context\":\"https:\\\/\\\/schema.org\",\"@graph\":[{\"@type\":\"WebPage\",\"@id\":\"https:\\\/\\\/grupohyr.com\\\/en\\\/\",\"url\":\"https:\\\/\\\/grupohyr.com\\\/en\\\/\",\"name\":\"Outsource in El Salvador, recruitment and selection of personnel\",\"isPartOf\":{\"@id\":\"https:\\\/\\\/grupohyr.com\\\/en\\\/#website\"},\"datePublished\":\"2022-04-15T00:21:48+00:00\",\"dateModified\":\"2025-07-01T21:55:42+00:00\",\"description\":\"Outsource in El Salvador, we specialize in recruitment, selection, recruitment, screening personnel and human resources in El Salvador\",\"breadcrumb\":{\"@id\":\"https:\\\/\\\/grupohyr.com\\\/en\\\/#breadcrumb\"},\"inLanguage\":\"en-US\",\"potentialAction\":[{\"@type\":\"ReadAction\",\"target\":[\"https:\\\/\\\/grupohyr.com\\\/en\\\/\"]}]},{\"@type\":\"BreadcrumbList\",\"@id\":\"https:\\\/\\\/grupohyr.com\\\/en\\\/#breadcrumb\",\"itemListElement\":[{\"@type\":\"ListItem\",\"position\":1,\"name\":\"Portada\",\"item\":\"https:\\\/\\\/grupohyr.com\\\/en\\\/\"},{\"@type\":\"ListItem\",\"position\":2,\"name\":\"Home\"}]},{\"@type\":\"WebSite\",\"@id\":\"https:\\\/\\\/grupohyr.com\\\/en\\\/#website\",\"url\":\"https:\\\/\\\/grupohyr.com\\\/en\\\/\",\"name\":\"Outsourcing en El Salvador, reclutamiento y selecci\u00f3n de personal\",\"description\":\"Outsourcing en El Salvador, somos especialistas en b\u00fasqueda, selecci\u00f3n, reclutamiento,  preselecci\u00f3n de personal y recursos humanos en El Salvador\",\"potentialAction\":[{\"@type\":\"SearchAction\",\"target\":{\"@type\":\"EntryPoint\",\"urlTemplate\":\"https:\\\/\\\/grupohyr.com\\\/en\\\/?s={search_term_string}\"},\"query-input\":{\"@type\":\"PropertyValueSpecification\",\"valueRequired\":true,\"valueName\":\"search_term_string\"}}],\"inLanguage\":\"en-US\"}]}<\/script>\n<!-- \/ Yoast SEO plugin. -->","yoast_head_json":{"title":"Outsource in El Salvador, recruitment and selection of personnel","description":"Outsource in El Salvador, we specialize in recruitment, selection, recruitment, screening personnel and human resources in El Salvador","robots":{"index":"index","follow":"follow","max-snippet":"max-snippet:-1","max-image-preview":"max-image-preview:large","max-video-preview":"max-video-preview:-1"},"canonical":"https:\/\/grupohyr.com\/en\/","og_locale":"en_US","og_type":"article","og_title":"Outsource in El Salvador, recruitment and selection of personnel","og_description":"Outsource in El Salvador, we specialize in recruitment, selection, recruitment, screening personnel and human resources in El Salvador","og_url":"https:\/\/grupohyr.com\/en\/","og_site_name":"Outsourcing en El Salvador, reclutamiento y selecci\u00f3n de personal","article_modified_time":"2025-07-01T21:55:42+00:00","twitter_card":"summary_large_image","twitter_misc":{"Est. reading time":"2 minutes"},"schema":{"@context":"https:\/\/schema.org","@graph":[{"@type":"WebPage","@id":"https:\/\/grupohyr.com\/en\/","url":"https:\/\/grupohyr.com\/en\/","name":"Outsource in El Salvador, recruitment and selection of personnel","isPartOf":{"@id":"https:\/\/grupohyr.com\/en\/#website"},"datePublished":"2022-04-15T00:21:48+00:00","dateModified":"2025-07-01T21:55:42+00:00","description":"Outsource in El Salvador, we specialize in recruitment, selection, recruitment, screening personnel and human resources in El Salvador","breadcrumb":{"@id":"https:\/\/grupohyr.com\/en\/#breadcrumb"},"inLanguage":"en-US","potentialAction":[{"@type":"ReadAction","target":["https:\/\/grupohyr.com\/en\/"]}]},{"@type":"BreadcrumbList","@id":"https:\/\/grupohyr.com\/en\/#breadcrumb","itemListElement":[{"@type":"ListItem","position":1,"name":"Portada","item":"https:\/\/grupohyr.com\/en\/"},{"@type":"ListItem","position":2,"name":"Home"}]},{"@type":"WebSite","@id":"https:\/\/grupohyr.com\/en\/#website","url":"https:\/\/grupohyr.com\/en\/","name":"Outsourcing en El Salvador, reclutamiento y selecci\u00f3n de personal","description":"Outsourcing en El Salvador, somos especialistas en b\u00fasqueda, selecci\u00f3n, reclutamiento,  preselecci\u00f3n de personal y recursos humanos en El Salvador","potentialAction":[{"@type":"SearchAction","target":{"@type":"EntryPoint","urlTemplate":"https:\/\/grupohyr.com\/en\/?s={search_term_string}"},"query-input":{"@type":"PropertyValueSpecification","valueRequired":true,"valueName":"search_term_string"}}],"inLanguage":"en-US"}]}},"_links":{"self":[{"href":"https:\/\/grupohyr.com\/en\/wp-json\/wp\/v2\/pages\/240","targetHints":{"allow":["GET"]}}],"collection":[{"href":"https:\/\/grupohyr.com\/en\/wp-json\/wp\/v2\/pages"}],"about":[{"href":"https:\/\/grupohyr.com\/en\/wp-json\/wp\/v2\/types\/page"}],"author":[{"embeddable":true,"href":"https:\/\/grupohyr.com\/en\/wp-json\/wp\/v2\/users\/1"}],"replies":[{"embeddable":true,"href":"https:\/\/grupohyr.com\/en\/wp-json\/wp\/v2\/comments?post=240"}],"version-history":[{"count":5,"href":"https:\/\/grupohyr.com\/en\/wp-json\/wp\/v2\/pages\/240\/revisions"}],"predecessor-version":[{"id":493,"href":"https:\/\/grupohyr.com\/en\/wp-json\/wp\/v2\/pages\/240\/revisions\/493"}],"wp:attachment":[{"href":"https:\/\/grupohyr.com\/en\/wp-json\/wp\/v2\/media?parent=240"}],"curies":[{"name":"wp","href":"https:\/\/api.w.org\/{rel}","templated":true}]}}